{"id":6763,"date":"2019-12-05T10:21:18","date_gmt":"2019-12-05T14:21:18","guid":{"rendered":"https:\/\/www.acls-aatc.ca\/?post_type=product&#038;p=6763"},"modified":"2019-12-05T10:22:34","modified_gmt":"2019-12-05T14:22:34","slug":"zone-extracotiere-canadienne-2","status":"publish","type":"product","link":"https:\/\/staging.acls-aatc.ca\/fr\/produit\/zone-extracotiere-canadienne-2\/","title":{"rendered":"Z\u00f4ne extrac\u00f4ti\u00e8re canadienne"},"content":{"rendered":"<p>Z\u00f4ne extrac\u00f4ti\u00e8re canadienne<\/p>\n","protected":false},"excerpt":{"rendered":"<p class=\"title\">Livre de z\u00f4ne extrac\u00f4ti\u00e8re canadienne<\/p>\n","protected":false},"featured_media":735,"template":"","meta":[],"product_cat":[69],"product_tag":[],"_links":{"self":[{"href":"https:\/\/staging.acls-aatc.ca\/fr\/wp-json\/wp\/v2\/product\/6763"}],"collection":[{"href":"https:\/\/staging.acls-aatc.ca\/fr\/wp-json\/wp\/v2\/product"}],"about":[{"href":"https:\/\/staging.acls-aatc.ca\/fr\/wp-json\/wp\/v2\/types\/product"}],"wp:featuredmedia":[{"embeddable":true,"href":"https:\/\/staging.acls-aatc.ca\/fr\/wp-json\/wp\/v2\/media\/735"}],"wp:attachment":[{"href":"https:\/\/staging.acls-aatc.ca\/fr\/wp-json\/wp\/v2\/media?parent=6763"}],"wp:term":[{"taxonomy":"product_cat","embeddable":true,"href":"https:\/\/staging.acls-aatc.ca\/fr\/wp-json\/wp\/v2\/product_cat?post=6763"},{"taxonomy":"product_tag","embeddable":true,"href":"https:\/\/staging.acls-aatc.ca\/fr\/wp-json\/wp\/v2\/product_tag?post=6763"}],"curies":[{"name":"wp","href":"https:\/\/api.w.org\/{rel}","templated":true}]}}