{"id":1689,"date":"2017-06-20T14:18:55","date_gmt":"2017-06-20T18:18:55","guid":{"rendered":"https:\/\/www.acls-aatc.ca\/product\/paiement-de-facture-ou-de-cotisation\/"},"modified":"2019-07-18T13:13:16","modified_gmt":"2019-07-18T17:13:16","slug":"paiement-de-facture-ou-de-cotisation","status":"publish","type":"product","link":"https:\/\/staging.acls-aatc.ca\/fr\/produit\/paiement-de-facture-ou-de-cotisation\/","title":{"rendered":"Paiement"},"content":{"rendered":"<p>Si vous payez une facture de l\u2019AATC, veuillez indiquer le num\u00e9ro de la facture. Si vous payez des frais (adh\u00e9sion, permis, affidavit, etc.), veuillez indiquer ce que vous payez au lieu d&#8217;un num\u00e9ro de facture. Ex. &#8220;Adh\u00e9sion&#8221;, &#8220;Adh\u00e9sion et permis&#8221;. Ajouter le montant sous &#8220;Montant&#8221;.<\/p>\n","protected":false},"excerpt":{"rendered":"<p>Si vous payez une facture de l\u2019AATC, veuillez indiquer le num\u00e9ro de la facture. Si vous payez des frais (adh\u00e9sion, permis, affidavit, etc.), veuillez indiquer ce que vous payez au lieu d&#8217;un num\u00e9ro de facture. Ex. &#8220;Adh\u00e9sion&#8221;, &#8220;Adh\u00e9sion et permis&#8221;. Ajouter le montant sous &#8220;Montant&#8221;.<\/p>\n","protected":false},"featured_media":0,"template":"","meta":[],"product_cat":[66],"product_tag":[],"_links":{"self":[{"href":"https:\/\/staging.acls-aatc.ca\/fr\/wp-json\/wp\/v2\/product\/1689"}],"collection":[{"href":"https:\/\/staging.acls-aatc.ca\/fr\/wp-json\/wp\/v2\/product"}],"about":[{"href":"https:\/\/staging.acls-aatc.ca\/fr\/wp-json\/wp\/v2\/types\/product"}],"wp:attachment":[{"href":"https:\/\/staging.acls-aatc.ca\/fr\/wp-json\/wp\/v2\/media?parent=1689"}],"wp:term":[{"taxonomy":"product_cat","embeddable":true,"href":"https:\/\/staging.acls-aatc.ca\/fr\/wp-json\/wp\/v2\/product_cat?post=1689"},{"taxonomy":"product_tag","embeddable":true,"href":"https:\/\/staging.acls-aatc.ca\/fr\/wp-json\/wp\/v2\/product_tag?post=1689"}],"curies":[{"name":"wp","href":"https:\/\/api.w.org\/{rel}","templated":true}]}}