{"id":1470,"date":"2017-06-13T14:59:37","date_gmt":"2017-06-13T14:59:37","guid":{"rendered":"http:\/\/acls-aatc.tui.ninja\/?post_type=product&#038;p=1470\/"},"modified":"2021-07-16T14:09:51","modified_gmt":"2021-07-16T14:09:51","slug":"politique-federale-de-reglement-des-revendications-autochtones","status":"publish","type":"product","link":"https:\/\/staging.acls-aatc.ca\/fr\/produit\/politique-federale-de-reglement-des-revendications-autochtones\/","title":{"rendered":"Politique f\u00e9d\u00e9rale de r\u00e8glement des revendications autochtones"},"content":{"rendered":"","protected":false},"excerpt":{"rendered":"","protected":false},"featured_media":0,"template":"","meta":[],"product_cat":[69],"product_tag":[],"_links":{"self":[{"href":"https:\/\/staging.acls-aatc.ca\/fr\/wp-json\/wp\/v2\/product\/1470"}],"collection":[{"href":"https:\/\/staging.acls-aatc.ca\/fr\/wp-json\/wp\/v2\/product"}],"about":[{"href":"https:\/\/staging.acls-aatc.ca\/fr\/wp-json\/wp\/v2\/types\/product"}],"wp:attachment":[{"href":"https:\/\/staging.acls-aatc.ca\/fr\/wp-json\/wp\/v2\/media?parent=1470"}],"wp:term":[{"taxonomy":"product_cat","embeddable":true,"href":"https:\/\/staging.acls-aatc.ca\/fr\/wp-json\/wp\/v2\/product_cat?post=1470"},{"taxonomy":"product_tag","embeddable":true,"href":"https:\/\/staging.acls-aatc.ca\/fr\/wp-json\/wp\/v2\/product_tag?post=1470"}],"curies":[{"name":"wp","href":"https:\/\/api.w.org\/{rel}","templated":true}]}}