{"id":1466,"date":"2017-06-13T14:55:21","date_gmt":"2017-06-13T14:55:21","guid":{"rendered":"http:\/\/acls-aatc.tui.ninja\/?post_type=product&#038;p=1466\/"},"modified":"2021-07-16T14:09:51","modified_gmt":"2021-07-16T14:09:51","slug":"zone-extracotiere-canadienne","status":"publish","type":"product","link":"https:\/\/staging.acls-aatc.ca\/fr\/produit\/zone-extracotiere-canadienne\/","title":{"rendered":"Z\u00f4ne extrac\u00f4ti\u00e8re canadienne (numerique)"},"content":{"rendered":"<p>Ou copie numerique<\/p>\n","protected":false},"excerpt":{"rendered":"<p class=\"title\">Livre de z\u00f4ne extrac\u00f4ti\u00e8re canadienne<\/p>\n","protected":false},"featured_media":735,"template":"","meta":[],"product_cat":[69],"product_tag":[],"_links":{"self":[{"href":"https:\/\/staging.acls-aatc.ca\/fr\/wp-json\/wp\/v2\/product\/1466"}],"collection":[{"href":"https:\/\/staging.acls-aatc.ca\/fr\/wp-json\/wp\/v2\/product"}],"about":[{"href":"https:\/\/staging.acls-aatc.ca\/fr\/wp-json\/wp\/v2\/types\/product"}],"wp:featuredmedia":[{"embeddable":true,"href":"https:\/\/staging.acls-aatc.ca\/fr\/wp-json\/wp\/v2\/media\/735"}],"wp:attachment":[{"href":"https:\/\/staging.acls-aatc.ca\/fr\/wp-json\/wp\/v2\/media?parent=1466"}],"wp:term":[{"taxonomy":"product_cat","embeddable":true,"href":"https:\/\/staging.acls-aatc.ca\/fr\/wp-json\/wp\/v2\/product_cat?post=1466"},{"taxonomy":"product_tag","embeddable":true,"href":"https:\/\/staging.acls-aatc.ca\/fr\/wp-json\/wp\/v2\/product_tag?post=1466"}],"curies":[{"name":"wp","href":"https:\/\/api.w.org\/{rel}","templated":true}]}}