{"id":9804,"date":"2021-04-05T19:09:42","date_gmt":"2021-04-05T19:09:42","guid":{"rendered":"https:\/\/www.acls-aatc.ca\/?page_id=9804"},"modified":"2021-04-19T15:08:15","modified_gmt":"2021-04-19T15:08:15","slug":"service-de-lexamen-de-la-pratique","status":"publish","type":"page","link":"https:\/\/staging.acls-aatc.ca\/fr\/membres-acceuil-2\/service-de-lexamen-de-la-pratique\/","title":{"rendered":"Service de l\u2019examen de la pratique"},"content":{"rendered":"<p>Cliquez sur le lien PDF ci-dessous pour t\u00e9l\u00e9charger une copie du manuel des proc\u00e9dures d\u2019examen des pratiques de l\u2019AATC<\/p>\n<h4 style=\"text-align: left;\"><strong>D\u00e9partement d&#8217;examen des pratiques: <span style=\"text-decoration: underline; color: #0000ff;\"><a style=\"color: #0000ff; text-decoration: underline;\" href=\"mailto:practicereview@acls-aatc.ca\">practicereview@acls-aatc.ca<\/a><\/span><\/strong><\/h4>\n<h4><span style=\"text-decoration: underline;\"><span style=\"color: #800000;\"><strong><br \/>\n<a style=\"color: #800000; text-decoration: underline;\" href=\"https:\/\/staging.acls-aatc.ca\/fr\/membres-acceuil-2\/service-de-lexamen-de-la-pratique\/manuel-de-procedures-administratives-2021-2\/\">Manuel de proc\u00e9dures administratives 2021<\/a><\/strong><\/span><\/span><\/h4>\n","protected":false},"excerpt":{"rendered":"<p>Cliquez sur le lien PDF ci-dessous pour t\u00e9l\u00e9charger une copie du manuel des proc\u00e9dures d\u2019examen des pratiques de l\u2019AATC D\u00e9partement d&#8217;examen des pratiques: practicereview@acls-aatc.ca Manuel de proc\u00e9dures administratives 2021<\/p>\n","protected":false},"author":3,"featured_media":0,"parent":905,"menu_order":0,"comment_status":"closed","ping_status":"closed","template":"","meta":{"footnotes":""},"_links":{"self":[{"href":"https:\/\/staging.acls-aatc.ca\/fr\/wp-json\/wp\/v2\/pages\/9804"}],"collection":[{"href":"https:\/\/staging.acls-aatc.ca\/fr\/wp-json\/wp\/v2\/pages"}],"about":[{"href":"https:\/\/staging.acls-aatc.ca\/fr\/wp-json\/wp\/v2\/types\/page"}],"author":[{"embeddable":true,"href":"https:\/\/staging.acls-aatc.ca\/fr\/wp-json\/wp\/v2\/users\/3"}],"replies":[{"embeddable":true,"href":"https:\/\/staging.acls-aatc.ca\/fr\/wp-json\/wp\/v2\/comments?post=9804"}],"version-history":[{"count":4,"href":"https:\/\/staging.acls-aatc.ca\/fr\/wp-json\/wp\/v2\/pages\/9804\/revisions"}],"predecessor-version":[{"id":9877,"href":"https:\/\/staging.acls-aatc.ca\/fr\/wp-json\/wp\/v2\/pages\/9804\/revisions\/9877"}],"up":[{"embeddable":true,"href":"https:\/\/staging.acls-aatc.ca\/fr\/wp-json\/wp\/v2\/pages\/905"}],"wp:attachment":[{"href":"https:\/\/staging.acls-aatc.ca\/fr\/wp-json\/wp\/v2\/media?parent=9804"}],"curies":[{"name":"wp","href":"https:\/\/api.w.org\/{rel}","templated":true}]}}