{"id":9604,"date":"2021-03-17T15:55:31","date_gmt":"2021-03-17T15:55:31","guid":{"rendered":"https:\/\/www.acls-aatc.ca\/?page_id=9604"},"modified":"2022-04-12T18:19:32","modified_gmt":"2022-04-12T18:19:32","slug":"meilleures-pratiques","status":"publish","type":"page","link":"https:\/\/staging.acls-aatc.ca\/fr\/membres-acceuil-2\/meilleures-pratiques\/","title":{"rendered":"Meilleures Pratiques"},"content":{"rendered":"<p><strong>CONDITIONS D&#8217;UTILISATION<\/strong><\/p>\n<h6>L&#8217;utilisateur est inform\u00e9 que des r\u00e9visions peuvent \u00eatre apport\u00e9es aux pages de temps \u00e0 autre en raison de la n\u00e9cessit\u00e9 et \/ ou de l&#8217;ajout ou de l&#8217;am\u00e9lioration du contenu. Les dates des r\u00e9visions de chaque page seront incluses avec le lien. Des suggestions, des commentaires, des corrections, des pr\u00e9occupations relatives \u00e0 la l\u00e9gislation sur la protection de la vie priv\u00e9e ou le signalement de liens rompus ou incorrects peuvent \u00eatre effectu\u00e9s via le contact \u00e9lectronique suivant;<\/h6>\n<h6 style=\"text-align: left;\"><span style=\"text-decoration: underline; color: #800000;\"><a style=\"color: #800000; text-decoration: underline;\" href=\"mailto:practicereview@acls-aatc.ca\"><strong>practicereview@acls-aatc.ca<\/strong><\/a><\/span><\/h6>\n<h6>L&#8217;Association des arpenteurs des terres du Canada (AATC) invite ses membres \u00e0 utiliser ces documents \u00e0 leurs propres fins, sous r\u00e9serve, mais sans s&#8217;y limiter, des modalit\u00e9s et conditions suivantes;<\/h6>\n<ol>\n<li>\n<h6>Ces meilleures pratiques ne remplacent pas les Normes nationales pour l&#8217;arpentage des terres du Canada, les r\u00e8glements d\u2019ATC ou la Loi concernant les ATCs. Il s&#8217;agit des meilleures pratiques sugg\u00e9r\u00e9es et le jugement professionnel doit \u00eatre utilis\u00e9 dans tous les projets. Chaque projet est diff\u00e9rent et votre projet peut avoir des circonstances particuli\u00e8res qui n\u00e9cessitent des soins et une consid\u00e9ration professionnels suppl\u00e9mentaires ou moins importants que ceux d\u00e9crits dans ces meilleures pratiques.<\/h6>\n<\/li>\n<li>\n<h6>Les informations contenues dans ce manuel de pratique sont fournies \u00e0 titre de r\u00e9f\u00e9rence g\u00e9n\u00e9rale uniquement sur une base \u00aben l&#8217;\u00e9tat\u00bb et ne doivent pas \u00eatre invoqu\u00e9es sans v\u00e9rification et \/ ou confirmation. L&#8217;AATC et \/ ou les auteurs de ce document ne sauraient \u00eatre tenus responsables des dommages, quelle qu&#8217;en soit la cause, r\u00e9sultant de l&#8217;utilisation de ce manuel. Aucune information contenue dans ce manuel ne peut remplacer une opinion juridique appropri\u00e9e.<\/h6>\n<\/li>\n<\/ol>\n<p><span style=\"text-decoration: underline;\"><a href=\"https:\/\/staging.acls-aatc.ca\/fr\/membres-acceuil-2\/meilleures-pratiques\/communications-daffaire\/\" rel=\"attachment wp-att-9609\"><span style=\"color: #800000; text-decoration: underline;\"><strong>Communication d&#8217;affaire &#8211; Devis \/ contrats \/ lettres de confirmation<\/strong><\/span><\/a><\/span><\/p>\n<p><span style=\"text-decoration: underline;\"><span style=\"color: #800000; text-decoration: underline;\"><strong><a style=\"color: #800000; text-decoration: underline;\" href=\"https:\/\/staging.acls-aatc.ca\/fr\/membres-acceuil-2\/meilleures-pratiques\/communication-dentreprise-exemple-de-clause-de-non-responsabilite-cad\/\" rel=\"attachment wp-att-9605\">Communication d&#8217;affaire &#8211; Exemple de clause de non-responsabilit\u00e9 CAD<\/a><\/strong><\/span><\/span><\/p>\n<p><span style=\"text-decoration: underline;\"><span style=\"color: #800000; text-decoration: underline;\"><strong><a style=\"color: #800000; text-decoration: underline;\" href=\"https:\/\/staging.acls-aatc.ca\/fr\/membres-acceuil-2\/meilleures-pratiques\/communication-dentreprise-exemple-de-formulaire-de-modification-de-commande_\/\" rel=\"attachment wp-att-9607\">Communication d&#8217;affaire &#8211; Exemple de formulaire de modification de commande<\/a><\/strong><\/span><\/span><\/p>\n<p><span style=\"text-decoration: underline;\"><strong><span style=\"color: #800000; text-decoration: underline;\"><a style=\"color: #800000; text-decoration: underline;\" href=\"https:\/\/staging.acls-aatc.ca\/fr\/membres-acceuil-2\/meilleures-pratiques\/pratiques-exemplaires-pour-la-recherche-de-titres-2\/\" rel=\"attachment wp-att-10022\">Pratiques exemplaires pour la recherche de titres &#8211; BROUILLON<\/a><\/span><\/strong><\/span><\/p>\n<p><span style=\"text-decoration: underline;\"><span style=\"color: #800000; text-decoration: underline;\"><strong><a style=\"color: #800000; text-decoration: underline;\" href=\"https:\/\/staging.acls-aatc.ca\/fr\/membres-acceuil-2\/meilleures-pratiques\/rapport-de-propriete-immobiliere\/\" rel=\"attachment wp-att-9613\">Rapport de propri\u00e9t\u00e9 immobili\u00e8re (certificat de localisation)<\/a><\/strong><\/span><\/span><\/p>\n<p><span style=\"text-decoration: underline;\"><span style=\"color: #800000; text-decoration: underline;\"><strong><a style=\"color: #800000; text-decoration: underline;\" href=\"https:\/\/staging.acls-aatc.ca\/fr\/membres-acceuil-2\/meilleures-pratiques\/arpentages-gnss\/\" rel=\"attachment wp-att-9615\">Cin\u00e9matique en temps r\u00e9el <\/a><\/strong><\/span><\/span><\/p>\n<p><span style=\"text-decoration: underline;\"><span style=\"color: #800000; text-decoration: underline;\"><strong><a style=\"color: #800000; text-decoration: underline;\" href=\"https:\/\/staging.acls-aatc.ca\/fr\/membres-acceuil-2\/meilleures-pratiques\/arpentages-topographiques\/\" rel=\"attachment wp-att-9617\">Arpentages topographiques<\/a><\/strong><\/span><\/span><\/p>\n<p><span style=\"text-decoration: underline;\"><span style=\"color: #800000; text-decoration: underline;\"><strong><a style=\"color: #800000; text-decoration: underline;\" href=\"https:\/\/staging.acls-aatc.ca\/fr\/membres-acceuil-2\/meilleures-pratiques\/consultation-et-approbations-des-premieres-nations-2\/\" rel=\"attachment wp-att-10019\">Consultation et approbations des Premi\u00e8res nations &#8211; BROUILLON\u00a0<\/a><\/strong><\/span><\/span><\/p>\n<p><span style=\"text-decoration: underline;\"><span style=\"color: #800000; text-decoration: underline;\"><strong><a style=\"color: #800000; text-decoration: underline;\" href=\"https:\/\/staging.acls-aatc.ca\/fr\/membres-acceuil-2\/meilleures-pratiques\/etalonnage-de-lequipement\/\" rel=\"attachment wp-att-9621\">\u00c9talonnage de l&#8217;\u00e9quipement<\/a><\/strong><\/span><\/span><\/p>\n<p><span style=\"text-decoration: underline;\"><span style=\"color: #800000; text-decoration: underline;\"><strong><a style=\"color: #800000; text-decoration: underline;\" href=\"https:\/\/staging.acls-aatc.ca\/fr\/membres-acceuil-2\/meilleures-pratiques\/hydrographie-et-leves-extracotiers-_\/\" rel=\"attachment wp-att-9623\">Hydrographie et lev\u00e9s extrac\u00f4tiers<\/a><\/strong><\/span><\/span><\/p>\n<p><span style=\"text-decoration: underline;\"><span style=\"color: #800000; text-decoration: underline;\"><strong><a style=\"color: #800000; text-decoration: underline;\" href=\"https:\/\/www.acls-aatc.ca\/wp-content\/uploads\/2022\/04\/Leves-de-construction-FR.pdf\">Lev\u00e9s de construction<\/a><\/strong><\/span><\/span><\/p>\n<p><span style=\"text-decoration: underline;\"><span style=\"color: #800000; text-decoration: underline;\"><strong><a style=\"color: #800000; text-decoration: underline;\" href=\"https:\/\/www.acls-aatc.ca\/wp-content\/uploads\/2022\/04\/Pratiques-exemplaires-en-sante-et-securite.pdf\">Pratiques exemplaires en sant\u00e9 et s\u00e9curit\u00e9<\/a><\/strong><\/span><\/span><\/p>\n<p><span style=\"color: #800000;\">Notes de terrain et travail sur le terrain<\/span><\/p>\n<h4><span style=\"text-decoration: underline;\"><strong><span style=\"color: #800000; text-decoration: underline;\"><a style=\"color: #800000; text-decoration: underline;\" href=\"https:\/\/staging.acls-aatc.ca\/fr\/membres-acceuil-2\/meilleures-pratiques\/manuel-de-pratique2015_2020-edition-20-11-02-2\/\" rel=\"attachment wp-att-9651\">Archiv\u00e9 manuel-de-pratique2015_2020-edition-20-11-02<\/a><\/span><\/strong><\/span><\/h4>\n","protected":false},"excerpt":{"rendered":"<p>CONDITIONS D&#8217;UTILISATION L&#8217;utilisateur est inform\u00e9 que des r\u00e9visions peuvent \u00eatre apport\u00e9es aux pages de temps \u00e0 autre en raison de la n\u00e9cessit\u00e9 et \/ ou de l&#8217;ajout ou de l&#8217;am\u00e9lioration du contenu. Les dates des r\u00e9visions de chaque page seront incluses avec le lien. Des suggestions, des commentaires, des corrections, des pr\u00e9occupations relatives \u00e0 la [&hellip;]<\/p>\n","protected":false},"author":3,"featured_media":0,"parent":905,"menu_order":0,"comment_status":"closed","ping_status":"closed","template":"","meta":{"footnotes":""},"_links":{"self":[{"href":"https:\/\/staging.acls-aatc.ca\/fr\/wp-json\/wp\/v2\/pages\/9604"}],"collection":[{"href":"https:\/\/staging.acls-aatc.ca\/fr\/wp-json\/wp\/v2\/pages"}],"about":[{"href":"https:\/\/staging.acls-aatc.ca\/fr\/wp-json\/wp\/v2\/types\/page"}],"author":[{"embeddable":true,"href":"https:\/\/staging.acls-aatc.ca\/fr\/wp-json\/wp\/v2\/users\/3"}],"replies":[{"embeddable":true,"href":"https:\/\/staging.acls-aatc.ca\/fr\/wp-json\/wp\/v2\/comments?post=9604"}],"version-history":[{"count":16,"href":"https:\/\/staging.acls-aatc.ca\/fr\/wp-json\/wp\/v2\/pages\/9604\/revisions"}],"predecessor-version":[{"id":15067,"href":"https:\/\/staging.acls-aatc.ca\/fr\/wp-json\/wp\/v2\/pages\/9604\/revisions\/15067"}],"up":[{"embeddable":true,"href":"https:\/\/staging.acls-aatc.ca\/fr\/wp-json\/wp\/v2\/pages\/905"}],"wp:attachment":[{"href":"https:\/\/staging.acls-aatc.ca\/fr\/wp-json\/wp\/v2\/media?parent=9604"}],"curies":[{"name":"wp","href":"https:\/\/api.w.org\/{rel}","templated":true}]}}