{"id":9557,"date":"2021-03-15T13:56:05","date_gmt":"2021-03-15T13:56:05","guid":{"rendered":"https:\/\/www.acls-aatc.ca\/?page_id=9557"},"modified":"2021-09-29T17:54:06","modified_gmt":"2021-09-29T17:54:06","slug":"rapport-du-counseil","status":"publish","type":"page","link":"https:\/\/staging.acls-aatc.ca\/fr\/publique\/rapport-du-counseil\/","title":{"rendered":"Rapport du Counseil"},"content":{"rendered":"<p>Cliquez sur les liens ci-dessous pour consulter un rapport des r\u00e9unions du Conseil du directeur g\u00e9n\u00e9ral \u00e0 partir de janvier 2021.<\/p>\n<p><span style=\"color: #800000;\"><strong><a style=\"color: #800000; text-decoration: underline;\" href=\"https:\/\/staging.acls-aatc.ca\/fr\/publique\/rapport-du-counseil\/rapport_du_conseil_1_janv-9_mars-2\/\" rel=\"attachment wp-att-9558\">Rapport du Conseil 1_janv 2021 &#8211; 9 mars 2021<\/a><\/strong><\/span><\/p>\n<p><span style=\"color: #800000;\"><strong><a style=\"color: #800000; text-decoration: underline;\" href=\"https:\/\/staging.acls-aatc.ca\/fr\/publique\/rapport-du-counseil\/rapport-du-conseil-10-mars-au-21-avril\/\" rel=\"attachment wp-att-9897\">Rapport du Conseil 10 mars 2021 &#8211; 21 avril 2021<\/a><\/strong><\/span><\/p>\n<p><span style=\"text-decoration: underline;\"><span style=\"color: #800000; text-decoration: underline;\"><strong><a style=\"color: #800000; text-decoration: underline;\" href=\"https:\/\/staging.acls-aatc.ca\/fr\/publique\/rapport-du-counseil\/rapport_du_conseil_17_mai_au_7_juin\/\" rel=\"attachment wp-att-11008\">Rapport_du_Conseil_17_mai_au_7_juin<\/a><\/strong><\/span><\/span><\/p>\n<p><span style=\"text-decoration: underline;\"><span style=\"color: #800000; text-decoration: underline;\"><strong><a style=\"color: #800000; text-decoration: underline;\" href=\"https:\/\/staging.acls-aatc.ca\/fr\/publique\/rapport-du-counseil\/rapport_du_conseil_29_juin_au_31_aout\/\" rel=\"attachment wp-att-11006\">Rapport_du_Conseil_29_juin_au_31_aout<\/a> <\/strong><\/span><\/span><\/p>\n","protected":false},"excerpt":{"rendered":"<p>Cliquez sur les liens ci-dessous pour consulter un rapport des r\u00e9unions du Conseil du directeur g\u00e9n\u00e9ral \u00e0 partir de janvier 2021. Rapport du Conseil 1_janv 2021 &#8211; 9 mars 2021 Rapport du Conseil 10 mars 2021 &#8211; 21 avril 2021 Rapport_du_Conseil_17_mai_au_7_juin Rapport_du_Conseil_29_juin_au_31_aout<\/p>\n","protected":false},"author":3,"featured_media":0,"parent":503,"menu_order":0,"comment_status":"closed","ping_status":"closed","template":"","meta":{"footnotes":""},"_links":{"self":[{"href":"https:\/\/staging.acls-aatc.ca\/fr\/wp-json\/wp\/v2\/pages\/9557"}],"collection":[{"href":"https:\/\/staging.acls-aatc.ca\/fr\/wp-json\/wp\/v2\/pages"}],"about":[{"href":"https:\/\/staging.acls-aatc.ca\/fr\/wp-json\/wp\/v2\/types\/page"}],"author":[{"embeddable":true,"href":"https:\/\/staging.acls-aatc.ca\/fr\/wp-json\/wp\/v2\/users\/3"}],"replies":[{"embeddable":true,"href":"https:\/\/staging.acls-aatc.ca\/fr\/wp-json\/wp\/v2\/comments?post=9557"}],"version-history":[{"count":9,"href":"https:\/\/staging.acls-aatc.ca\/fr\/wp-json\/wp\/v2\/pages\/9557\/revisions"}],"predecessor-version":[{"id":11010,"href":"https:\/\/staging.acls-aatc.ca\/fr\/wp-json\/wp\/v2\/pages\/9557\/revisions\/11010"}],"up":[{"embeddable":true,"href":"https:\/\/staging.acls-aatc.ca\/fr\/wp-json\/wp\/v2\/pages\/503"}],"wp:attachment":[{"href":"https:\/\/staging.acls-aatc.ca\/fr\/wp-json\/wp\/v2\/media?parent=9557"}],"curies":[{"name":"wp","href":"https:\/\/api.w.org\/{rel}","templated":true}]}}