{"id":9516,"date":"2021-03-12T01:11:49","date_gmt":"2021-03-12T01:11:49","guid":{"rendered":"https:\/\/www.acls-aatc.ca\/?page_id=9516"},"modified":"2021-03-12T01:11:49","modified_gmt":"2021-03-12T01:11:49","slug":"trousse-de-commandite-de-laga-2021","status":"publish","type":"page","link":"https:\/\/staging.acls-aatc.ca\/fr\/laga-2021\/trousse-de-commandite-de-laga-2021\/","title":{"rendered":"Trousse de commandite de l\u2019AGA 2021"},"content":{"rendered":"<p>L\u2019AATC est fi\u00e8re d\u2019annoncer la 37e Assembl\u00e9e g\u00e9n\u00e9rale annuelle, le 14 avril 2021, avec une participation pr\u00e9vue de 200 personnes. Nos entreprises commanditaires apportent une contribution importante au succ\u00e8s de notre r\u00e9union, donc votre participation en tant que commanditaire est grandement appr\u00e9ci\u00e9e.<\/p>\n<p><strong>Votre organisation aura droit aux avantages de parrainage suivants:<\/strong><\/p>\n<ul>\n<li>Le format virtuel fournira toujours des opportunit\u00e9s pour s\u2019assurer que nos pr\u00e9cieux commanditaires sont visibles pour les membres et les invit\u00e9s de l\u2019AATC<\/li>\n<li>Cette ann\u00e9e, nous offrons un forfait de parrainage pour un prix unique:\u00a0<strong>500 $<\/strong><\/li>\n<li>Bien que nous ne puissions pas nous r\u00e9unir comme nous l\u2019avons fait les ann\u00e9es pr\u00e9c\u00e9dentes, nos exposants et commanditaires r\u00e9guliers b\u00e9n\u00e9ficieront toujours d\u2019une visibilit\u00e9 avant, pendant et apr\u00e8s notre AGA.<\/li>\n<\/ul>\n<p><strong>Tous les commanditaires b\u00e9n\u00e9ficieront des avantages suivants:<\/strong><\/p>\n<p>Logo ou nom de l\u2019individu dans les communications par courriel avant l\u2019AGA.<\/p>\n<p>Logo sur la page d\u2019inscription du site Web avant et apr\u00e8s jusqu\u2019en novembre 2021.<\/p>\n<p>Visibilit\u00e9 du logo lors de l\u2019AGA et sur la page de bienvenu lors de l\u2019ouverture de GoToWebinar.<\/p>\n<p>Reconnaissance verbale \u00e0 L\u2019AGA.<\/p>\n<p><strong><a href=\"https:\/\/staging.acls-aatc.ca\/fr\/laga-2021\/sponsorship-nsc-2021-fr\/\" rel=\"attachment wp-att-9409\">Trousse de commandite de L\u2019AGA 2021<\/a><\/strong><\/p>\n","protected":false},"excerpt":{"rendered":"<p>L\u2019AATC est fi\u00e8re d\u2019annoncer la 37e Assembl\u00e9e g\u00e9n\u00e9rale annuelle, le 14 avril 2021, avec une participation pr\u00e9vue de 200 personnes. Nos entreprises commanditaires apportent une contribution importante au succ\u00e8s de notre r\u00e9union, donc votre participation en tant que commanditaire est grandement appr\u00e9ci\u00e9e. Votre organisation aura droit aux avantages de parrainage suivants: Le format virtuel fournira [&hellip;]<\/p>\n","protected":false},"author":3,"featured_media":0,"parent":4771,"menu_order":0,"comment_status":"closed","ping_status":"closed","template":"","meta":{"footnotes":""},"_links":{"self":[{"href":"https:\/\/staging.acls-aatc.ca\/fr\/wp-json\/wp\/v2\/pages\/9516"}],"collection":[{"href":"https:\/\/staging.acls-aatc.ca\/fr\/wp-json\/wp\/v2\/pages"}],"about":[{"href":"https:\/\/staging.acls-aatc.ca\/fr\/wp-json\/wp\/v2\/types\/page"}],"author":[{"embeddable":true,"href":"https:\/\/staging.acls-aatc.ca\/fr\/wp-json\/wp\/v2\/users\/3"}],"replies":[{"embeddable":true,"href":"https:\/\/staging.acls-aatc.ca\/fr\/wp-json\/wp\/v2\/comments?post=9516"}],"version-history":[{"count":1,"href":"https:\/\/staging.acls-aatc.ca\/fr\/wp-json\/wp\/v2\/pages\/9516\/revisions"}],"predecessor-version":[{"id":9517,"href":"https:\/\/staging.acls-aatc.ca\/fr\/wp-json\/wp\/v2\/pages\/9516\/revisions\/9517"}],"up":[{"embeddable":true,"href":"https:\/\/staging.acls-aatc.ca\/fr\/wp-json\/wp\/v2\/pages\/4771"}],"wp:attachment":[{"href":"https:\/\/staging.acls-aatc.ca\/fr\/wp-json\/wp\/v2\/media?parent=9516"}],"curies":[{"name":"wp","href":"https:\/\/api.w.org\/{rel}","templated":true}]}}