{"id":9311,"date":"2021-02-04T15:45:54","date_gmt":"2021-02-04T15:45:54","guid":{"rendered":"https:\/\/www.acls-aatc.ca\/?page_id=9311"},"modified":"2021-02-04T15:45:54","modified_gmt":"2021-02-04T15:45:54","slug":"nouveau-livre-sur-la-profession-datc","status":"publish","type":"page","link":"https:\/\/staging.acls-aatc.ca\/fr\/quest-ce-quun-arpenteurs-des-terres-du-canada\/nouveau-livre-sur-la-profession-datc\/","title":{"rendered":"Nouveau livre sur la profession d\u2019ATC"},"content":{"rendered":"<p>En novembre 2018, le Conseil de l\u2019Association des arpenteurs des terres du Canada a d\u00e9cid\u00e9 de proc\u00e9der \u00e0 la production de son premier livre sur la profession d\u2019ATC, issu de la plume du renomm\u00e9 Charlie Wilkins.<\/p>\n<p>\u00ab\u2009A Sense of Where You Are\u2009\u00bb sera une histoire, \u00e0 la fois au sens individuel et collectif. Le titre en fran\u00e7ais n\u2019est pas encore d\u00e9termin\u00e9 et nous aimerions recevoir des suggestions. Ce sont soit les histoires que les arpenteurs racontent sur eux-m\u00eames, soit des histoires que Charlie raconte \u00e0 propos de ses observations \u00e0 leur sujet. Le livre, bas\u00e9 sur ses entretiens et voyages avec les arpenteurs, sera construit autour de leurs histoires, et \u00ab\u2009l\u2019histoire\u2009\u00bb du temps que Charlie a pass\u00e9 avec eux, assorties bien s\u00fbr d\u2019un r\u00e9cit historique bien document\u00e9. Le tout accompagn\u00e9 d\u2019images spectaculaires des terres et des eaux o\u00f9 les arpenteurs des terres du Canada font leur travail.<\/p>\n<p>L\u2019objectif global de cette publication est de fournir une exp\u00e9rience captivante et vari\u00e9e \u00e0 ses lecteurs et de fournir une vision nouvelle, atypique et plus globale du r\u00f4le de l\u2019arpenteur-g\u00e9om\u00e8tre au Canada. Une histoire g\u00e9n\u00e9rale sera racont\u00e9e d\u00e9crivant les exp\u00e9riences vari\u00e9es des arpenteurs des terres du Canada \u00e0 travers le Canada avec des anecdotes sur la fa\u00e7on dont la profession a contribu\u00e9 et continue de contribuer au d\u00e9veloppement historique et aux d\u00e9fis contemporains auxquels une nation en \u00e9volution est confront\u00e9e.<\/p>\n<p>Gr\u00e2ce \u00e0 des \u00e9l\u00e9ments ind\u00e9pendants engageants et vari\u00e9s qui sont pertinents pour les int\u00e9r\u00eats de l\u2019Association, chaque lecteur peut s\u2019attendre \u00e0 se plonger dans un livre qui \u00e9veille la curiosit\u00e9 et procure du plaisir du d\u00e9but \u00e0 la fin.<\/p>\n<p>C\u2019est avec beaucoup d\u2019enthousiasme que nous vous donnons l\u2019aper\u00e7u suivant du livre de l\u2019AATC, que nous esp\u00e9rons lancer \u00e0 l\u2019automne\u00a02021.<\/p>\n<p>Nous reconnaissons que le moment choisi peut sembler inopportun pour demander un soutien financier suppl\u00e9mentaire, \u00e9tant donn\u00e9 les impacts \u00e9conomiques de la pand\u00e9mie actuelle, cependant, peut-\u00eatre plus que jamais, nous devons communiquer le r\u00f4le de la profession et sa contribution \u00e0 la soci\u00e9t\u00e9. Nous sommes convaincus que ce livre nous aidera \u00e0 atteindre cet objectif d\u2019une mani\u00e8re encore inexplor\u00e9e. Vos contributions financi\u00e8res sont appr\u00e9ci\u00e9es et seront reconnues dans le livre. Si vous ne l\u2019avez pas d\u00e9j\u00e0 fait, pensez \u00e0 faire partie du projet par le biais d\u2019un don.<\/p>\n<p><a href=\"https:\/\/staging.acls-aatc.ca\/fr\/quest-ce-quun-arpenteurs-des-terres-du-canada\/nouveau-livre-sur-la-profession-datc\/opportunities-de-commandite\/\" rel=\"attachment wp-att-9312\">opportunities de commandite<\/a><\/p>\n<p>Nous avons \u00e9galement besoin de photographies pour le livre. Veuillez nous envoyer des images (de pr\u00e9f\u00e9rence en haute r\u00e9solution) d\u2019ATC sur le terrain, et en particulier de vous lors de vos d\u00e9buts dans la profession. Veuillez les envoyer par courriel \u00e0\u00a0<a href=\"mailto:communications@acls-aatc.ca\">communications@acls-aatc.ca<\/a>\u00a0ou vous pouvez envoyer des copies papier au bureau de l\u2019AATC. Nous les num\u00e9riserons et vous les retournerons<\/p>\n<p>Sur le 3 f\u00e9vrier 2021, l&#8217;AATC a organis\u00e9 une lecture virtuelle de l&#8217;auteur Charlie Wilkins (en anglais), vous pouvez voir l&#8217;enregistrement ci-dessous.<\/p>\n<div style=\"width: 1920px;\" class=\"wp-video\"><!--[if lt IE 9]><script>document.createElement('video');<\/script><![endif]-->\n<video class=\"wp-video-shortcode\" id=\"video-9311-1\" width=\"1920\" height=\"1080\" preload=\"metadata\" controls=\"controls\"><source type=\"video\/mp4\" src=\"https:\/\/www.acls-aatc.ca\/wp-content\/uploads\/2021\/02\/A-SENSE-OF-WHERE-YOU-ARE_-A-READING-BY-ACCLAIMED-AUTHOR-CHARLIE-WILKINS.mp4?_=1\" \/><a href=\"https:\/\/www.acls-aatc.ca\/wp-content\/uploads\/2021\/02\/A-SENSE-OF-WHERE-YOU-ARE_-A-READING-BY-ACCLAIMED-AUTHOR-CHARLIE-WILKINS.mp4\">https:\/\/www.acls-aatc.ca\/wp-content\/uploads\/2021\/02\/A-SENSE-OF-WHERE-YOU-ARE_-A-READING-BY-ACCLAIMED-AUTHOR-CHARLIE-WILKINS.mp4<\/a><\/video><\/div>\n","protected":false},"excerpt":{"rendered":"<p>En novembre 2018, le Conseil de l\u2019Association des arpenteurs des terres du Canada a d\u00e9cid\u00e9 de proc\u00e9der \u00e0 la production de son premier livre sur la profession d\u2019ATC, issu de la plume du renomm\u00e9 Charlie Wilkins. \u00ab\u2009A Sense of Where You Are\u2009\u00bb sera une histoire, \u00e0 la fois au sens individuel et collectif. Le titre [&hellip;]<\/p>\n","protected":false},"author":3,"featured_media":0,"parent":516,"menu_order":0,"comment_status":"closed","ping_status":"closed","template":"","meta":{"footnotes":""},"_links":{"self":[{"href":"https:\/\/staging.acls-aatc.ca\/fr\/wp-json\/wp\/v2\/pages\/9311"}],"collection":[{"href":"https:\/\/staging.acls-aatc.ca\/fr\/wp-json\/wp\/v2\/pages"}],"about":[{"href":"https:\/\/staging.acls-aatc.ca\/fr\/wp-json\/wp\/v2\/types\/page"}],"author":[{"embeddable":true,"href":"https:\/\/staging.acls-aatc.ca\/fr\/wp-json\/wp\/v2\/users\/3"}],"replies":[{"embeddable":true,"href":"https:\/\/staging.acls-aatc.ca\/fr\/wp-json\/wp\/v2\/comments?post=9311"}],"version-history":[{"count":2,"href":"https:\/\/staging.acls-aatc.ca\/fr\/wp-json\/wp\/v2\/pages\/9311\/revisions"}],"predecessor-version":[{"id":9315,"href":"https:\/\/staging.acls-aatc.ca\/fr\/wp-json\/wp\/v2\/pages\/9311\/revisions\/9315"}],"up":[{"embeddable":true,"href":"https:\/\/staging.acls-aatc.ca\/fr\/wp-json\/wp\/v2\/pages\/516"}],"wp:attachment":[{"href":"https:\/\/staging.acls-aatc.ca\/fr\/wp-json\/wp\/v2\/media?parent=9311"}],"curies":[{"name":"wp","href":"https:\/\/api.w.org\/{rel}","templated":true}]}}