{"id":922,"date":"2017-06-05T15:57:57","date_gmt":"2017-06-05T15:57:57","guid":{"rendered":"http:\/\/acls-aatc.tui.ninja\/?page_id=922\/"},"modified":"2021-03-31T14:38:45","modified_gmt":"2021-03-31T14:38:45","slug":"bourses-detudes","status":"publish","type":"page","link":"https:\/\/staging.acls-aatc.ca\/fr\/etudiants\/bourses-detudes\/","title":{"rendered":"Bourses d&#8217;\u00e9tudes"},"content":{"rendered":"<h2><strong><span style=\"color: #403e3e;\">Bourses d\u2019\u00e9tudes en g\u00e9omatique de l\u2019AATC Inc.<\/span><\/strong><\/h2>\n<p>Notre programme de bourses d\u2019\u00e9tudes, subventionn\u00e9 par la Fondation AATC Inc., compte parmi ses objectifs d\u2019encourager et de fournir des gratifications financi\u00e8res aux membres de collectivit\u00e9s autochtones qui poursuivent des \u00e9tudes en g\u00e9omatique.\u00a0 L\u2019AATC pr\u00e9sente quatre bourses de 2000 $ annuellement. Une bourse est destin\u00e9e \u00e0 un \u00e9tudiant d\u2019origine autochtone qui rencontre les crit\u00e8res d\u2019admissibilit\u00e9. Pour acc\u00e9der au formulaire de demande, cliquez ici (<a href=\"https:\/\/www.acls-aatc.ca\/wp-content\/uploads\/2017\/12\/FOUND150204PDFF.pdf\">PDF<\/a>, <a href=\"https:\/\/staging.acls-aatc.ca\/fr\/word\/found150204f\/\">WORD<\/a>)<\/p>\n<h4><strong>Objectifs:<\/strong><\/h4>\n<p>Encourager et offrir des r\u00e9compenses financi\u00e8res aux \u00e9tudiants qui sont inscrits dans un \u00e9tablissement postsecondaire dans le domaine de la g\u00e9omatique. Au moins une bourse sera attribu\u00e9e \u00e0 un membre d\u2019une communaut\u00e9 autochtone et \u00e0 une femme si les crit\u00e8res d\u2019\u00e9ligibilit\u00e9s sont satisfaits.<\/p>\n<h4><strong>Admissibilit\u00e9:<\/strong><\/h4>\n<p>Les candidats admissibles sont des \u00e9tudiants en r\u00e8gle, inscrits \u00e0 temps plein et poursuivant des \u00e9tudes dans un programme de g\u00e9omatique d&#8217;une universit\u00e9 reconnue, d&#8217;un institut technique ou d&#8217;un coll\u00e8ge communautaire au Canada.<br \/>\nLes candidats doivent \u00eatre citoyen canadien ou immigrant re\u00e7u.<br \/>\nLes candidats doivent d\u00e9montrer une note de passage dans tous les cours.<\/p>\n<p>La fondation AATC Inc. \u00e9value chaque soumission sur la base de la r\u00e9ussite scolaire.<\/p>\n<h4><strong>Demande:<\/strong>\u00a0(liste de contr\u00f4le)<\/h4>\n<p>T\u00e9l\u00e9chargez le formulaire de demande du programme de bourses d\u2019\u00e9tudes en g\u00e9omatique de l\u2019AATC (<a href=\"https:\/\/www.acls-aatc.ca\/wp-content\/uploads\/2017\/12\/FOUND150204PDFF.pdf\">PDF<\/a>,<a href=\"https:\/\/staging.acls-aatc.ca\/fr\/word\/found150204f\/\">WORD<\/a>)<\/p>\n<p>Un formulaire de mise en candidature doit \u00eatre accompagn\u00e9 des documents suivants:<\/p>\n<ul>\n<li>Un relev\u00e9 de notes, portant le sceau officiel de l\u2019institution, de toute \u00e9ducation postsecondaire (cours compl\u00e9t\u00e9s et notes re\u00e7ues). Envoy\u00e9 par courrier ou par messagerie de votre \u00e9tablissement respectif.<\/li>\n<li>Une preuve de citoyennet\u00e9 canadienne ou de statut d\u2019immigrant admis.<\/li>\n<li>Un curriculum vitae, r\u00e9sumant le cheminement acad\u00e9mique, les emplois ant\u00e9rieurs, l\u2019implication du candidat au sein de sa collectivit\u00e9, etc.<\/li>\n<li>Une courte lettre d\u00e9taillant le plan de carri\u00e8re et la raison pourquoi le candidat m\u00e9rite une bourse (pas plus d\u2019une page).<\/li>\n<li>Facultatif : Pour les demandes de bourses cibl\u00e9es pour les \u00e9tudiants Autochtones, preuve de statut Autochtone.<\/li>\n<\/ul>\n<h4><strong>Num\u00e9risez et envoyez des fichiers dans l&#8217;ordre suivant en 2 \u00e9tapes:<\/strong><\/h4>\n<p>Candidature, CV et lettre de motivation dans un fichier num\u00e9ris\u00e9.<\/p>\n<p>* fournir tous les documents dans un fichier PDF avec le nom de famille dans le titre (exemple: Smith_Bourse_Demande)<\/p>\n<p>Preuve de citoyennet\u00e9, statut d&#8217;Autochtone et preuve d&#8217;inscription dans un deuxi\u00e8me fichier num\u00e9ris\u00e9.<\/p>\n<p>* fournir tous les documents dans un fichier PDF avec le nom de famille dans le titre (exemple: Smith_Support_Documents)<\/p>\n<h4><strong>Remarque:<\/strong><\/h4>\n<p>Avant la d\u00e9livrance d\u2019une bourse, le candidat devra fournir une confirmation d\u2019inscription de l\u2019\u00e9tablissement d\u2019enseignement pour l\u2019ann\u00e9e \u00e0 venir.<\/p>\n<h4><strong>Toutes les demandes compl\u00e9t\u00e9es doivent \u00eatre soumises \u00e0:<\/strong><\/h4>\n<p>Fondation de l\u2019Association des arpenteurs des terres du Canada Inc.<br \/>\n900 Chemin Dynes Road, Suite 100E<br \/>\nOttawa ON K2C 3L6<\/p>\n<h4><strong>La date limite d&#8217;inscription est\u00a0le 15 mai\u00a0de chaque ann\u00e9e.<\/strong><\/h4>\n<p>&nbsp;<\/p>\n","protected":false},"excerpt":{"rendered":"<p>Bourses d\u2019\u00e9tudes en g\u00e9omatique de l\u2019AATC Inc. Notre programme de bourses d\u2019\u00e9tudes, subventionn\u00e9 par la Fondation AATC Inc., compte parmi ses objectifs d\u2019encourager et de fournir des gratifications financi\u00e8res aux membres de collectivit\u00e9s autochtones qui poursuivent des \u00e9tudes en g\u00e9omatique.\u00a0 L\u2019AATC pr\u00e9sente quatre bourses de 2000 $ annuellement. Une bourse est destin\u00e9e \u00e0 un \u00e9tudiant [&hellip;]<\/p>\n","protected":false},"author":3,"featured_media":0,"parent":835,"menu_order":6,"comment_status":"closed","ping_status":"closed","template":"","meta":{"footnotes":""},"_links":{"self":[{"href":"https:\/\/staging.acls-aatc.ca\/fr\/wp-json\/wp\/v2\/pages\/922"}],"collection":[{"href":"https:\/\/staging.acls-aatc.ca\/fr\/wp-json\/wp\/v2\/pages"}],"about":[{"href":"https:\/\/staging.acls-aatc.ca\/fr\/wp-json\/wp\/v2\/types\/page"}],"author":[{"embeddable":true,"href":"https:\/\/staging.acls-aatc.ca\/fr\/wp-json\/wp\/v2\/users\/3"}],"replies":[{"embeddable":true,"href":"https:\/\/staging.acls-aatc.ca\/fr\/wp-json\/wp\/v2\/comments?post=922"}],"version-history":[{"count":26,"href":"https:\/\/staging.acls-aatc.ca\/fr\/wp-json\/wp\/v2\/pages\/922\/revisions"}],"predecessor-version":[{"id":9783,"href":"https:\/\/staging.acls-aatc.ca\/fr\/wp-json\/wp\/v2\/pages\/922\/revisions\/9783"}],"up":[{"embeddable":true,"href":"https:\/\/staging.acls-aatc.ca\/fr\/wp-json\/wp\/v2\/pages\/835"}],"wp:attachment":[{"href":"https:\/\/staging.acls-aatc.ca\/fr\/wp-json\/wp\/v2\/media?parent=922"}],"curies":[{"name":"wp","href":"https:\/\/api.w.org\/{rel}","templated":true}]}}