{"id":920,"date":"2017-06-05T15:51:48","date_gmt":"2017-06-05T15:51:48","guid":{"rendered":"http:\/\/acls-aatc.tui.ninja\/?page_id=920\/"},"modified":"2017-07-28T14:17:33","modified_gmt":"2017-07-28T18:17:33","slug":"carrieres","status":"publish","type":"page","link":"https:\/\/staging.acls-aatc.ca\/fr\/etudiants\/carrieres\/","title":{"rendered":"Carri\u00e8res"},"content":{"rendered":"<p>L\u2019arpentage est une carri\u00e8re pour ceux qui veulent combiner leurs comp\u00e9tences techniques et professionnelles dans un milieu de bureau et \u00e0 l\u2019ext\u00e9rieur. Les arpenteurs-g\u00e9om\u00e8tres ont la chance d\u2019utiliser des outils de haute technologie comme les GPS, les ordinateurs, des programmes graphiques et des stations totales robotique dans des projets de la vraie vie.<\/p>\n<p>Pour plus d\u2019information, allez au: <a href=\"http:\/\/www.setyourboundaries.ca\/\">http:\/\/www.setyourboundaries.ca\/<\/a><\/p>\n<p>&nbsp;<\/p>\n<p><iframe loading=\"lazy\" width=\"500\" height=\"281\" src=\"https:\/\/www.youtube.com\/embed\/dZNWIoCwHXk?feature=oembed\" frameborder=\"0\" allowfullscreen><\/iframe><\/p>\n<p>&nbsp;<\/p>\n<p>Les arpenteurs-g\u00e9om\u00e8tres deviennent de plus en plus impliqu\u00e9s dans les syst\u00e8mes d\u2019information g\u00e9ographique et font partie de projets excitants comme le tunnel entre l\u2019Angleterre et la France ou le pont de la conf\u00e9d\u00e9ration entre le Nouveau-Brunswick et l\u2019\u00cele-du-Prince-\u00c9douard<\/p>\n<p>Ils peuvent travailler \u00e0 l\u2019ext\u00e9rieur dans des milieux ruraux et urbains tandis que certains ont des responsabilit\u00e9s de gestion et passent plus de temps au bureau.<\/p>\n<p>Les entreprises d`arpenteurs-g\u00e9om\u00e8tres, les gouvernements, les entreprises de services publics ou autres corporations g\u00e9omatiques ont tous besoin d\u2019arpenteurs-g\u00e9om\u00e8tres. Beaucoup choisissent de lancer leurs propres entreprises ou \u00eatre associ\u00e9s.<\/p>\n<p>Pour les \u00e9tudiants en g\u00e9omatiques dans une institution postsecondaire canadienne, la Fondation de l\u2019AATC Inc. offre trois bourses d\u2019\u00e9tudes par ann\u00e9es de 1 500,00$, dont une est cibl\u00e9e envers les \u00e9tudiants Autochtones. La date limite pour les applications est le 15 mai de chaque ann\u00e9e. Pour plus d\u2019information, <a href=\"https:\/\/staging.acls-aatc.ca\/fr\/etudiants\/bourses-detudes\/\">pointez sur Bourses d\u2019\u00e9tude de l\u2019AATC.<\/a><\/p>\n<p>&nbsp;<\/p>\n","protected":false},"excerpt":{"rendered":"<p>L\u2019arpentage est une carri\u00e8re pour ceux qui veulent combiner leurs comp\u00e9tences techniques et professionnelles dans un milieu de bureau et \u00e0 l\u2019ext\u00e9rieur. Les arpenteurs-g\u00e9om\u00e8tres ont la chance d\u2019utiliser des outils de haute technologie comme les GPS, les ordinateurs, des programmes graphiques et des stations totales robotique dans des projets de la vraie vie. Pour plus [&hellip;]<\/p>\n","protected":false},"author":3,"featured_media":0,"parent":835,"menu_order":7,"comment_status":"closed","ping_status":"closed","template":"","meta":{"footnotes":""},"_links":{"self":[{"href":"https:\/\/staging.acls-aatc.ca\/fr\/wp-json\/wp\/v2\/pages\/920"}],"collection":[{"href":"https:\/\/staging.acls-aatc.ca\/fr\/wp-json\/wp\/v2\/pages"}],"about":[{"href":"https:\/\/staging.acls-aatc.ca\/fr\/wp-json\/wp\/v2\/types\/page"}],"author":[{"embeddable":true,"href":"https:\/\/staging.acls-aatc.ca\/fr\/wp-json\/wp\/v2\/users\/3"}],"replies":[{"embeddable":true,"href":"https:\/\/staging.acls-aatc.ca\/fr\/wp-json\/wp\/v2\/comments?post=920"}],"version-history":[{"count":11,"href":"https:\/\/staging.acls-aatc.ca\/fr\/wp-json\/wp\/v2\/pages\/920\/revisions"}],"predecessor-version":[{"id":1957,"href":"https:\/\/staging.acls-aatc.ca\/fr\/wp-json\/wp\/v2\/pages\/920\/revisions\/1957"}],"up":[{"embeddable":true,"href":"https:\/\/staging.acls-aatc.ca\/fr\/wp-json\/wp\/v2\/pages\/835"}],"wp:attachment":[{"href":"https:\/\/staging.acls-aatc.ca\/fr\/wp-json\/wp\/v2\/media?parent=920"}],"curies":[{"name":"wp","href":"https:\/\/api.w.org\/{rel}","templated":true}]}}