{"id":917,"date":"2017-06-05T15:04:46","date_gmt":"2017-06-05T15:04:46","guid":{"rendered":"http:\/\/acls-aatc.tui.ninja\/?page_id=917\/"},"modified":"2022-08-10T18:12:21","modified_gmt":"2022-08-10T18:12:21","slug":"offres-demplois","status":"publish","type":"page","link":"https:\/\/staging.acls-aatc.ca\/fr\/membres-acceuil-2\/offres-demplois\/","title":{"rendered":"Offres d&#8217;emplois"},"content":{"rendered":"<h3>Arpenteur-g\u00e9om\u00e8tre principal en g\u00e9omatique (EN-SUR-03) Toronto (Ontario)<\/h3>\n<p>\u00cates-vous \u00e0 la recherche d\u2019une carri\u00e8re enrichissante au sein du gouvernement du Canada? Services publics et Approvisionnement Canada (SPAC) pourrait \u00eatre l\u2019endroit id\u00e9al pour vous!<\/p>\n<p>SPAC est \u00e0 la recherche d\u2019arpenteurs-g\u00e9om\u00e8tres principaux en g\u00e9omatique pour pourvoir des postes \u00e0 Toronto.<br \/>\nPour obtenir de plus amples renseignements, notamment sur les crit\u00e8res de pr\u00e9s\u00e9lection et la fa\u00e7on de postuler, consultez le site Web de la <a href=\"https:\/\/www.canada.ca\/fr\/services\/emplois\/opportunites\/gouvernement.html\">Commission de la fonction publique du Canada<\/a>.<\/p>\n<p>Le num\u00e9ro de r\u00e9f\u00e9rence est le SVC22J-009507-000417. Le num\u00e9ro du processus de s\u00e9lection est le 2022-SVC-ONT-EA-432186.<\/p>\n<p><a href=\"https:\/\/emploisfp-psjobs.cfp-psc.gc.ca\/psrs-srfp\/applicant\/page1800?toggleLanguage=fr&amp;poster=1830054\">Postuler en ligne<\/a> La date limite pour postuler est le 18 septembre 2022.<\/p>\n<p>&nbsp;<\/p>\n","protected":false},"excerpt":{"rendered":"<p>Arpenteur-g\u00e9om\u00e8tre principal en g\u00e9omatique (EN-SUR-03) Toronto (Ontario) \u00cates-vous \u00e0 la recherche d\u2019une carri\u00e8re enrichissante au sein du gouvernement du Canada? Services publics et Approvisionnement Canada (SPAC) pourrait \u00eatre l\u2019endroit id\u00e9al pour vous! SPAC est \u00e0 la recherche d\u2019arpenteurs-g\u00e9om\u00e8tres principaux en g\u00e9omatique pour pourvoir des postes \u00e0 Toronto. Pour obtenir de plus amples renseignements, notamment sur [&hellip;]<\/p>\n","protected":false},"author":3,"featured_media":0,"parent":905,"menu_order":0,"comment_status":"closed","ping_status":"closed","template":"","meta":{"footnotes":""},"_links":{"self":[{"href":"https:\/\/staging.acls-aatc.ca\/fr\/wp-json\/wp\/v2\/pages\/917"}],"collection":[{"href":"https:\/\/staging.acls-aatc.ca\/fr\/wp-json\/wp\/v2\/pages"}],"about":[{"href":"https:\/\/staging.acls-aatc.ca\/fr\/wp-json\/wp\/v2\/types\/page"}],"author":[{"embeddable":true,"href":"https:\/\/staging.acls-aatc.ca\/fr\/wp-json\/wp\/v2\/users\/3"}],"replies":[{"embeddable":true,"href":"https:\/\/staging.acls-aatc.ca\/fr\/wp-json\/wp\/v2\/comments?post=917"}],"version-history":[{"count":34,"href":"https:\/\/staging.acls-aatc.ca\/fr\/wp-json\/wp\/v2\/pages\/917\/revisions"}],"predecessor-version":[{"id":17932,"href":"https:\/\/staging.acls-aatc.ca\/fr\/wp-json\/wp\/v2\/pages\/917\/revisions\/17932"}],"up":[{"embeddable":true,"href":"https:\/\/staging.acls-aatc.ca\/fr\/wp-json\/wp\/v2\/pages\/905"}],"wp:attachment":[{"href":"https:\/\/staging.acls-aatc.ca\/fr\/wp-json\/wp\/v2\/media?parent=917"}],"curies":[{"name":"wp","href":"https:\/\/api.w.org\/{rel}","templated":true}]}}