{"id":915,"date":"2017-06-05T15:03:49","date_gmt":"2017-06-05T15:03:49","guid":{"rendered":"http:\/\/acls-aatc.tui.ninja\/?page_id=915\/"},"modified":"2019-07-19T15:24:33","modified_gmt":"2019-07-19T19:24:33","slug":"presentation-sur-la-profession-darpenteur","status":"publish","type":"page","link":"https:\/\/staging.acls-aatc.ca\/fr\/membres-acceuil-2\/presentation-sur-la-profession-darpenteur\/","title":{"rendered":"Pr\u00e9sentation sur la profession d&#8217;arpenteur"},"content":{"rendered":"<p>Le comit\u00e9 de la sensibilisation du publique de L&#8217;AATC a mis en place une ensemble de diapositives Powerpoint pour que nos membres puissent faire des pr\u00e9sentations sur notre profession dans les \u00e9coles et \u00e0 d&#8217;autres emplacement, vous pouvez t\u00e9l\u00e9charger les Powerpoint suivants en cliquant sur les liens suivant:<\/p>\n<p>&nbsp;<\/p>\n<div style=\"width: 1280px;\" class=\"wp-video\"><!--[if lt IE 9]><script>document.createElement('video');<\/script><![endif]-->\n<video class=\"wp-video-shortcode\" id=\"video-915-1\" width=\"1280\" height=\"720\" preload=\"metadata\" controls=\"controls\"><source type=\"video\/mp4\" src=\"https:\/\/www.acls-aatc.ca\/wp-content\/uploads\/2019\/07\/Association-of-Canada-Lands-Surveyors.mp4?_=1\" \/><a href=\"https:\/\/www.acls-aatc.ca\/wp-content\/uploads\/2019\/07\/Association-of-Canada-Lands-Surveyors.mp4\">https:\/\/www.acls-aatc.ca\/wp-content\/uploads\/2019\/07\/Association-of-Canada-Lands-Surveyors.mp4<\/a><\/video><\/div>\n<p>&nbsp;<\/p>\n<p><a href=\"https:\/\/staging.acls-aatc.ca\/fr\/membres-acceuil-2\/presentation-sur-la-profession-darpenteur\/history-of-surveying-long-version-11-08-301\/\" rel=\"attachment wp-att-1536\">Historique de l&#8217;arpentage (version longue)<\/a><br \/>\n<a href=\"https:\/\/staging.acls-aatc.ca\/fr\/membres-acceuil-2\/presentation-sur-la-profession-darpenteur\/history-of-surveying-short-version-11-08-30\/\" rel=\"attachment wp-att-1539\">Historique de l&#8217;arpentage (version courte)<\/a><br \/>\n<a href=\"https:\/\/staging.acls-aatc.ca\/fr\/membres-acceuil-2\/presentation-sur-la-profession-darpenteur\/how-to-become-a-surveyor-11-08-30\/\" rel=\"attachment wp-att-1542\">Comment devenir un arpenteur<\/a><br \/>\n<a href=\"https:\/\/staging.acls-aatc.ca\/fr\/membres-acceuil-2\/presentation-sur-la-profession-darpenteur\/indoor-outdoor-11-08-30\/\" rel=\"attachment wp-att-1544\">Int\u00e9rieur-Ext\u00e9rieur<\/a><br \/>\n<a href=\"https:\/\/staging.acls-aatc.ca\/fr\/membres-acceuil-2\/presentation-sur-la-profession-darpenteur\/photogrammetry-11-09-15\/\" rel=\"attachment wp-att-1546\">Photogramm\u00e9trie<\/a><br \/>\n<a href=\"https:\/\/staging.acls-aatc.ca\/fr\/membres-acceuil-2\/presentation-sur-la-profession-darpenteur\/surveyors-role-in-society-11-08-30\/\" rel=\"attachment wp-att-1548\">Role des arpenteurs dans la soci\u00e9t\u00e9<\/a><br \/>\n<a href=\"https:\/\/staging.acls-aatc.ca\/fr\/membres-acceuil-2\/presentation-sur-la-profession-darpenteur\/construction-surveys-11-09-15\/\" rel=\"attachment wp-att-1550\">Lev\u00e9s de construction<\/a><br \/>\n<a href=\"https:\/\/staging.acls-aatc.ca\/fr\/etudiants\/examens-anterieurs\/exam96-f\/\" rel=\"attachment wp-att-1385\">GIS<\/a><br \/>\n<a href=\"https:\/\/staging.acls-aatc.ca\/fr\/membres-acceuil-2\/presentation-sur-la-profession-darpenteur\/hydrography-11-09-16\/\" rel=\"attachment wp-att-1554\">Hydrographie<\/a><br \/>\n<a href=\"https:\/\/staging.acls-aatc.ca\/fr\/membres-acceuil-2\/presentation-sur-la-profession-darpenteur\/legal-boundaries-11-09-15\/\" rel=\"attachment wp-att-1556\">Limites l\u00e9gales<\/a><br \/>\n<a href=\"https:\/\/staging.acls-aatc.ca\/fr\/membres-acceuil-2\/presentation-sur-la-profession-darpenteur\/remote-sensing-11-09-15\/\" rel=\"attachment wp-att-1558\">T\u00e9l\u00e9d\u00e9tection<\/a><br \/>\n<a href=\"https:\/\/staging.acls-aatc.ca\/fr\/membres-acceuil-2\/presentation-sur-la-profession-darpenteur\/travel-11-09-15\/\" rel=\"attachment wp-att-1560\">Voyage<\/a><\/p>\n<p>Je vous en prie d&#8217;appeller le directeur ex\u00e9cutif de l&#8217;AATC pour les instructions sur comment utiliser la pr\u00e9sentation<\/p>\n","protected":false},"excerpt":{"rendered":"<p>Le comit\u00e9 de la sensibilisation du publique de L&#8217;AATC a mis en place une ensemble de diapositives Powerpoint pour que nos membres puissent faire des pr\u00e9sentations sur notre profession dans les \u00e9coles et \u00e0 d&#8217;autres emplacement, vous pouvez t\u00e9l\u00e9charger les Powerpoint suivants en cliquant sur les liens suivant: &nbsp; &nbsp; Historique de l&#8217;arpentage (version longue) [&hellip;]<\/p>\n","protected":false},"author":3,"featured_media":0,"parent":905,"menu_order":9,"comment_status":"closed","ping_status":"closed","template":"","meta":{"footnotes":""},"_links":{"self":[{"href":"https:\/\/staging.acls-aatc.ca\/fr\/wp-json\/wp\/v2\/pages\/915"}],"collection":[{"href":"https:\/\/staging.acls-aatc.ca\/fr\/wp-json\/wp\/v2\/pages"}],"about":[{"href":"https:\/\/staging.acls-aatc.ca\/fr\/wp-json\/wp\/v2\/types\/page"}],"author":[{"embeddable":true,"href":"https:\/\/staging.acls-aatc.ca\/fr\/wp-json\/wp\/v2\/users\/3"}],"replies":[{"embeddable":true,"href":"https:\/\/staging.acls-aatc.ca\/fr\/wp-json\/wp\/v2\/comments?post=915"}],"version-history":[{"count":11,"href":"https:\/\/staging.acls-aatc.ca\/fr\/wp-json\/wp\/v2\/pages\/915\/revisions"}],"predecessor-version":[{"id":6053,"href":"https:\/\/staging.acls-aatc.ca\/fr\/wp-json\/wp\/v2\/pages\/915\/revisions\/6053"}],"up":[{"embeddable":true,"href":"https:\/\/staging.acls-aatc.ca\/fr\/wp-json\/wp\/v2\/pages\/905"}],"wp:attachment":[{"href":"https:\/\/staging.acls-aatc.ca\/fr\/wp-json\/wp\/v2\/media?parent=915"}],"curies":[{"name":"wp","href":"https:\/\/api.w.org\/{rel}","templated":true}]}}