{"id":913,"date":"2017-06-05T15:02:40","date_gmt":"2017-06-05T15:02:40","guid":{"rendered":"http:\/\/acls-aatc.tui.ninja\/?page_id=913\/"},"modified":"2022-05-31T19:11:37","modified_gmt":"2022-05-31T19:11:37","slug":"publications","status":"publish","type":"page","link":"https:\/\/staging.acls-aatc.ca\/fr\/membres-acceuil-2\/publications\/","title":{"rendered":"Publications"},"content":{"rendered":"<div class=\"entry\">\n<div class=\"region region-content\">\n<div id=\"block-system-main\" class=\"block block-system\">\n<div class=\"content\">\n<div id=\"node-259\" class=\"node node-page clearfix\">\n<div class=\"content\">\n<div class=\"field field-name-body field-type-text-with-summary field-label-hidden\">\n<div class=\"field-items\">\n<div class=\"field-item even\">\n<p>Les documents (en format PDF) suivants sont des outils de pratiques de la profession de l&#8217;arpentage sur les terres du Canada:<\/p>\n<p><a href=\"https:\/\/www.acls-aatc.ca\/wp-content\/uploads\/2022\/05\/2021-Rapport-Annuel-1.pdf\">2021 Rapport Annuel<\/a><\/p>\n<p><a href=\"https:\/\/staging.acls-aatc.ca\/fr\/membres-acceuil-2\/publications\/manuel_de_pratique_-_2015\/\" rel=\"attachment wp-att-6137\">Manuel_de_Pratique 2015<\/a><\/p>\n<p><a href=\"https:\/\/staging.acls-aatc.ca\/fr\/membres-acceuil-2\/publications\/k-workshop-report-2\/\" rel=\"attachment wp-att-6132\">Workshop Report<\/a><\/p>\n<p><a href=\"http:\/\/acls-aatc.tui.ninja\/wp-content\/uploads\/2017\/06\/Insurance-Check-List.pdf\">Liste de v\u00e9rification d&#8217;assurance (ang)<\/a><\/p>\n<p><a href=\"http:\/\/www.charts.gc.ca\/data-gestion\/standards-normes\/intro-fra.asp\">Normes pour les lev\u00e9s hydrographiques<\/a><\/p>\n<p><a href=\"http:\/\/acls-aatc.tui.ninja\/wp-content\/uploads\/2017\/06\/iho-manual.pdf\">Manuel de l&#8217;IHO sur l&#8217;Hydrographie (ang)<\/a><\/p>\n<p><a href=\"http:\/\/acls-aatc.tui.ninja\/wp-content\/uploads\/2017\/06\/IHO-Standards-for-hydro-surveys.pdf\">Standards de l&#8217;HO pour les lev\u00e9s Hydrographique (ang)<\/a><\/p>\n<p><a href=\"http:\/\/acls-aatc.tui.ninja\/wp-content\/uploads\/2017\/06\/Reports-Check-Lists.pdf\">Liste de v\u00e9rification d&#8217;un rapport (ang)<\/a><\/p>\n<p><a href=\"http:\/\/acls-aatc.tui.ninja\/wp-content\/uploads\/2017\/06\/MAP-2009.pdf\">Manuel de proc\u00e9dures administratives des normes de la pratique de l&#8217;AATC (ang)<\/a><\/p>\n<p><a href=\"https:\/\/www.psc-gpc.ca\/members-area\/insurance\/risk-management-guide\/\">PSC Loss Prevention and Practice Management Guide<\/a><\/p>\n<\/div>\n<\/div>\n<\/div>\n<\/div>\n<\/div>\n<\/div>\n<\/div>\n<\/div>\n<\/div>\n","protected":false},"excerpt":{"rendered":"<p>Les documents (en format PDF) suivants sont des outils de pratiques de la profession de l&#8217;arpentage sur les terres du Canada: 2021 Rapport Annuel Manuel_de_Pratique 2015 Workshop Report Liste de v\u00e9rification d&#8217;assurance (ang) Normes pour les lev\u00e9s hydrographiques Manuel de l&#8217;IHO sur l&#8217;Hydrographie (ang) Standards de l&#8217;HO pour les lev\u00e9s Hydrographique (ang) Liste de v\u00e9rification [&hellip;]<\/p>\n","protected":false},"author":3,"featured_media":0,"parent":905,"menu_order":5,"comment_status":"closed","ping_status":"closed","template":"","meta":{"footnotes":""},"_links":{"self":[{"href":"https:\/\/staging.acls-aatc.ca\/fr\/wp-json\/wp\/v2\/pages\/913"}],"collection":[{"href":"https:\/\/staging.acls-aatc.ca\/fr\/wp-json\/wp\/v2\/pages"}],"about":[{"href":"https:\/\/staging.acls-aatc.ca\/fr\/wp-json\/wp\/v2\/types\/page"}],"author":[{"embeddable":true,"href":"https:\/\/staging.acls-aatc.ca\/fr\/wp-json\/wp\/v2\/users\/3"}],"replies":[{"embeddable":true,"href":"https:\/\/staging.acls-aatc.ca\/fr\/wp-json\/wp\/v2\/comments?post=913"}],"version-history":[{"count":13,"href":"https:\/\/staging.acls-aatc.ca\/fr\/wp-json\/wp\/v2\/pages\/913\/revisions"}],"predecessor-version":[{"id":16476,"href":"https:\/\/staging.acls-aatc.ca\/fr\/wp-json\/wp\/v2\/pages\/913\/revisions\/16476"}],"up":[{"embeddable":true,"href":"https:\/\/staging.acls-aatc.ca\/fr\/wp-json\/wp\/v2\/pages\/905"}],"wp:attachment":[{"href":"https:\/\/staging.acls-aatc.ca\/fr\/wp-json\/wp\/v2\/media?parent=913"}],"curies":[{"name":"wp","href":"https:\/\/api.w.org\/{rel}","templated":true}]}}