{"id":907,"date":"2017-06-05T15:00:32","date_gmt":"2017-06-05T15:00:32","guid":{"rendered":"http:\/\/acls-aatc.tui.ninja\/?page_id=907\/"},"modified":"2022-10-06T18:10:21","modified_gmt":"2022-10-06T18:10:21","slug":"reglements-administratifs","status":"publish","type":"page","link":"https:\/\/staging.acls-aatc.ca\/fr\/a-propos-de-laatc\/gouvernance-et-legislation\/reglements-administratifs\/","title":{"rendered":"R\u00e8glements administratifs"},"content":{"rendered":"<p>Une version compl\u00e8te et mis-\u00e0-jour des r\u00e8glements administratifs de l&#8217;AATC peut \u00eatre trouv\u00e9 <a href=\"https:\/\/www.acls-aatc.ca\/wp-content\/uploads\/2022\/10\/ACLS-Bylaws-March-26-2021.pdf\">BYLAWS 2022<\/a><\/p>\n<p><a href=\"https:\/\/staging.acls-aatc.ca\/fr\/a-propos-de-laatc\/gouvernance-et-legislation\/reglements-administratifs\/recommendations_de_lassociation_concernant_la_modernization_de_la_loi-20-03-11-2\/\" rel=\"attachment wp-att-8101\">Recommendations_de_l&#8217;Association_concernant_la_modernization_de_la_Loi 20-03-11<\/a><\/p>\n<h4>Les frais annuels de l\u2019Association sont\u00a0:<\/h4>\n<table>\n<tbody>\n<tr>\n<td width=\"486\"><strong>Item<\/strong><\/td>\n<td width=\"66\"><strong>De<\/strong><\/td>\n<td width=\"60\"><strong>\u00c0<\/strong><\/td>\n<\/tr>\n<tr>\n<td width=\"486\">Adh\u00e9sion &#8211; membres r\u00e9guliers<\/td>\n<td width=\"66\">350\u00a0$<\/td>\n<td width=\"60\">370\u00a0$<\/td>\n<\/tr>\n<tr>\n<td width=\"486\">Frais de permis<\/td>\n<td width=\"66\">350\u00a0$<\/td>\n<td width=\"60\">370\u00a0$<\/td>\n<\/tr>\n<tr>\n<td width=\"486\">Droits de licence<\/td>\n<td width=\"66\">400\u00a0$<\/td>\n<td width=\"60\">445\u00a0$<\/td>\n<\/tr>\n<tr>\n<td width=\"486\">Frais pour les bornes<\/td>\n<td width=\"66\">16\u00a0$<\/td>\n<td width=\"60\">20\u00a0$<\/td>\n<\/tr>\n<tr>\n<td width=\"486\">Frais de documentation<\/td>\n<td width=\"66\">91\u00a0$<\/td>\n<td width=\"60\">100\u00a0$<\/td>\n<\/tr>\n<tr>\n<td width=\"486\">Admission \u00e0 titre de candidat<\/td>\n<td width=\"66\">150\u00a0$<\/td>\n<td width=\"60\">175\u00a0$<\/td>\n<\/tr>\n<tr>\n<td width=\"486\">Examens professionnels (non mobilit\u00e9 de la main d\u2019\u0153uvre)<\/td>\n<td width=\"66\">175\u00a0$<\/td>\n<td width=\"60\">200\u00a0$<\/td>\n<\/tr>\n<tr>\n<td width=\"486\">Examens professionnels (mobilit\u00e9 de la main d\u2019\u0153uvre)<\/td>\n<td width=\"66\">350\u00a0$<\/td>\n<td width=\"60\">375\u00a0$<\/td>\n<\/tr>\n<tr>\n<td width=\"486\">Examen sur les lev\u00e9s hydrographiques<\/td>\n<td width=\"66\">150\u00a0$<\/td>\n<td width=\"60\">200\u00a0$<\/td>\n<\/tr>\n<tr>\n<td width=\"486\">\u00c9tablir un dossier de formation ou d\u2019exp\u00e9rience (mobilit\u00e9 de la main-d\u2019\u0153uvre)<\/td>\n<td width=\"66\">25\u00a0$<\/td>\n<td width=\"60\">30\u00a0$<\/td>\n<\/tr>\n<tr>\n<td width=\"486\">\u00c9tablir un dossier de formation ou d\u2019exp\u00e9rience (non mobilit\u00e9 de la main-d\u2019\u0153uvre)<\/td>\n<td width=\"66\">200\u00a0$<\/td>\n<td width=\"60\">210\u00a0$<\/td>\n<\/tr>\n<tr>\n<td width=\"486\">Pour en appeler d\u2019une d\u00e9cision du comit\u00e9 d\u2019examen<\/td>\n<td width=\"66\">125$<\/td>\n<td width=\"60\">135\u00a0$<\/td>\n<\/tr>\n<tr>\n<td width=\"486\">Brevet<\/td>\n<td width=\"66\">50\u00a0$<\/td>\n<td width=\"60\">55\u00a0$<\/td>\n<\/tr>\n<\/tbody>\n<\/table>\n","protected":false},"excerpt":{"rendered":"<p>Une version compl\u00e8te et mis-\u00e0-jour des r\u00e8glements administratifs de l&#8217;AATC peut \u00eatre trouv\u00e9 BYLAWS 2022 Recommendations_de_l&#8217;Association_concernant_la_modernization_de_la_Loi 20-03-11 Les frais annuels de l\u2019Association sont\u00a0: Item De \u00c0 Adh\u00e9sion &#8211; membres r\u00e9guliers 350\u00a0$ 370\u00a0$ Frais de permis 350\u00a0$ 370\u00a0$ Droits de licence 400\u00a0$ 445\u00a0$ Frais pour les bornes 16\u00a0$ 20\u00a0$ Frais de documentation 91\u00a0$ 100\u00a0$ Admission \u00e0 [&hellip;]<\/p>\n","protected":false},"author":3,"featured_media":0,"parent":399,"menu_order":2,"comment_status":"closed","ping_status":"closed","template":"","meta":{"footnotes":""},"_links":{"self":[{"href":"https:\/\/staging.acls-aatc.ca\/fr\/wp-json\/wp\/v2\/pages\/907"}],"collection":[{"href":"https:\/\/staging.acls-aatc.ca\/fr\/wp-json\/wp\/v2\/pages"}],"about":[{"href":"https:\/\/staging.acls-aatc.ca\/fr\/wp-json\/wp\/v2\/types\/page"}],"author":[{"embeddable":true,"href":"https:\/\/staging.acls-aatc.ca\/fr\/wp-json\/wp\/v2\/users\/3"}],"replies":[{"embeddable":true,"href":"https:\/\/staging.acls-aatc.ca\/fr\/wp-json\/wp\/v2\/comments?post=907"}],"version-history":[{"count":14,"href":"https:\/\/staging.acls-aatc.ca\/fr\/wp-json\/wp\/v2\/pages\/907\/revisions"}],"predecessor-version":[{"id":18427,"href":"https:\/\/staging.acls-aatc.ca\/fr\/wp-json\/wp\/v2\/pages\/907\/revisions\/18427"}],"up":[{"embeddable":true,"href":"https:\/\/staging.acls-aatc.ca\/fr\/wp-json\/wp\/v2\/pages\/399"}],"wp:attachment":[{"href":"https:\/\/staging.acls-aatc.ca\/fr\/wp-json\/wp\/v2\/media?parent=907"}],"curies":[{"name":"wp","href":"https:\/\/api.w.org\/{rel}","templated":true}]}}