{"id":903,"date":"2017-06-05T14:55:24","date_gmt":"2017-06-05T14:55:24","guid":{"rendered":"http:\/\/acls-aatc.tui.ninja\/?page_id=903\/"},"modified":"2017-06-08T16:54:11","modified_gmt":"2017-06-08T16:54:11","slug":"programme-ppco","status":"publish","type":"page","link":"https:\/\/staging.acls-aatc.ca\/fr\/membres-acceuil-2\/programme-ppco\/","title":{"rendered":"Programme PPCO"},"content":{"rendered":"<p>Les exigences de perfectionnement professionnel continu (PPC) s\u2019appliquent \u00e0 tous les membres titulaires de permis de l\u2019AATC. Les d\u00e9tenteurs de permis qui d\u00e9tiennent ce permis pendant plus de trois ann\u00e9es cons\u00e9cutives \u00e0 la fin d\u2019une p\u00e9riode de d\u00e9claration doivent avoir un minimum de 45 heures de cr\u00e9dit PPC pour renouveler un permis.<\/p>\n<p>Les heures cr\u00e9dit\u00e9es devront m\u00e9riter dans n\u2019importe quelle des activit\u00e9s suivantes :<\/p>\n<ol>\n<li>Cours, s\u00e9minaires, ateliers ou autres activit\u00e9s de formation fournies par<\/li>\n<\/ol>\n<p>(i) l\u2019Association ;<\/p>\n<p>(ii) des \u00e9tablissements universitaires ;<\/p>\n<p>(iii) autres associations ou organismes professionnels reli\u00e9s ou connexes \u00e0 l\u2019arpentage ;<\/p>\n<p>(iv) fournisseurs ; ou<\/p>\n<p>(v) tout autre formateur,<\/p>\n<p>pourvu que le contenu soit pertinent \u00e0 la pratique professionnelle du membre : 1 heure d\u2019activit\u00e9s = 1 heure cr\u00e9dit\u00e9e au PPC.<\/p>\n<p>&nbsp;<\/p>\n<ol>\n<li>La participation aux assembl\u00e9es g\u00e9n\u00e9rales annuelles ou assembl\u00e9es r\u00e9gionales de l\u2019Association ou autres associations professionnelles d\u2019arpenteurs ou connexes \u00e0 l\u2019arpentage : 1 heure d\u2019activit\u00e9s = 1 heure cr\u00e9dit\u00e9e au PPC.<\/li>\n<li>La participation au Conseil, comit\u00e9s ou groupes de travail de l\u2019Association ou autres organismes ou associations professionnelles d\u2019arpenteurs ou connexes \u00e0 l\u2019arpentage: 1 heure d\u2019activit\u00e9s = 1 heure cr\u00e9dit\u00e9e au PPC.<\/li>\n<li>Pr\u00e9sentations et recherche li\u00e9es, publications reconnues et recherche li\u00e9es : 1 heure d\u2019activit\u00e9s = 1 heure cr\u00e9dit\u00e9e au PPC.<\/li>\n<li>Apprentissage autonome directement li\u00e9 \u00e0 la pratique professionnelle d\u2019un membre en mati\u00e8re d\u2019arpentage:<\/li>\n<\/ol>\n<p>(i) \u00e9tude des techniques d\u2019arpentage nouvelles ou historiques ou des exigences l\u00e9gislatives, des questions ou des pr\u00e9occupations\u2009; ou<\/p>\n<p>(ii) acqu\u00e9rir un agr\u00e9ment dans toute juridiction d\u2019arpentage<\/p>\n<p>1 heure d\u2019activit\u00e9 = 1\/2 heure de cr\u00e9dit de PPC (maximum 10 heures de cr\u00e9dit par ann\u00e9e).<\/p>\n<p>&nbsp;<\/p>\n<p>Les membres doivent entrer leurs information au sujets des activit\u00e9 de formation dans le portail internet\u00a0: <a href=\"http:\/\/www.geoed.ca\">www.geoed.ca<\/a> Si vous avez besoin d\u2019aide ou avez des questions, contactez-nous \u00e0 613-723-9200 ou <a href=\"mailto:communications@acls-aatc.ca\">communications@acls-aatc.ca<\/a><\/p>\n","protected":false},"excerpt":{"rendered":"<p>Les exigences de perfectionnement professionnel continu (PPC) s\u2019appliquent \u00e0 tous les membres titulaires de permis de l\u2019AATC. Les d\u00e9tenteurs de permis qui d\u00e9tiennent ce permis pendant plus de trois ann\u00e9es cons\u00e9cutives \u00e0 la fin d\u2019une p\u00e9riode de d\u00e9claration doivent avoir un minimum de 45 heures de cr\u00e9dit PPC pour renouveler un permis. Les heures cr\u00e9dit\u00e9es [&hellip;]<\/p>\n","protected":false},"author":3,"featured_media":0,"parent":905,"menu_order":10,"comment_status":"closed","ping_status":"closed","template":"","meta":{"footnotes":""},"_links":{"self":[{"href":"https:\/\/staging.acls-aatc.ca\/fr\/wp-json\/wp\/v2\/pages\/903"}],"collection":[{"href":"https:\/\/staging.acls-aatc.ca\/fr\/wp-json\/wp\/v2\/pages"}],"about":[{"href":"https:\/\/staging.acls-aatc.ca\/fr\/wp-json\/wp\/v2\/types\/page"}],"author":[{"embeddable":true,"href":"https:\/\/staging.acls-aatc.ca\/fr\/wp-json\/wp\/v2\/users\/3"}],"replies":[{"embeddable":true,"href":"https:\/\/staging.acls-aatc.ca\/fr\/wp-json\/wp\/v2\/comments?post=903"}],"version-history":[{"count":4,"href":"https:\/\/staging.acls-aatc.ca\/fr\/wp-json\/wp\/v2\/pages\/903\/revisions"}],"predecessor-version":[{"id":1388,"href":"https:\/\/staging.acls-aatc.ca\/fr\/wp-json\/wp\/v2\/pages\/903\/revisions\/1388"}],"up":[{"embeddable":true,"href":"https:\/\/staging.acls-aatc.ca\/fr\/wp-json\/wp\/v2\/pages\/905"}],"wp:attachment":[{"href":"https:\/\/staging.acls-aatc.ca\/fr\/wp-json\/wp\/v2\/media?parent=903"}],"curies":[{"name":"wp","href":"https:\/\/api.w.org\/{rel}","templated":true}]}}