{"id":8957,"date":"2020-12-03T14:58:50","date_gmt":"2020-12-03T14:58:50","guid":{"rendered":"https:\/\/www.acls-aatc.ca\/?page_id=8957"},"modified":"2020-12-03T14:58:50","modified_gmt":"2020-12-03T14:58:50","slug":"prix-david-thompson-gagnants-des-annees-passees","status":"publish","type":"page","link":"https:\/\/staging.acls-aatc.ca\/fr\/prix-david-thompson\/prix-david-thompson-gagnants-des-annees-passees\/","title":{"rendered":"Prix David Thompson Gagnants des ann\u00e9es pass\u00e9es"},"content":{"rendered":"<p>Une liste de tous les gagnants des ann\u00e9es pass\u00e9es des prix nationaux de g\u00e9omatique David Thompson de 2007 \u00e0 aujourd&#8217;hui:<\/p>\n\n<table id=\"tablepress-32\" class=\"tablepress tablepress-id-32\">\n<thead>\n<tr class=\"row-1\">\n\t<th class=\"column-1\"><strong>2020 Winners:<\/strong> <br \/>\n<\/th>\n<\/tr>\n<\/thead>\n<tbody class=\"row-striping\">\n<tr class=\"row-2\">\n\t<td class=\"column-1\">Rob Riecken: Multi-Instrument Automated Monitor of Vital Highway Bridge in Vancouver<\/td>\n<\/tr>\n<\/tbody>\n<\/table>\n<!-- #tablepress-32 from cache -->\n\n<table id=\"tablepress-7\" class=\"tablepress tablepress-id-7\">\n<thead>\n<tr class=\"row-1\">\n\t<th class=\"column-1\"><strong>2019 Winners<\/th>\n<\/tr>\n<\/thead>\n<tbody class=\"row-striping row-hover\">\n<tr class=\"row-2\">\n\t<td class=\"column-1\">David Attwood of Attwood Surveys Ltd. For the project entitled: \"Louisbourg Habour Survey. Louisbourg Cape Breton Island, NS\"<\/td>\n<\/tr>\n<tr class=\"row-3\">\n\t<td class=\"column-1\">Tyler Mikkelson of Caltech Surveys Land Surveying BC Ltd. for the project entitled: \"Old Fort Landslide Survey\"<\/td>\n<\/tr>\n<\/tbody>\n<\/table>\n<!-- #tablepress-7 from cache -->\n\n<table id=\"tablepress-23\" class=\"tablepress tablepress-id-23\">\n<thead>\n<tr class=\"row-1\">\n\t<th class=\"column-1\"><strong>2018 Winners<\/th>\n<\/tr>\n<\/thead>\n<tbody class=\"row-striping row-hover\">\n<tr class=\"row-2\">\n\t<td class=\"column-1\">Paul Burbidge, Inukshuk Geomatics for the project entitled: \u201cInuvik<br \/>\nto Tuktoyaktuk Highway, Northwest Territories-Inukshuk<br \/>\nGeomatics Inc.\u201d. <\/td>\n<\/tr>\n<tr class=\"row-3\">\n\t<td class=\"column-1\">Chris El-Araj of Underhill &amp;<br \/>\nUnderhill for the project entitled: \u201cThe George Massey<br \/>\nTunnel Automated Monitoring Project.\u201d<\/td>\n<\/tr>\n<\/tbody>\n<\/table>\n<!-- #tablepress-23 from cache -->\n<p>\n<table id=\"tablepress-8\" class=\"tablepress tablepress-id-8\">\n<thead>\n<tr class=\"row-1\">\n\t<th class=\"column-1\"><strong>2017 Winners:<\/strong> <br \/>\n<\/th>\n<\/tr>\n<\/thead>\n<tbody class=\"row-striping\">\n<tr class=\"row-2\">\n\t<td class=\"column-1\">Christopher de Haan, Underhill Geomatics Ltd.<br \/>\n\u201cSurvey the natural boundary of the Toquana Indian Reserve #4\u201d <\/td>\n<\/tr>\n<tr class=\"row-3\">\n\t<td class=\"column-1\">James Ferguson, Telloch Engineering<br \/>\n\u201cEngineering Survey of Metrolinx\u2019s Go Transit Electrification Project\u201d<\/td>\n<\/tr>\n<\/tbody>\n<\/table>\n<!-- #tablepress-8 from cache --><br \/>\n\n<table id=\"tablepress-9\" class=\"tablepress tablepress-id-9\">\n<thead>\n<tr class=\"row-1\">\n\t<th class=\"column-1\"><strong>2016 Winners<\/strong><\/th>\n<\/tr>\n<\/thead>\n<tbody class=\"row-striping\">\n<tr class=\"row-2\">\n\t<td class=\"column-1\">Ryan Schuler, Sub-Arctic Surveys Ltd <br \/>\n\u201cWinter Road Deformation Monitoring in the Northwest Territories\u201d <\/td>\n<\/tr>\n<tr class=\"row-3\">\n\t<td class=\"column-1\">Paul Dixon, Opus Stewart Weir Ltd. <br \/>\n\u201cSurvey of Nunavut\/Northwest Territories Remote Border\u201d<\/td>\n<\/tr>\n<tr class=\"row-4\">\n\t<td class=\"column-1\">Ryan Schuler, Sub-Arctic Surveys Ltd. <br \/>\n\u201cWinter Road Deformation Monitoring in the Northwest Territories\u201d <\/td>\n<\/tr>\n<\/tbody>\n<\/table>\n<!-- #tablepress-9 from cache --><br \/>\n\n<table id=\"tablepress-10\" class=\"tablepress tablepress-id-10\">\n<thead>\n<tr class=\"row-1\">\n\t<th class=\"column-1\"><strong>2015 Winners <\/strong><\/th>\n<\/tr>\n<\/thead>\n<tbody class=\"row-striping row-hover\">\n<tr class=\"row-2\">\n\t<td class=\"column-1\">Dave Gurnsey, Atlus Geomatics LP<br \/>\n\u201cAtlus Adventurer-Sonar Jet Boat\u201d <\/td>\n<\/tr>\n<tr class=\"row-3\">\n\t<td class=\"column-1\">Douglas Dodge, Exton and Dodge <br \/>\n\u201cSurvey of Lots 4 to 149, Nesuch IR3 and Lots 1 to 35, Mount Currie IR 8, BC\u201d <\/td>\n<\/tr>\n<tr class=\"row-4\">\n\t<td class=\"column-1\">Varick Ollerhead, Ollerhead and Associates <br \/>\n\u201cWinter Survey of NU\/NWT Border\u201d<\/td>\n<\/tr>\n<\/tbody>\n<\/table>\n<!-- #tablepress-10 from cache --><br \/>\n\n<table id=\"tablepress-11\" class=\"tablepress tablepress-id-11\">\n<thead>\n<tr class=\"row-1\">\n\t<th class=\"column-1\"><strong>2014 Winners <\/strong><\/th>\n<\/tr>\n<\/thead>\n<tbody class=\"row-striping row-hover\">\n<tr class=\"row-2\">\n\t<td class=\"column-1\">Adam Brash, Focus <br \/>\n\u201cFocus Journey Management\u201d <\/td>\n<\/tr>\n<tr class=\"row-3\">\n\t<td class=\"column-1\">Robert Allen, Robert Allen and Company <br \/>\n\u201cResurvey of Kootenay River\u201d <\/td>\n<\/tr>\n<tr class=\"row-4\">\n\t<td class=\"column-1\">Kevin Kujala, Tulloch Engineering and Murrary Shantz, MMM Group Limited <br \/>\n\u201cArmow Wind Farm\u201d<\/td>\n<\/tr>\n<\/tbody>\n<\/table>\n<!-- #tablepress-11 from cache --><br \/>\n\n<table id=\"tablepress-12\" class=\"tablepress tablepress-id-12\">\n<thead>\n<tr class=\"row-1\">\n\t<th class=\"column-1\"><strong>2013 Winners <\/strong><\/th>\n<\/tr>\n<\/thead>\n<tbody class=\"row-striping row-hover\">\n<tr class=\"row-2\">\n\t<td class=\"column-1\">David Tulloch, Tulloch Engineering <br \/>\n\u201cTerrestrial LiDAR Scanning for Mining Applications\u201d<\/td>\n<\/tr>\n<tr class=\"row-3\">\n\t<td class=\"column-1\">Jim Christie, McElhanney Associates<br \/>\n\u201cLiDAR Reveals Hidden Angkor Ruins\u201d <\/td>\n<\/tr>\n<tr class=\"row-4\">\n\t<td class=\"column-1\">Tim Blak, Tulloch Mapping Solutions Inc. and Travis Hartwick, Stantec Geomatics Inc.<br \/>\n\u201cOttawa Macdonald-Cartier International Airport Mobilr LiDAR Survey for Boeing Bump Index\u201d <\/td>\n<\/tr>\n<\/tbody>\n<\/table>\n<!-- #tablepress-12 from cache --><br \/>\n\n<table id=\"tablepress-13\" class=\"tablepress tablepress-id-13\">\n<thead>\n<tr class=\"row-1\">\n\t<th class=\"column-1\"><strong>2012 Winners<\/strong><\/th>\n<\/tr>\n<\/thead>\n<tbody class=\"row-striping row-hover\">\n<tr class=\"row-2\">\n\t<td class=\"column-1\">Daniel Lachance, Altus Geomatics<br \/>\n\u201cLASDNav\u201d <\/td>\n<\/tr>\n<tr class=\"row-3\">\n\t<td class=\"column-1\">Ron Robinson, Challenger Geomatics <br \/>\n\u201cFirst Nation Training\u201d <\/td>\n<\/tr>\n<tr class=\"row-4\">\n\t<td class=\"column-1\">Jim Sutherland, Focus Corporation <br \/>\n\u201cInteractive Orthophoto Plans with Embedded Media Using Consumer Level Cameras\u201d <\/td>\n<\/tr>\n<\/tbody>\n<\/table>\n<!-- #tablepress-13 from cache --><br \/>\n\n<table id=\"tablepress-14\" class=\"tablepress tablepress-id-14\">\n<thead>\n<tr class=\"row-1\">\n\t<th class=\"column-1\"><strong>2011 Winners <\/strong><\/th>\n<\/tr>\n<\/thead>\n<tbody class=\"row-striping row-hover\">\n<tr class=\"row-2\">\n\t<td class=\"column-1\">Jim Christie, McElhanney Associates <br \/>\n\u201cGPS Monitoring of BC Place Stadium Roof\u201d<\/td>\n<\/tr>\n<tr class=\"row-3\">\n\t<td class=\"column-1\">Murray Shantz, MMM Group<br \/>\n\u201cHoly Cities\u201d <\/td>\n<\/tr>\n<tr class=\"row-4\">\n\t<td class=\"column-1\">Jim Christie, McElhanney Associates <br \/>\n\u201cCapilano Suspension Bridge\u201d <\/td>\n<\/tr>\n<\/tbody>\n<\/table>\n<!-- #tablepress-14 from cache --><br \/>\n\n<table id=\"tablepress-15\" class=\"tablepress tablepress-id-15\">\n<thead>\n<tr class=\"row-1\">\n\t<th class=\"column-1\"><strong>2010 Winners<\/strong><\/th>\n<\/tr>\n<\/thead>\n<tbody class=\"row-striping row-hover\">\n<tr class=\"row-2\">\n\t<td class=\"column-1\">Patrick Byrne, Fugro Jacques Geosurveys Inc. <br \/>\n\u201cAccuracy and Precision in 120 metres of water\u201d <\/td>\n<\/tr>\n<tr class=\"row-3\">\n\t<td class=\"column-1\">David Gray, Hydrographic and Geodetic Consulting <br \/>\n\u201cGeographic Definition of a Maritime Boundary in Guyana\u201d <\/td>\n<\/tr>\n<tr class=\"row-4\">\n\t<td class=\"column-1\">Jim Christie, McElhanney Associates<br \/>\n\u201cLIDAR\/GPS Terrain Modeling for Hydraulic Design and Evacuation Planning\u201d<\/td>\n<\/tr>\n<\/tbody>\n<\/table>\n<!-- #tablepress-15 from cache --><br \/>\n\n<table id=\"tablepress-16\" class=\"tablepress tablepress-id-16\">\n<thead>\n<tr class=\"row-1\">\n\t<th class=\"column-1\"><strong>2009 Winners <\/strong><br \/>\n<\/th>\n<\/tr>\n<\/thead>\n<tbody class=\"row-striping row-hover\">\n<tr class=\"row-2\">\n\t<td class=\"column-1\">Not enough participants<\/td>\n<\/tr>\n<\/tbody>\n<\/table>\n<!-- #tablepress-16 from cache --><br \/>\n\n<table id=\"tablepress-17\" class=\"tablepress tablepress-id-17\">\n<thead>\n<tr class=\"row-1\">\n\t<th class=\"column-1\"><strong>2008 Winners<\/strong><\/th>\n<\/tr>\n<\/thead>\n<tbody class=\"row-striping row-hover\">\n<tr class=\"row-2\">\n\t<td class=\"column-1\">Bill McIntosh, W.D. McIntosh Land Surveying Ltd. <br \/>\n\u201cSupport of the 2007 Vanderhoof Flood Emergency Response\u201d<\/td>\n<\/tr>\n<tr class=\"row-3\">\n\t<td class=\"column-1\">John Blair, McElhanney Associates<br \/>\n\u201cLand Management and Land Registration in the Tsunami Recovery Program\u201d <\/td>\n<\/tr>\n<tr class=\"row-4\">\n\t<td class=\"column-1\"><\/td>\n<\/tr>\n<\/tbody>\n<\/table>\n<!-- #tablepress-17 from cache --><br \/>\n\n<table id=\"tablepress-18\" class=\"tablepress tablepress-id-18\">\n<thead>\n<tr class=\"row-1\">\n\t<th class=\"column-1\"><strong>2007 Winners<\/strong><\/th>\n<\/tr>\n<\/thead>\n<tbody class=\"row-striping row-hover\">\n<tr class=\"row-2\">\n\t<td class=\"column-1\">David C. Bazett, Bazzet Land Surveying Inc.<br \/>\n\u201cBuckley Bay Ferry Terminal\u201d <\/td>\n<\/tr>\n<tr class=\"row-3\">\n\t<td class=\"column-1\">Ian Edwards, Edwards and Associates Ltd. And Informative Brokerage Ltd. <br \/>\n\u201cLand Gazette\u201d <\/td>\n<\/tr>\n<\/tbody>\n<\/table>\n<!-- #tablepress-18 from cache --><\/p>\n","protected":false},"excerpt":{"rendered":"<p>Une liste de tous les gagnants des ann\u00e9es pass\u00e9es des prix nationaux de g\u00e9omatique David Thompson de 2007 \u00e0 aujourd&#8217;hui:<\/p>\n","protected":false},"author":3,"featured_media":0,"parent":386,"menu_order":0,"comment_status":"closed","ping_status":"closed","template":"","meta":{"footnotes":""},"_links":{"self":[{"href":"https:\/\/staging.acls-aatc.ca\/fr\/wp-json\/wp\/v2\/pages\/8957"}],"collection":[{"href":"https:\/\/staging.acls-aatc.ca\/fr\/wp-json\/wp\/v2\/pages"}],"about":[{"href":"https:\/\/staging.acls-aatc.ca\/fr\/wp-json\/wp\/v2\/types\/page"}],"author":[{"embeddable":true,"href":"https:\/\/staging.acls-aatc.ca\/fr\/wp-json\/wp\/v2\/users\/3"}],"replies":[{"embeddable":true,"href":"https:\/\/staging.acls-aatc.ca\/fr\/wp-json\/wp\/v2\/comments?post=8957"}],"version-history":[{"count":2,"href":"https:\/\/staging.acls-aatc.ca\/fr\/wp-json\/wp\/v2\/pages\/8957\/revisions"}],"predecessor-version":[{"id":8959,"href":"https:\/\/staging.acls-aatc.ca\/fr\/wp-json\/wp\/v2\/pages\/8957\/revisions\/8959"}],"up":[{"embeddable":true,"href":"https:\/\/staging.acls-aatc.ca\/fr\/wp-json\/wp\/v2\/pages\/386"}],"wp:attachment":[{"href":"https:\/\/staging.acls-aatc.ca\/fr\/wp-json\/wp\/v2\/media?parent=8957"}],"curies":[{"name":"wp","href":"https:\/\/api.w.org\/{rel}","templated":true}]}}