{"id":8675,"date":"2020-10-08T12:01:29","date_gmt":"2020-10-08T16:01:29","guid":{"rendered":"https:\/\/www.acls-aatc.ca\/?page_id=8675"},"modified":"2022-09-23T13:43:28","modified_gmt":"2022-09-23T13:43:28","slug":"formulaires-non-membres","status":"publish","type":"page","link":"https:\/\/staging.acls-aatc.ca\/fr\/formulaires-non-membres\/","title":{"rendered":"Formulaires"},"content":{"rendered":"<hr \/>\n<div class=\"entry\">\n<h1 title=\"Formulaires\">Formulaires<\/h1>\n<div class=\"entry\">\n<p>La plupart des formulaires sont disponibles en deux versions\u00a0: une version en format Word qui peut \u00eatre compl\u00e9t\u00e9e \u00e0 l\u2019aide d\u2019une souris d\u2019ordinateur et en saisissant l\u2019information pour chacune des questions, et une version en format PDF qui peut \u00eatre imprim\u00e9e et compl\u00e9t\u00e9e \u00e0 la main. Les formulaires ne n\u00e9cessitant pas de signature peuvent \u00eatre envoy\u00e9s par courriel aux bureaux de l\u2019AATC.Plusieurs formulaires qui exigent un paiement sont li\u00e9s \u00e0 notre syst\u00e8me de commerce \u00e9lectronique, qui est s\u00e9curis\u00e9. SVP effectuez votre paiement de cette mani\u00e8re.<\/p>\n<h4>Formulaires de candidat<\/h4>\n<ul>\n<li>Inscription de candidat.<a href=\"https:\/\/staging.acls-aatc.ca\/fr\/membres-acceuil-2\/cand140801pdff-2\/\" rel=\"attachment wp-att-660\">PDF<\/a>,\u00a0<a href=\"https:\/\/staging.acls-aatc.ca\/fr\/membres-acceuil-2\/cand140801wf-2\/\" rel=\"attachment wp-att-661\">WORD<\/a> (<a href=\"https:\/\/staging.acls-aatc.ca\/fr\/produit\/paiement-de-facture-ou-de-cotisation\/\">EFFECTUER LE PAIEMENT<\/a>)<\/li>\n<li>Inscription d\u2019examen(s) pour les candidats ne d\u00e9tenant pas un brevet d&#8217;a.-g. provincial <a href=\"https:\/\/staging.acls-aatc.ca\/fr\/membres-acceuil-2\/formulaires-2\/inscription-aux-examens-5\/\" rel=\"attachment wp-att-7880\">PDF<\/a><\/li>\n<li>Inscription d&#8217;examen pour les candidats d\u00e9tenant un brevet d&#8217;a.-g. provincial <a href=\"https:\/\/staging.acls-aatc.ca\/fr\/membres-acceuil-2\/exam110726pdff-2\/\" rel=\"attachment wp-att-663\">PDF<\/a><\/li>\n<li>D\u00e9claration du surveillant pour l&#8217;examen en ligne <a href=\"https:\/\/staging.acls-aatc.ca\/fr\/membres-acceuil-2\/formulaires-2\/declaration-du-surveillant-20-03-05\/\" rel=\"attachment wp-att-7944\">PDF<\/a><\/li>\n<li>Serment d\u2019ATC <a href=\"https:\/\/staging.acls-aatc.ca\/fr\/membres-acceuil-2\/oath100922pdff-2\/\" rel=\"attachment wp-att-665\">PDF<\/a>,\u00a0<a href=\"https:\/\/staging.acls-aatc.ca\/fr\/membres-acceuil-2\/oath100922wf-2\/\" rel=\"attachment wp-att-666\">WORD<\/a> (<a href=\"https:\/\/staging.acls-aatc.ca\/fr\/produit\/paiement-de-facture-ou-de-cotisation\/\">EFFECTUER LE PAIEMENT<\/a>)<\/li>\n<li>Affirmation solennelle d\u2019ATC <a href=\"https:\/\/staging.acls-aatc.ca\/fr\/membres-acceuil-2\/sole100922pdff-2\/\" rel=\"attachment wp-att-667\">PDF<\/a>,\u00a0<a href=\"https:\/\/staging.acls-aatc.ca\/fr\/membres-acceuil-2\/sole100922wf-2\/\" rel=\"attachment wp-att-668\">WORD<\/a> (<a href=\"https:\/\/staging.acls-aatc.ca\/fr\/produit\/paiement-de-facture-ou-de-cotisation\/\">EFFECTUER LE PAIEMENT<\/a>)<\/li>\n<\/ul>\n<h4>Syst\u00e8me international de certification des hydrographes de l&#8217;AATC<\/h4>\n<ul>\n<li>SICH AATC Manuel du candidatee <a href=\"https:\/\/www.acls-aatc.ca\/wp-content\/uploads\/2022\/06\/SICH-AATC-Manuel-du-Candidat_V10.pdf\">(PDF)<\/a><\/li>\n<li>SICH AATC Formulaire d\u2019inscription <a href=\"https:\/\/www.acls-aatc.ca\/wp-content\/uploads\/2022\/07\/SICH_AATC_Inscription_V5.docx\">(WORD)<\/a><\/li>\n<li>SICH AATC Liste de contr\u00f4le d\u2019inscription <a href=\"https:\/\/www.acls-aatc.ca\/wp-content\/uploads\/2022\/07\/SICH_AATC_Liste_de_controle_Inscription_V7.docx\">(WORD<\/a>)<\/li>\n<li>SICH AATC Instructions pour l\u2019inscription <a href=\"https:\/\/www.acls-aatc.ca\/wp-content\/uploads\/2022\/07\/SICH-AATC-Instructions-d-inscription-V9.pdf\">(PDF)<\/a><\/li>\n<li>SICH AATC Questionnaire d\u2019auto-\u00e9valuation <a href=\"https:\/\/www.acls-aatc.ca\/wp-content\/uploads\/2022\/06\/SIHC-AATC-Questionnaire-dauto-evaluation.docx\">(WORD)<\/a><\/li>\n<li>SICH AATC Journal d\u2019exp\u00e9rience pour inscription initiale <a href=\"https:\/\/www.acls-aatc.ca\/wp-content\/uploads\/2022\/07\/SICH-AATC-Journal-d-experience-initial-V10.docx\">(WORD)<\/a><\/li>\n<li>SICH AATC R\u00e9sum\u00e9 du journal d\u2019exp\u00e9rience <a href=\"https:\/\/www.acls-aatc.ca\/wp-content\/uploads\/2022\/09\/SICH-AATC-Resume-du-journal-d-experience-V7.docx\">(WORD)<\/a><\/li>\n<li>SICH AATC Instructions pour le journal d\u2019exp\u00e9rience <a href=\"https:\/\/www.acls-aatc.ca\/wp-content\/uploads\/2022\/07\/SIHC-AATC-Instruction-Journal-d-experience-V10-1.pdf\">(PDF)<\/a><\/li>\n<li>SICH AATC Formulaire pour les cours maritimes ou \u00e9quivalents <a href=\"https:\/\/www.acls-aatc.ca\/wp-content\/uploads\/2022\/07\/SICH-AATC-Cours-maritimes-ou-equivalents-V8.docx\">(WORD)<\/a><\/li>\n<li>SICH AATC Demande d\u2019approbation de rapport de projet <a href=\"https:\/\/www.acls-aatc.ca\/wp-content\/uploads\/2022\/07\/SICH-AATC-Approbation-de-rapport-projet-V5.docx\">(WORD)<\/a><\/li>\n<li>SICH AATC Lignes directrices pour les rapports de projet <a href=\"https:\/\/www.acls-aatc.ca\/wp-content\/uploads\/2022\/07\/SICH-AATC-Rapport-de-projet_Lignes-directrices-V7.pdf\">(PDF)<\/a><\/li>\n<li>SICH AATC Journal d\u2019exp\u00e9rience pour HEC <a href=\"https:\/\/www.acls-aatc.ca\/wp-content\/uploads\/2022\/07\/SICH-AATC-Journal-d-experience-HEC-V2.pdf\">(PDF)<\/a><\/li>\n<li>SICH AATC R\u00e9sum\u00e9 du journal d\u2019exp\u00e9rience pour HEC <a href=\"https:\/\/www.acls-aatc.ca\/wp-content\/uploads\/2022\/07\/SICH-AATC-Resume-du-journal-d-experience-HEC-V5.docx\">(WORD)<\/a><\/li>\n<li>SICH AATC Instructions pour le journal d\u2019exp\u00e9rience d\u2019HEC <a href=\"https:\/\/www.acls-aatc.ca\/wp-content\/uploads\/2022\/07\/SIHC-AATC-Instruction-Journal-d-experience-HEC-V2.pdf\">(PDF)<\/a><\/li>\n<li>SICH AATC Affirmation solennelle <a href=\"https:\/\/www.acls-aatc.ca\/wp-content\/uploads\/2022\/07\/SICH-AATC-Affirmation-Solennelle-V6.docx\">(WORD)<\/a><\/li>\n<li>SICH AATC Formulaire de renouvellement <a href=\"https:\/\/www.acls-aatc.ca\/wp-content\/uploads\/2022\/07\/SICH-AATC-Formulaire-renouvellement-V4.docx\">(WORD)<\/a><\/li>\n<li>SICH AATC Journal d\u2019exp\u00e9rience pour le renouvellement <a href=\"https:\/\/www.acls-aatc.ca\/wp-content\/uploads\/2022\/07\/SICH-AATC-Journal-d-experience-renouvellement-V10-1.docx\">(WORD)<\/a><\/li>\n<\/ul>\n<h4>Formulaires d\u2019adh\u00e9sion de membre, permis et\u00a0 licence<\/h4>\n<ul>\n<li>Adh\u00e9sion de membre <span style=\"text-decoration: underline;\"><strong><a href=\"https:\/\/staging.acls-aatc.ca\/membership-form-2021\/\">ICI<\/a><\/strong><\/span><\/li>\n<li>Demande de permis pour les candidats qui ne d\u00e9tiennent pas un brevet provincial, <a href=\"https:\/\/staging.acls-aatc.ca\/fr\/membres-acceuil-2\/formulaires-2\/lic12182019fword\/\" rel=\"attachment wp-att-7105\">WORD<\/a> (<a href=\"https:\/\/staging.acls-aatc.ca\/fr\/produit\/paiement-de-facture-ou-de-cotisation\/\">EFFECTUER LE PAIEMENT<\/a>)<\/li>\n<li>Demande de permis pour les candidats qui d\u00e9tiennent un brevet provincial <a href=\"https:\/\/staging.acls-aatc.ca\/fr\/membres-acceuil-2\/formulaires-2\/licprov12182019fword\/\" rel=\"attachment wp-att-7107\">WORD<\/a><\/li>\n<li>Inscription pour stage de formation <a href=\"https:\/\/staging.acls-aatc.ca\/fr\/membres-acceuil-2\/formulaires-2\/training07312014pdf-2\/\" rel=\"attachment wp-att-620\">PDF<\/a><\/li>\n<li>Fiche d&#8217;evaluation de stage <a href=\"https:\/\/staging.acls-aatc.ca\/fr\/membres-acceuil-2\/assesment07312014pdff-2\/\" rel=\"attachment wp-att-687\">PDF<\/a><\/li>\n<li>Certification d&#8217;experience <a href=\"https:\/\/staging.acls-aatc.ca\/fr\/membres-acceuil-2\/experience07312014pdff-2\/\" rel=\"attachment wp-att-688\">PDF<\/a><\/li>\n<li>Affidavit (exp\u00e9rience et formation) <a href=\"https:\/\/staging.acls-aatc.ca\/fr\/membres-acceuil-2\/formulaires-2\/aff100922pdf-2\/\" rel=\"attachment wp-att-624\">PDF<\/a><\/li>\n<li>D\u00e9claration statutaire (exp\u00e9rience et formation) <a href=\"https:\/\/staging.acls-aatc.ca\/fr\/membres-acceuil-2\/stat100922pdff-2\/\" rel=\"attachment wp-att-689\">PDF<\/a><\/li>\n<li>Affidavit pour les membre d\u00e9tenant un brevet provincial <a href=\"https:\/\/staging.acls-aatc.ca\/fr\/membres-acceuil-2\/affprov110301pdff-2\/\" rel=\"attachment wp-att-690\">PDF<\/a><\/li>\n<li>D\u00e9claration statutaire pour les membre d\u00e9tenant un brevet provincial <a href=\"https:\/\/staging.acls-aatc.ca\/fr\/membres-acceuil-2\/statprov110301pdff-2\/\" rel=\"attachment wp-att-691\">PDF<\/a><\/li>\n<li>Demande de licence <a href=\"https:\/\/staging.acls-aatc.ca\/fr\/formulaires-non-membres\/permit01252022fword\/\" rel=\"attachment wp-att-13441\">WORD<\/a>\u00a0(<a href=\"https:\/\/staging.acls-aatc.ca\/fr\/produit\/paiement-de-facture-ou-de-cotisation\/\">EFFECTUER LE PAIEMENT<\/a>)<\/li>\n<\/ul>\n<h4>Formulaire reli\u00e9s \u00e0 la pratique<\/h4>\n<ul>\n<li>Sceau num\u00e9rique<\/li>\n<li>Sceau physique <a href=\"https:\/\/staging.acls-aatc.ca\/fr\/membres-acceuil-2\/cri100901frpdf-2\/\" rel=\"attachment wp-att-694\">PDF<\/a>, <a href=\"https:\/\/staging.acls-aatc.ca\/fr\/membres-acceuil-2\/cri100901fword-2\/\" rel=\"attachment wp-att-695\">WORD<\/a><\/li>\n<li>Rapport sur les droits pour les rep\u00e8res et les plans\u00a0 <a href=\"https:\/\/www.acls-aatc.ca\/wp-content\/uploads\/2018\/05\/MON010518WFR.docx\" rel=\"attachment wp-att-697\">WORD<\/a><\/li>\n<\/ul>\n<h4>Formulaires divers<\/h4>\n<ul>\n<li style=\"list-style-type: none;\">\n<ul>\n<li>Mise en candidature pour les bourses <a href=\"https:\/\/staging.acls-aatc.ca\/fr\/membres-acceuil-2\/found110328pdff-2\/\" rel=\"attachment wp-att-698\">PDF<\/a>, <a href=\"https:\/\/staging.acls-aatc.ca\/fr\/membres-acceuil-2\/found110328f-2\/\" rel=\"attachment wp-att-699\">WORD<\/a><\/li>\n<li>Mise en candidature pour les Prix David Thompson <a href=\"https:\/\/staging.acls-aatc.ca\/fr\/membres-acceuil-2\/geo100113fpdf-2\/\" rel=\"attachment wp-att-700\">PDF<\/a>, <a href=\"https:\/\/staging.acls-aatc.ca\/fr\/membres-acceuil-2\/geo100113f-2\/\" rel=\"attachment wp-att-701\">WORD<\/a><\/li>\n<li>RICS \u2013 Request for Membership Form \u2013 ACLS Direct Entry 2016 <a href=\"https:\/\/staging.acls-aatc.ca\/fr\/membres-acceuil-2\/rics-request-for-membership-form-acls-direct-entry-20161-2\/\" rel=\"attachment wp-att-704\">WORD<\/a><\/li>\n<li>Demande de bourse de voyage <a href=\"https:\/\/staging.acls-aatc.ca\/fr\/membres-acceuil-2\/cpdtravel100922pdff-2-2\/\" rel=\"attachment wp-att-703\">PDF<\/a>, <a href=\"https:\/\/staging.acls-aatc.ca\/fr\/membres-acceuil-2\/cpdtravel100922wf-2\/\" rel=\"attachment wp-att-705\">WORD<\/a><\/li>\n<li>Bon de commande de brochure <a href=\"https:\/\/staging.acls-aatc.ca\/fr\/membres-acceuil-2\/broc100923pdff-2\/\" rel=\"attachment wp-att-706\">PDF<\/a><\/li>\n<li>Compte de d\u00e9penses <a href=\"https:\/\/staging.acls-aatc.ca\/fr\/membres-acceuil-2\/expense_claim100923f-2\/\" rel=\"attachment wp-att-707\">EXCEL<\/a><\/li>\n<li>AATC Retrait\u00e9 <a href=\"https:\/\/www.acls-aatc.ca\/wp-content\/uploads\/2022\/09\/RET141210PDFF.docx\">WORD<\/a><\/li>\n<\/ul>\n<\/li>\n<\/ul>\n<\/div>\n<\/div>\n","protected":false},"excerpt":{"rendered":"<p>Formulaires La plupart des formulaires sont disponibles en deux versions\u00a0: une version en format Word qui peut \u00eatre compl\u00e9t\u00e9e \u00e0 l\u2019aide d\u2019une souris d\u2019ordinateur et en saisissant l\u2019information pour chacune des questions, et une version en format PDF qui peut \u00eatre imprim\u00e9e et compl\u00e9t\u00e9e \u00e0 la main. Les formulaires ne n\u00e9cessitant pas de signature peuvent [&hellip;]<\/p>\n","protected":false},"author":1,"featured_media":0,"parent":0,"menu_order":0,"comment_status":"closed","ping_status":"closed","template":"","meta":{"footnotes":""},"_links":{"self":[{"href":"https:\/\/staging.acls-aatc.ca\/fr\/wp-json\/wp\/v2\/pages\/8675"}],"collection":[{"href":"https:\/\/staging.acls-aatc.ca\/fr\/wp-json\/wp\/v2\/pages"}],"about":[{"href":"https:\/\/staging.acls-aatc.ca\/fr\/wp-json\/wp\/v2\/types\/page"}],"author":[{"embeddable":true,"href":"https:\/\/staging.acls-aatc.ca\/fr\/wp-json\/wp\/v2\/users\/1"}],"replies":[{"embeddable":true,"href":"https:\/\/staging.acls-aatc.ca\/fr\/wp-json\/wp\/v2\/comments?post=8675"}],"version-history":[{"count":20,"href":"https:\/\/staging.acls-aatc.ca\/fr\/wp-json\/wp\/v2\/pages\/8675\/revisions"}],"predecessor-version":[{"id":18343,"href":"https:\/\/staging.acls-aatc.ca\/fr\/wp-json\/wp\/v2\/pages\/8675\/revisions\/18343"}],"wp:attachment":[{"href":"https:\/\/staging.acls-aatc.ca\/fr\/wp-json\/wp\/v2\/media?parent=8675"}],"curies":[{"name":"wp","href":"https:\/\/api.w.org\/{rel}","templated":true}]}}