{"id":8604,"date":"2020-08-26T08:54:01","date_gmt":"2020-08-26T12:54:01","guid":{"rendered":"https:\/\/www.acls-aatc.ca\/?page_id=8604"},"modified":"2022-01-11T17:05:22","modified_gmt":"2022-01-11T17:05:22","slug":"vous-souhaitez-devenir-arpenteur-des-terres-du-canada","status":"publish","type":"page","link":"https:\/\/staging.acls-aatc.ca\/fr\/quest-ce-quun-arpenteurs-des-terres-du-canada\/vous-souhaitez-devenir-arpenteur-des-terres-du-canada\/","title":{"rendered":"Vous souhaitez devenir arpenteur des terres du Canada?"},"content":{"rendered":"<p>Les candidats doivent satisfaire \u00e0 l&#8217;une des exigences suivantes:<\/p>\n<ul>\n<li>Vous \u00eates titulaire d&#8217;un brevet ou d&#8217;un permis d&#8217;arpenteur-g\u00e9om\u00e8tre dans une province canadienne ou \u00eates en train d&#8217;en obtenir un; ou,<\/li>\n<li>Vous \u00eates titulaire d&#8217;un certificat d&#8217;ach\u00e8vement du Conseil canadien des examinateurs pour les arpenteurs-g\u00e9om\u00e8tres (CCEAG).<\/li>\n<\/ul>\n<p>Si vous ne r\u00e9pondez pas aux exigences ci-dessus, vous pouvez postuler pour devenir un candidat CCEAG \u00e0: <a href=\"https:\/\/cbeps-cceag.ca\/?lang=fr\">https:\/\/cbeps-cceag.ca\/?lang=fr<\/a><\/p>\n<h3><span style=\"text-decoration: underline;\">Processus<\/span><\/h3>\n<p>Si vous \u00eates titulaire d&#8217;un brevet ou d&#8217;un permis d&#8217;arpenteur-g\u00e9om\u00e8tre dans une province canadienne, vous devez passer un examen en ligne de 4 heures \u00e0 livre ouvert compos\u00e9 de 4 modules (\u00e0 votre guise).<\/p>\n<p>Si vous n&#8217;\u00eates pas titulaire d&#8217;un brevet d\u2019arpenteur-g\u00e9om\u00e8tre provincial, vous devez passer 3 examens en ligne \u00e0 livre ouvert de trois heures (cela se fait \u00e9galement \u00e0 votre rythme).<\/p>\n<p>Une fois les examens termin\u00e9s et r\u00e9ussis, vous recevrez un brevet d&#8217;arpenteur des terres du Canada (ATC). (Vous aurez besoin d&#8217;un permis de pratique de l\u2019AATC pour pratiquer en tant qu\u2019ATC).<\/p>\n<p>Si vous \u00eates titulaire d&#8217;un brevet ou d&#8217;un permis d&#8217;arpenteur-g\u00e9om\u00e8tre dans une province canadienne, vous devez fournir un formulaire d&#8217;affidavit et une preuve d&#8217;assurance responsabilit\u00e9 professionnelle.<\/p>\n<p>Si vous ne d\u00e9tenez pas de droit provincial d&#8217;exercer, vous devez d\u00e9montrer que vous avez au moins 2 ann\u00e9es d&#8217;exp\u00e9rience en arpentage au cours des 5 derni\u00e8res ann\u00e9es, fournir un rapport de projet en plus d&#8217;un formulaire d&#8217;affidavit et une preuve d&#8217;assurance responsabilit\u00e9 professionnelle.<\/p>\n<p>Pour des informations compl\u00e8tes sur les exigences de l&#8217;AATC, t\u00e9l\u00e9chargez le <a href=\"https:\/\/www.acls-aatc.ca\/wp-content\/uploads\/2020\/08\/Manuel-Candidat-20-04-29.pdf\">Manuel Candidat<\/a>\u00a0de l&#8217;AATC.<\/p>\n<p><img loading=\"lazy\" decoding=\"async\" class=\"alignnone size-full wp-image-8612\" src=\"https:\/\/www.acls-aatc.ca\/wp-content\/uploads\/2020\/08\/Processus-de-Permis.png\" alt=\"\" width=\"777\" height=\"436\" srcset=\"https:\/\/staging.acls-aatc.ca\/wp-content\/uploads\/2020\/08\/Processus-de-Permis.png 777w, https:\/\/staging.acls-aatc.ca\/wp-content\/uploads\/2020\/08\/Processus-de-Permis-600x337.png 600w, https:\/\/staging.acls-aatc.ca\/wp-content\/uploads\/2020\/08\/Processus-de-Permis-300x168.png 300w, https:\/\/staging.acls-aatc.ca\/wp-content\/uploads\/2020\/08\/Processus-de-Permis-768x431.png 768w\" sizes=\"(max-width: 777px) 100vw, 777px\" \/><\/p>\n<p><img loading=\"lazy\" decoding=\"async\" class=\"alignnone size-full wp-image-8614\" src=\"https:\/\/www.acls-aatc.ca\/wp-content\/uploads\/2020\/08\/Processus-de-Licence.png\" alt=\"\" width=\"776\" height=\"427\" srcset=\"https:\/\/staging.acls-aatc.ca\/wp-content\/uploads\/2020\/08\/Processus-de-Licence.png 776w, https:\/\/staging.acls-aatc.ca\/wp-content\/uploads\/2020\/08\/Processus-de-Licence-600x330.png 600w, https:\/\/staging.acls-aatc.ca\/wp-content\/uploads\/2020\/08\/Processus-de-Licence-300x165.png 300w, https:\/\/staging.acls-aatc.ca\/wp-content\/uploads\/2020\/08\/Processus-de-Licence-768x423.png 768w\" sizes=\"(max-width: 776px) 100vw, 776px\" \/><\/p>\n","protected":false},"excerpt":{"rendered":"<p>Les candidats doivent satisfaire \u00e0 l&#8217;une des exigences suivantes: Vous \u00eates titulaire d&#8217;un brevet ou d&#8217;un permis d&#8217;arpenteur-g\u00e9om\u00e8tre dans une province canadienne ou \u00eates en train d&#8217;en obtenir un; ou, Vous \u00eates titulaire d&#8217;un certificat d&#8217;ach\u00e8vement du Conseil canadien des examinateurs pour les arpenteurs-g\u00e9om\u00e8tres (CCEAG). Si vous ne r\u00e9pondez pas aux exigences ci-dessus, vous pouvez [&hellip;]<\/p>\n","protected":false},"author":1,"featured_media":0,"parent":516,"menu_order":2,"comment_status":"closed","ping_status":"closed","template":"","meta":{"footnotes":""},"_links":{"self":[{"href":"https:\/\/staging.acls-aatc.ca\/fr\/wp-json\/wp\/v2\/pages\/8604"}],"collection":[{"href":"https:\/\/staging.acls-aatc.ca\/fr\/wp-json\/wp\/v2\/pages"}],"about":[{"href":"https:\/\/staging.acls-aatc.ca\/fr\/wp-json\/wp\/v2\/types\/page"}],"author":[{"embeddable":true,"href":"https:\/\/staging.acls-aatc.ca\/fr\/wp-json\/wp\/v2\/users\/1"}],"replies":[{"embeddable":true,"href":"https:\/\/staging.acls-aatc.ca\/fr\/wp-json\/wp\/v2\/comments?post=8604"}],"version-history":[{"count":5,"href":"https:\/\/staging.acls-aatc.ca\/fr\/wp-json\/wp\/v2\/pages\/8604\/revisions"}],"predecessor-version":[{"id":13139,"href":"https:\/\/staging.acls-aatc.ca\/fr\/wp-json\/wp\/v2\/pages\/8604\/revisions\/13139"}],"up":[{"embeddable":true,"href":"https:\/\/staging.acls-aatc.ca\/fr\/wp-json\/wp\/v2\/pages\/516"}],"wp:attachment":[{"href":"https:\/\/staging.acls-aatc.ca\/fr\/wp-json\/wp\/v2\/media?parent=8604"}],"curies":[{"name":"wp","href":"https:\/\/api.w.org\/{rel}","templated":true}]}}