{"id":732,"date":"2017-05-31T15:36:37","date_gmt":"2017-05-31T15:36:37","guid":{"rendered":"http:\/\/acls-aatc.tui.ninja\/?page_id=732\/"},"modified":"2021-11-09T12:53:05","modified_gmt":"2021-11-09T12:53:05","slug":"lassociation-des-arpenteurs-des-terres-du-canada-aatc","status":"publish","type":"page","link":"https:\/\/staging.acls-aatc.ca\/fr\/","title":{"rendered":"L\u2019Association des Arpenteurs des Terres du Canada (AATC)"},"content":{"rendered":"<h3><strong><span style=\"color: #800000;\">Le bureau de l&#8217;AATC est situ\u00e9 sur les terres\u00a0ancestrales de la Premi\u00e8re nation Om\u00e0m\u00ecwinin\u00ecwag (Algonquin).<\/span><\/strong><\/h3>\n<p style=\"text-align: center;\">Les g\u00e9om\u00e8tres appliquent les math\u00e9matiques, le droit de la propri\u00e9t\u00e9 et l&#8217;utilisation des derni\u00e8res technologies de mesure \u00e0 des situations r\u00e9elles. Ces professionnels sont des catalyseurs d&#8217;industries qui injectent des milliards dans l&#8217;\u00e9conomie canadienne chaque ann\u00e9e. En raison de leur expertise, les g\u00e9om\u00e8tres sont n\u00e9cessaires chaque fois qu&#8217;il est n\u00e9cessaire de cr\u00e9er des parcelles de terrain et d&#8217;\u00e9tablir des limites de propri\u00e9t\u00e9.<\/p>\n<p>L\u2019Association des arpenteurs des terres du Canada (AATC) est l\u2019organisme national de d\u00e9livrance de permis pour les professionnels de l\u2019arpentage dans les trois territoires canadiens, dans les parcs f\u00e9d\u00e9raux, dans les r\u00e9serves autochtones, sur et sous la surface des oc\u00e9ans du Canada. Le titre exclusif attribu\u00e9 \u00e0 ces professionnels est celui d&#8217;arpenteur des terres du Canada (ATC).<\/p>\n<p>Reconnaissant que les arpenteurs-g\u00e9om\u00e8tres professionnels ont une responsabilit\u00e9 d&#8217;apprentissage continu, l&#8217;AATC a mis en \u0153uvre les d\u00e9veloppements continus obligatoires le 1er janvier 2011.<\/p>\n<p>L&#8217;ATC g\u00e8re le programme canadien de certification de l&#8217;hydrographe. Pour plus d&#8217;informations sur l&#8217;obtention de la certification, <a href=\"https:\/\/staging.acls-aatc.ca\/fr\/etudiants\/programme-canadien-de-certification-hydrographique\/\">cliquez ici.<\/a><\/p>\n","protected":false},"excerpt":{"rendered":"<p>Le bureau de l&#8217;AATC est situ\u00e9 sur les terres\u00a0ancestrales de la Premi\u00e8re nation Om\u00e0m\u00ecwinin\u00ecwag (Algonquin). Les g\u00e9om\u00e8tres appliquent les math\u00e9matiques, le droit de la propri\u00e9t\u00e9 et l&#8217;utilisation des derni\u00e8res technologies de mesure \u00e0 des situations r\u00e9elles. Ces professionnels sont des catalyseurs d&#8217;industries qui injectent des milliards dans l&#8217;\u00e9conomie canadienne chaque ann\u00e9e. En raison de leur [&hellip;]<\/p>\n","protected":false},"author":1,"featured_media":0,"parent":0,"menu_order":0,"comment_status":"closed","ping_status":"open","template":"","meta":{"footnotes":""},"_links":{"self":[{"href":"https:\/\/staging.acls-aatc.ca\/fr\/wp-json\/wp\/v2\/pages\/732"}],"collection":[{"href":"https:\/\/staging.acls-aatc.ca\/fr\/wp-json\/wp\/v2\/pages"}],"about":[{"href":"https:\/\/staging.acls-aatc.ca\/fr\/wp-json\/wp\/v2\/types\/page"}],"author":[{"embeddable":true,"href":"https:\/\/staging.acls-aatc.ca\/fr\/wp-json\/wp\/v2\/users\/1"}],"replies":[{"embeddable":true,"href":"https:\/\/staging.acls-aatc.ca\/fr\/wp-json\/wp\/v2\/comments?post=732"}],"version-history":[{"count":8,"href":"https:\/\/staging.acls-aatc.ca\/fr\/wp-json\/wp\/v2\/pages\/732\/revisions"}],"predecessor-version":[{"id":11103,"href":"https:\/\/staging.acls-aatc.ca\/fr\/wp-json\/wp\/v2\/pages\/732\/revisions\/11103"}],"wp:attachment":[{"href":"https:\/\/staging.acls-aatc.ca\/fr\/wp-json\/wp\/v2\/media?parent=732"}],"curies":[{"name":"wp","href":"https:\/\/api.w.org\/{rel}","templated":true}]}}