{"id":6066,"date":"2019-07-23T12:49:54","date_gmt":"2019-07-23T16:49:54","guid":{"rendered":"https:\/\/www.acls-aatc.ca\/?page_id=6066"},"modified":"2019-08-06T15:24:38","modified_gmt":"2019-08-06T19:24:38","slug":"ethique","status":"publish","type":"page","link":"https:\/\/staging.acls-aatc.ca\/fr\/quest-ce-quun-arpenteurs-des-terres-du-canada\/ethique\/","title":{"rendered":"D\u00e9ontologie"},"content":{"rendered":"<h4><span style=\"color: #800000;\">Les brevets d&#8217;arpenteur des terres du Canada ne sont accord\u00e9es qu&#8217;\u00e0 ceux qui r\u00e9pondent \u00e0 des normes sp\u00e9cifiques en mati\u00e8re d&#8217;\u00e9ducation et de formation en g\u00e9omatique, et seulement apr\u00e8s avoir pass\u00e9 un ensemble rigoureux d&#8217;examens professionnels<\/span><\/h4>\n<h5>L&#8217;\u00e9ducation, la d\u00e9ontologie, les assurances et le d\u00e9veloppement professionnel continu sont les piliers de chaque profession. Les membres de l&#8217;AATC ont jur\u00e9 de respecter un code de d\u00e9ontologie et ont pr\u00eat\u00e9 serment afin d&#8217;assurer le meilleur service possible \u00e0 leurs clients. L\u2019Association dispose de pouvoirs disciplinaires pour r\u00e9gir les comp\u00e9tences et la conduite professionnelle de ses membres, prot\u00e9geant ainsi le public. En outre, tous les titulaires de permis de L&#8217;AATC sont tenus de souscrire une assurance responsabilit\u00e9 professionnelle afin de prot\u00e9ger davantage leurs clients. L&#8217;AATC parraine des programmes de d\u00e9veloppement professionnel continu pour s&#8217;assurer que les membres maintiennent et am\u00e9liorent leurs comp\u00e9tences tout au long de leur carri\u00e8re.<\/h5>\n","protected":false},"excerpt":{"rendered":"<p>Les brevets d&#8217;arpenteur des terres du Canada ne sont accord\u00e9es qu&#8217;\u00e0 ceux qui r\u00e9pondent \u00e0 des normes sp\u00e9cifiques en mati\u00e8re d&#8217;\u00e9ducation et de formation en g\u00e9omatique, et seulement apr\u00e8s avoir pass\u00e9 un ensemble rigoureux d&#8217;examens professionnels L&#8217;\u00e9ducation, la d\u00e9ontologie, les assurances et le d\u00e9veloppement professionnel continu sont les piliers de chaque profession. Les membres de [&hellip;]<\/p>\n","protected":false},"author":3,"featured_media":0,"parent":516,"menu_order":0,"comment_status":"closed","ping_status":"closed","template":"","meta":{"footnotes":""},"_links":{"self":[{"href":"https:\/\/staging.acls-aatc.ca\/fr\/wp-json\/wp\/v2\/pages\/6066"}],"collection":[{"href":"https:\/\/staging.acls-aatc.ca\/fr\/wp-json\/wp\/v2\/pages"}],"about":[{"href":"https:\/\/staging.acls-aatc.ca\/fr\/wp-json\/wp\/v2\/types\/page"}],"author":[{"embeddable":true,"href":"https:\/\/staging.acls-aatc.ca\/fr\/wp-json\/wp\/v2\/users\/3"}],"replies":[{"embeddable":true,"href":"https:\/\/staging.acls-aatc.ca\/fr\/wp-json\/wp\/v2\/comments?post=6066"}],"version-history":[{"count":6,"href":"https:\/\/staging.acls-aatc.ca\/fr\/wp-json\/wp\/v2\/pages\/6066\/revisions"}],"predecessor-version":[{"id":6180,"href":"https:\/\/staging.acls-aatc.ca\/fr\/wp-json\/wp\/v2\/pages\/6066\/revisions\/6180"}],"up":[{"embeddable":true,"href":"https:\/\/staging.acls-aatc.ca\/fr\/wp-json\/wp\/v2\/pages\/516"}],"wp:attachment":[{"href":"https:\/\/staging.acls-aatc.ca\/fr\/wp-json\/wp\/v2\/media?parent=6066"}],"curies":[{"name":"wp","href":"https:\/\/api.w.org\/{rel}","templated":true}]}}