{"id":6044,"date":"2019-07-18T14:55:20","date_gmt":"2019-07-18T18:55:20","guid":{"rendered":"https:\/\/www.acls-aatc.ca\/?page_id=6044"},"modified":"2019-07-18T15:13:04","modified_gmt":"2019-07-18T19:13:04","slug":"carriere-en-arpentage","status":"publish","type":"page","link":"https:\/\/staging.acls-aatc.ca\/fr\/publique\/carriere-en-arpentage\/","title":{"rendered":"Carri\u00e8re en arpentage"},"content":{"rendered":"<h3><span style=\"color: #333333;\"><strong>Carri\u00e8re en arpentage<\/strong><\/span><\/h3>\n<h4><span style=\"color: #333333;\">Pourquoi choisir une carri\u00e8re d&#8217;arpenteur des terres du Canada, consultez notre vid\u00e9o avec Tania Bigstone, Jason Holway et Tyson Quocksister<\/span><\/h4>\n<p><span style=\"color: #333333;\">Pour plus d&#8217;informations sur o\u00f9 trouver des programmes, veuillez nous contacter.<\/span><\/p>\n<p><span style=\"color: #808080;\"><a href=\"mailto:communications@acls-aatc.ca\">communications@acls-aatc.ca<\/a><br \/>\n<\/span><span style=\"color: #808080;\">900 Dynes Road, Suite 100E<br \/>\n<\/span><span style=\"color: #808080;\">Ottawa ON Canada K2C 3L6<br \/>\n<\/span><span style=\"color: #808080;\">T\u00e9l.: 613-723-9200<\/span><\/p>\n<h1 class=\"title style-scope ytd-video-primary-info-renderer\">Career Spotlight Indigenous Land Surveyors<\/h1>\n<div style=\"width: 1280px;\" class=\"wp-video\"><!--[if lt IE 9]><script>document.createElement('video');<\/script><![endif]-->\n<video class=\"wp-video-shortcode\" id=\"video-6044-1\" width=\"1280\" height=\"720\" preload=\"metadata\" controls=\"controls\"><source type=\"video\/mp4\" src=\"https:\/\/www.acls-aatc.ca\/wp-content\/uploads\/2019\/07\/Career-Spotlight-Indigenous-Land-Surveyors.mp4?_=1\" \/><a href=\"https:\/\/www.acls-aatc.ca\/wp-content\/uploads\/2019\/07\/Career-Spotlight-Indigenous-Land-Surveyors.mp4\">https:\/\/www.acls-aatc.ca\/wp-content\/uploads\/2019\/07\/Career-Spotlight-Indigenous-Land-Surveyors.mp4<\/a><\/video><\/div>\n<h4><\/h4>\n","protected":false},"excerpt":{"rendered":"<p>Carri\u00e8re en arpentage Pourquoi choisir une carri\u00e8re d&#8217;arpenteur des terres du Canada, consultez notre vid\u00e9o avec Tania Bigstone, Jason Holway et Tyson Quocksister Pour plus d&#8217;informations sur o\u00f9 trouver des programmes, veuillez nous contacter. communications@acls-aatc.ca 900 Dynes Road, Suite 100E Ottawa ON Canada K2C 3L6 T\u00e9l.: 613-723-9200 Career Spotlight Indigenous Land Surveyors<\/p>\n","protected":false},"author":3,"featured_media":0,"parent":503,"menu_order":0,"comment_status":"closed","ping_status":"closed","template":"","meta":{"footnotes":""},"_links":{"self":[{"href":"https:\/\/staging.acls-aatc.ca\/fr\/wp-json\/wp\/v2\/pages\/6044"}],"collection":[{"href":"https:\/\/staging.acls-aatc.ca\/fr\/wp-json\/wp\/v2\/pages"}],"about":[{"href":"https:\/\/staging.acls-aatc.ca\/fr\/wp-json\/wp\/v2\/types\/page"}],"author":[{"embeddable":true,"href":"https:\/\/staging.acls-aatc.ca\/fr\/wp-json\/wp\/v2\/users\/3"}],"replies":[{"embeddable":true,"href":"https:\/\/staging.acls-aatc.ca\/fr\/wp-json\/wp\/v2\/comments?post=6044"}],"version-history":[{"count":5,"href":"https:\/\/staging.acls-aatc.ca\/fr\/wp-json\/wp\/v2\/pages\/6044\/revisions"}],"predecessor-version":[{"id":6049,"href":"https:\/\/staging.acls-aatc.ca\/fr\/wp-json\/wp\/v2\/pages\/6044\/revisions\/6049"}],"up":[{"embeddable":true,"href":"https:\/\/staging.acls-aatc.ca\/fr\/wp-json\/wp\/v2\/pages\/503"}],"wp:attachment":[{"href":"https:\/\/staging.acls-aatc.ca\/fr\/wp-json\/wp\/v2\/media?parent=6044"}],"curies":[{"name":"wp","href":"https:\/\/api.w.org\/{rel}","templated":true}]}}