{"id":6032,"date":"2019-07-18T14:06:24","date_gmt":"2019-07-18T18:06:24","guid":{"rendered":"https:\/\/www.acls-aatc.ca\/?page_id=6032"},"modified":"2020-04-22T08:26:15","modified_gmt":"2020-04-22T12:26:15","slug":"boite-a-outils-des-arpentages-sur-les-terres-autochtones","status":"publish","type":"page","link":"https:\/\/staging.acls-aatc.ca\/fr\/expertise-autochtone\/boite-a-outils-des-arpentages-sur-les-terres-autochtones\/","title":{"rendered":"Bo\u00eete \u00e0 outils pour l&#8217;arpentage sur les terres autochtones"},"content":{"rendered":"<ul>\n<li>\n<h3><span style=\"color: #800000;\"><strong><a style=\"color: #800000;\" href=\"https:\/\/staging.acls-aatc.ca\/fr\/expertise-autochtone\/boite-a-outils-des-arpentages-sur-les-terres-autochtones\/survey-cost-study-2018-report-2-2\/\">\u00c9tude<\/a><\/strong><strong><a style=\"color: #800000;\" href=\"https:\/\/staging.acls-aatc.ca\/fr\/expertise-autochtone\/boite-a-outils-des-arpentages-sur-les-terres-autochtones\/survey-cost-study-2018-report-2-2\/\">\u00a0des co\u00fbts d&#8217;arpentage (Anglais)<\/a><\/strong><\/span><\/h3>\n<\/li>\n<li>\n<h3><strong><span style=\"color: #800000;\"><a style=\"color: #800000;\" href=\"https:\/\/staging.acls-aatc.ca\/fr\/expertise-autochtone\/boite-a-outils-des-arpentages-sur-les-terres-autochtones\/planification-preliminaire-2\/\" rel=\"attachment wp-att-8180\">Planification pr\u00e9liminaire<\/a><\/span><\/strong><\/h3>\n<\/li>\n<li>\n<h3><span style=\"color: #800000;\"><strong><a style=\"color: #800000;\" href=\"https:\/\/staging.acls-aatc.ca\/fr\/expertise-autochtone\/boite-a-outils-des-arpentages-sur-les-terres-autochtones\/travail-terrain\/\" rel=\"attachment wp-att-8195\">Travail sur le terrain<\/a><\/strong><\/span><\/h3>\n<\/li>\n<li>\n<h3><strong><span style=\"color: #800000;\"><a style=\"color: #800000;\" href=\"https:\/\/staging.acls-aatc.ca\/fr\/expertise-autochtone\/boite-a-outils-des-arpentages-sur-les-terres-autochtones\/preparation-de-plans-et-travail-de-bureau-2\/\" rel=\"attachment wp-att-8183\">Pr\u00e9paration de plans et travail de bureau<\/a><\/span><\/strong><\/h3>\n<\/li>\n<li>\n<h3><span style=\"color: #800000;\"><strong><a style=\"color: #800000;\" href=\"https:\/\/staging.acls-aatc.ca\/fr\/expertise-autochtone\/boite-a-outils-des-arpentages-sur-les-terres-autochtones\/updated-approbation-et-finalisation-des-plans\/\" rel=\"attachment wp-att-7652\">Approbation et finalisation des plans<\/a><\/strong><\/span><\/h3>\n<\/li>\n<li>\n<h3><strong><span style=\"color: #800000;\"><a style=\"color: #800000;\" href=\"https:\/\/staging.acls-aatc.ca\/fr\/membres-acceuil-2\/role-dun-arpenteur\/role_of_a_surveyor_fr-2\/\" rel=\"attachment wp-att-6187\"><span style=\"color: #800000;\">R\u00f4le d&#8217;un arpenteur des terres du Canada \/<\/span> arpenteur-g\u00e9om\u00e8tre provincial<\/a><\/span><\/strong><\/h3>\n<\/li>\n<\/ul>\n","protected":false},"excerpt":{"rendered":"<p>\u00c9tude\u00a0des co\u00fbts d&#8217;arpentage (Anglais) Planification pr\u00e9liminaire Travail sur le terrain Pr\u00e9paration de plans et travail de bureau Approbation et finalisation des plans R\u00f4le d&#8217;un arpenteur des terres du Canada \/ arpenteur-g\u00e9om\u00e8tre provincial<\/p>\n","protected":false},"author":3,"featured_media":0,"parent":1830,"menu_order":0,"comment_status":"closed","ping_status":"closed","template":"","meta":{"footnotes":""},"_links":{"self":[{"href":"https:\/\/staging.acls-aatc.ca\/fr\/wp-json\/wp\/v2\/pages\/6032"}],"collection":[{"href":"https:\/\/staging.acls-aatc.ca\/fr\/wp-json\/wp\/v2\/pages"}],"about":[{"href":"https:\/\/staging.acls-aatc.ca\/fr\/wp-json\/wp\/v2\/types\/page"}],"author":[{"embeddable":true,"href":"https:\/\/staging.acls-aatc.ca\/fr\/wp-json\/wp\/v2\/users\/3"}],"replies":[{"embeddable":true,"href":"https:\/\/staging.acls-aatc.ca\/fr\/wp-json\/wp\/v2\/comments?post=6032"}],"version-history":[{"count":20,"href":"https:\/\/staging.acls-aatc.ca\/fr\/wp-json\/wp\/v2\/pages\/6032\/revisions"}],"predecessor-version":[{"id":8197,"href":"https:\/\/staging.acls-aatc.ca\/fr\/wp-json\/wp\/v2\/pages\/6032\/revisions\/8197"}],"up":[{"embeddable":true,"href":"https:\/\/staging.acls-aatc.ca\/fr\/wp-json\/wp\/v2\/pages\/1830"}],"wp:attachment":[{"href":"https:\/\/staging.acls-aatc.ca\/fr\/wp-json\/wp\/v2\/media?parent=6032"}],"curies":[{"name":"wp","href":"https:\/\/api.w.org\/{rel}","templated":true}]}}