{"id":518,"date":"2017-05-30T15:35:40","date_gmt":"2017-05-30T15:35:40","guid":{"rendered":"http:\/\/acls-aatc.tui.ninja\/?page_id=518"},"modified":"2021-11-17T20:17:31","modified_gmt":"2021-11-17T20:17:31","slug":"plan-strategique","status":"publish","type":"page","link":"https:\/\/staging.acls-aatc.ca\/fr\/a-propos-de-laatc\/plan-strategique\/","title":{"rendered":"Plan Strat\u00e9gique"},"content":{"rendered":"<p>L\u2019Association a mis en place un plan strat\u00e9gique.<\/p>\n<h4><span style=\"text-decoration: underline;\"><strong>VISION<\/strong><\/span><\/h4>\n<p>Inspirer la confiance du public dans la r\u00e9glementation des arpenteurs des terres du Canada.<\/p>\n<h4><span style=\"text-decoration: underline;\"><strong>MISSION<\/strong><\/span><\/h4>\n<p>Fid\u00e8les \u00e0 notre mandat, nous instaurons la confiance et le respect mutuel gr\u00e2ce \u00e0 une gouvernance solide, une autor\u00e9glementation efficace et des comp\u00e9tences individuelles<\/p>\n<h4><strong><span style=\"text-decoration: underline;\">VALEURS<\/span><\/strong><\/h4>\n<p><strong>Int\u00e9grit\u00e9:<\/strong> On peut nous faire enti\u00e8re confiance pour prot\u00e9ger l\u2019int\u00e9grit\u00e9 des terres du Canada et le r\u00e9gime foncier avec justesse et impartialit\u00e9.<\/p>\n<p><strong>Responsabilit\u00e9:<\/strong> Nous respectons nos engagements et assumons nos actions.<\/p>\n<p><strong>Comp\u00e9tence:<\/strong> Nous sommes professionnels, comp\u00e9tents et maintenons nos comp\u00e9tences en permanence gr\u00e2ce \u00e0 un examen des pratiques et un perfectionnement professionnel continu.<\/p>\n<p><strong>Innovation:<\/strong> Nous suivons le rythme des technologies nouvelles et \u00e9mergentes, en nous transformant et en \u00e9voluant au besoin pour apporter la plus grande valeur et une efficacit\u00e9 optimale au grand public et \u00e0 nos membres.<\/p>\n<p><strong>Excellence:<\/strong> Nous nous engageons \u00e0 assurer la qualit\u00e9 et le perfectionnement continu. Nous visons des performances intrins\u00e8quement sup\u00e9rieures, \u00e9tablissant des normes \u00e9lev\u00e9es pour nos membres et nous-m\u00eames.<\/p>\n<h4><span style=\"text-decoration: underline;\"><strong>Initiatives strat\u00e9giques<\/strong><\/span><\/h4>\n<ul>\n<li>Communiquer le r\u00f4le et la valeur de l\u2019arpentage \u00e0 la gouvernance et au bien-\u00eatre socio-\u00e9conomique du pays\u2009;<\/li>\n<li>Consulter les organisations concern\u00e9es et collaborer sur la solution des probl\u00e8mes et l\u2019atteinte d\u2019objectifs communs\u2009;<\/li>\n<li>D\u00e9velopper, motiver et engager un solide effectif de membres diversifi\u00e9s\u2009;<\/li>\n<li>Favoriser les relations entre les communaut\u00e9s des Premi\u00e8res Nations et la profession d\u2019arpentage.<\/li>\n<\/ul>\n","protected":false},"excerpt":{"rendered":"<p>L\u2019Association a mis en place un plan strat\u00e9gique. VISION Inspirer la confiance du public dans la r\u00e9glementation des arpenteurs des terres du Canada. MISSION Fid\u00e8les \u00e0 notre mandat, nous instaurons la confiance et le respect mutuel gr\u00e2ce \u00e0 une gouvernance solide, une autor\u00e9glementation efficace et des comp\u00e9tences individuelles VALEURS Int\u00e9grit\u00e9: On peut nous faire enti\u00e8re [&hellip;]<\/p>\n","protected":false},"author":3,"featured_media":0,"parent":384,"menu_order":0,"comment_status":"closed","ping_status":"closed","template":"","meta":{"footnotes":""},"_links":{"self":[{"href":"https:\/\/staging.acls-aatc.ca\/fr\/wp-json\/wp\/v2\/pages\/518"}],"collection":[{"href":"https:\/\/staging.acls-aatc.ca\/fr\/wp-json\/wp\/v2\/pages"}],"about":[{"href":"https:\/\/staging.acls-aatc.ca\/fr\/wp-json\/wp\/v2\/types\/page"}],"author":[{"embeddable":true,"href":"https:\/\/staging.acls-aatc.ca\/fr\/wp-json\/wp\/v2\/users\/3"}],"replies":[{"embeddable":true,"href":"https:\/\/staging.acls-aatc.ca\/fr\/wp-json\/wp\/v2\/comments?post=518"}],"version-history":[{"count":6,"href":"https:\/\/staging.acls-aatc.ca\/fr\/wp-json\/wp\/v2\/pages\/518\/revisions"}],"predecessor-version":[{"id":11289,"href":"https:\/\/staging.acls-aatc.ca\/fr\/wp-json\/wp\/v2\/pages\/518\/revisions\/11289"}],"up":[{"embeddable":true,"href":"https:\/\/staging.acls-aatc.ca\/fr\/wp-json\/wp\/v2\/pages\/384"}],"wp:attachment":[{"href":"https:\/\/staging.acls-aatc.ca\/fr\/wp-json\/wp\/v2\/media?parent=518"}],"curies":[{"name":"wp","href":"https:\/\/api.w.org\/{rel}","templated":true}]}}