{"id":516,"date":"2017-05-30T15:33:26","date_gmt":"2017-05-30T15:33:26","guid":{"rendered":"http:\/\/acls-aatc.tui.ninja\/?page_id=516"},"modified":"2017-06-16T20:00:00","modified_gmt":"2017-06-16T20:00:00","slug":"quest-ce-quun-arpenteurs-des-terres-du-canada","status":"publish","type":"page","link":"https:\/\/staging.acls-aatc.ca\/fr\/quest-ce-quun-arpenteurs-des-terres-du-canada\/","title":{"rendered":"Qu&#8217;est-ce qu&#8217;un ATC"},"content":{"rendered":"<p>L\u2019arpenteur des terres du Canada est un expert en positionnement spatial et des syst\u00e8mes de droits de propri\u00e9t\u00e9 et dispense les services suivants\u00a0:<\/p>\n<ul>\n<li>Avis et conseils en mati\u00e8re d\u2019arpentage, de sujets portant sur les limites de propri\u00e9t\u00e9;<\/li>\n<li>Arpentages fonciers, descriptions de propri\u00e9t\u00e9s et lev\u00e9s de construction;<\/li>\n<li>Avis et conseils g\u00e9n\u00e9raux sur tous les sujets relatifs \u00e0 la gestion des terres et \u00e0 l\u2019am\u00e9nagement foncier.<\/li>\n<\/ul>\n<p>Seul les membres titulaires d\u2019un permis de pratique de l\u2019AATC sont l\u00e9galement autoris\u00e9s \u00e0 effectuer des travaux d\u2019arpentage foncier sur une cat\u00e9gorie sp\u00e9ciale de terres appel\u00e9es \u00ab\u00a0terres du Canada\u00a0\u00bb. L\u2019arpentage foncier est la branche de l\u2019arpentage qui voit aux activit\u00e9s d\u2019\u00e9tablissement et de la d\u00e9termination de l\u2019importance d\u2019un int\u00e9r\u00eat l\u00e9gal se rapportant \u00e0 une propri\u00e9t\u00e9. L\u2019ensemble de ces activit\u00e9s porte aussi le nom d\u2019arpentage l\u00e9gal.<\/p>\n<p>Quoique nos membres aient chacun leur(s) champ(s) de sp\u00e9cialisation, tous poss\u00e8dent un bagage de connaissances du domaine sous toutes ses facettes, ce qui fait de l\u2019ATC le professionnel tout d\u00e9sign\u00e9 pour trouver la meilleure solution \u00e0 tout probl\u00e8me technique et\/ou administratif reli\u00e9 au mesurage et au positionnement spatial.<\/p>\n","protected":false},"excerpt":{"rendered":"<p>L\u2019arpenteur des terres du Canada est un expert en positionnement spatial et des syst\u00e8mes de droits de propri\u00e9t\u00e9 et dispense les services suivants\u00a0: Avis et conseils en mati\u00e8re d\u2019arpentage, de sujets portant sur les limites de propri\u00e9t\u00e9; Arpentages fonciers, descriptions de propri\u00e9t\u00e9s et lev\u00e9s de construction; Avis et conseils g\u00e9n\u00e9raux sur tous les sujets relatifs [&hellip;]<\/p>\n","protected":false},"author":3,"featured_media":0,"parent":0,"menu_order":0,"comment_status":"closed","ping_status":"closed","template":"","meta":{"footnotes":""},"_links":{"self":[{"href":"https:\/\/staging.acls-aatc.ca\/fr\/wp-json\/wp\/v2\/pages\/516"}],"collection":[{"href":"https:\/\/staging.acls-aatc.ca\/fr\/wp-json\/wp\/v2\/pages"}],"about":[{"href":"https:\/\/staging.acls-aatc.ca\/fr\/wp-json\/wp\/v2\/types\/page"}],"author":[{"embeddable":true,"href":"https:\/\/staging.acls-aatc.ca\/fr\/wp-json\/wp\/v2\/users\/3"}],"replies":[{"embeddable":true,"href":"https:\/\/staging.acls-aatc.ca\/fr\/wp-json\/wp\/v2\/comments?post=516"}],"version-history":[{"count":3,"href":"https:\/\/staging.acls-aatc.ca\/fr\/wp-json\/wp\/v2\/pages\/516\/revisions"}],"predecessor-version":[{"id":1620,"href":"https:\/\/staging.acls-aatc.ca\/fr\/wp-json\/wp\/v2\/pages\/516\/revisions\/1620"}],"wp:attachment":[{"href":"https:\/\/staging.acls-aatc.ca\/fr\/wp-json\/wp\/v2\/media?parent=516"}],"curies":[{"name":"wp","href":"https:\/\/api.w.org\/{rel}","templated":true}]}}