{"id":511,"date":"2017-05-30T15:29:10","date_gmt":"2017-05-30T15:29:10","guid":{"rendered":"http:\/\/acls-aatc.tui.ninja\/?page_id=511"},"modified":"2019-07-23T12:56:43","modified_gmt":"2019-07-23T16:56:43","slug":"multidisciplinarite","status":"publish","type":"page","link":"https:\/\/staging.acls-aatc.ca\/fr\/quest-ce-quun-arpenteurs-des-terres-du-canada\/multidisciplinarite\/","title":{"rendered":"Multidisciplinarit\u00e9"},"content":{"rendered":"<p>La profession d\u2019ATC est\u00a0 r\u00e9ellement multidisciplinaire. Elle fait appel aux disciplines suivantes\u00a0:<\/p>\n<ul>\n<li>L\u2019arpentage : la mesure et le positionnement sur terre ferme.<\/li>\n<li>L\u2019hydrographie : la mesure et le positionnement sur l\u2019eau.<\/li>\n<li>La photogramm\u00e9trie : la mesure et le positionnement \u00e0 l\u2019aide de photos a\u00e9riennes.<\/li>\n<li>La cartographie\u00a0: l\u2019\u00e9laboration de cartes ou plans<\/li>\n<li>La t\u00e9l\u00e9d\u00e9tection\u00a0: le rassemblement de donn\u00e9es sur un objet ou un endroit sur Terre, transmises \u00e0 distance (satellites, avions, etc.)<\/li>\n<li>L\u2019enregistrement foncier : l\u2019administration de l\u2019information sur les droits de propri\u00e9t\u00e9 (titres, actes)<\/li>\n<li>Les syst\u00e8mes d\u2019information g\u00e9ographique (SIG)\u00a0: Syst\u00e8mes informatis\u00e9s de gestion d\u2019information g\u00e9ographique.<\/li>\n<\/ul>\n","protected":false},"excerpt":{"rendered":"<p>La profession d\u2019ATC est\u00a0 r\u00e9ellement multidisciplinaire. Elle fait appel aux disciplines suivantes\u00a0: L\u2019arpentage : la mesure et le positionnement sur terre ferme. L\u2019hydrographie : la mesure et le positionnement sur l\u2019eau. La photogramm\u00e9trie : la mesure et le positionnement \u00e0 l\u2019aide de photos a\u00e9riennes. La cartographie\u00a0: l\u2019\u00e9laboration de cartes ou plans La t\u00e9l\u00e9d\u00e9tection\u00a0: le rassemblement [&hellip;]<\/p>\n","protected":false},"author":3,"featured_media":0,"parent":516,"menu_order":0,"comment_status":"closed","ping_status":"closed","template":"","meta":{"footnotes":""},"_links":{"self":[{"href":"https:\/\/staging.acls-aatc.ca\/fr\/wp-json\/wp\/v2\/pages\/511"}],"collection":[{"href":"https:\/\/staging.acls-aatc.ca\/fr\/wp-json\/wp\/v2\/pages"}],"about":[{"href":"https:\/\/staging.acls-aatc.ca\/fr\/wp-json\/wp\/v2\/types\/page"}],"author":[{"embeddable":true,"href":"https:\/\/staging.acls-aatc.ca\/fr\/wp-json\/wp\/v2\/users\/3"}],"replies":[{"embeddable":true,"href":"https:\/\/staging.acls-aatc.ca\/fr\/wp-json\/wp\/v2\/comments?post=511"}],"version-history":[{"count":1,"href":"https:\/\/staging.acls-aatc.ca\/fr\/wp-json\/wp\/v2\/pages\/511\/revisions"}],"predecessor-version":[{"id":512,"href":"https:\/\/staging.acls-aatc.ca\/fr\/wp-json\/wp\/v2\/pages\/511\/revisions\/512"}],"up":[{"embeddable":true,"href":"https:\/\/staging.acls-aatc.ca\/fr\/wp-json\/wp\/v2\/pages\/516"}],"wp:attachment":[{"href":"https:\/\/staging.acls-aatc.ca\/fr\/wp-json\/wp\/v2\/media?parent=511"}],"curies":[{"name":"wp","href":"https:\/\/api.w.org\/{rel}","templated":true}]}}