{"id":509,"date":"2017-05-30T15:27:04","date_gmt":"2017-05-30T15:27:04","guid":{"rendered":"http:\/\/acls-aatc.tui.ninja\/?page_id=509"},"modified":"2017-06-19T13:17:21","modified_gmt":"2017-06-19T13:17:21","slug":"denontologie","status":"publish","type":"page","link":"https:\/\/staging.acls-aatc.ca\/fr\/a-propos-de-laatc\/denontologie\/","title":{"rendered":"D\u00e9nontologie"},"content":{"rendered":"<p class=\"lead\">Les brevets d\u2019Arpenteur des Terres du Canada sont d\u00e9cern\u00e9s seulement aux personnes qui satisfont \u00e0 des normes pr\u00e9cises en mati\u00e8re d\u2019\u00e9tudes et de formation en g\u00e9omatique, et seulement apr\u00e8s avoir r\u00e9ussi une s\u00e9rie d\u2019examens rigoureux.<\/p>\n<p>Les \u00e9tudes, la d\u00e9ontologie, l\u2019assurance et le perfectionnement professionnel continu sont les piliers de toutes les professions. Les membres de l\u2019AATC\u00a0 pr\u00eatent serment de suivre un code de d\u00e9ontologie et d\u2019assurer le niveau le plus \u00e9lev\u00e9 possible de services \u00e0 leurs clients. L\u2019AATC poss\u00e8de des pouvoirs disciplinaires pour gouverner les comp\u00e9tences et la conduite professionnelle de ses membres prot\u00e9geant ainsi le grand public. L\u2019AATC exige aussi que tous les d\u00e9tenteurs de permis d\u2019ATC aient une assurance responsabilit\u00e9 civile professionnelle comme protection suppl\u00e9mentaire pour leurs clients en cas d\u2019erreurs ou d\u2019omissions dans le cadre de leurs travaux d\u2019arpentage. L\u2019AATC commandite des programmes de perfectionnement professionnel continu pour s\u2019assurer que ses membres conservent et am\u00e9liorent leurs comp\u00e9tences tout au long de leurs carri\u00e8res.<\/p>\n","protected":false},"excerpt":{"rendered":"<p>Les brevets d\u2019Arpenteur des Terres du Canada sont d\u00e9cern\u00e9s seulement aux personnes qui satisfont \u00e0 des normes pr\u00e9cises en mati\u00e8re d\u2019\u00e9tudes et de formation en g\u00e9omatique, et seulement apr\u00e8s avoir r\u00e9ussi une s\u00e9rie d\u2019examens rigoureux. Les \u00e9tudes, la d\u00e9ontologie, l\u2019assurance et le perfectionnement professionnel continu sont les piliers de toutes les professions. Les membres de [&hellip;]<\/p>\n","protected":false},"author":3,"featured_media":0,"parent":384,"menu_order":0,"comment_status":"closed","ping_status":"closed","template":"","meta":{"footnotes":""},"_links":{"self":[{"href":"https:\/\/staging.acls-aatc.ca\/fr\/wp-json\/wp\/v2\/pages\/509"}],"collection":[{"href":"https:\/\/staging.acls-aatc.ca\/fr\/wp-json\/wp\/v2\/pages"}],"about":[{"href":"https:\/\/staging.acls-aatc.ca\/fr\/wp-json\/wp\/v2\/types\/page"}],"author":[{"embeddable":true,"href":"https:\/\/staging.acls-aatc.ca\/fr\/wp-json\/wp\/v2\/users\/3"}],"replies":[{"embeddable":true,"href":"https:\/\/staging.acls-aatc.ca\/fr\/wp-json\/wp\/v2\/comments?post=509"}],"version-history":[{"count":3,"href":"https:\/\/staging.acls-aatc.ca\/fr\/wp-json\/wp\/v2\/pages\/509\/revisions"}],"predecessor-version":[{"id":1628,"href":"https:\/\/staging.acls-aatc.ca\/fr\/wp-json\/wp\/v2\/pages\/509\/revisions\/1628"}],"up":[{"embeddable":true,"href":"https:\/\/staging.acls-aatc.ca\/fr\/wp-json\/wp\/v2\/pages\/384"}],"wp:attachment":[{"href":"https:\/\/staging.acls-aatc.ca\/fr\/wp-json\/wp\/v2\/media?parent=509"}],"curies":[{"name":"wp","href":"https:\/\/api.w.org\/{rel}","templated":true}]}}