{"id":505,"date":"2017-05-30T14:58:00","date_gmt":"2017-05-30T14:58:00","guid":{"rendered":"http:\/\/acls-aatc.tui.ninja\/?page_id=505"},"modified":"2021-07-19T20:51:50","modified_gmt":"2021-07-19T20:51:50","slug":"protection-du-publique","status":"publish","type":"page","link":"https:\/\/staging.acls-aatc.ca\/fr\/publique\/protection-du-publique\/","title":{"rendered":"Protection du Public"},"content":{"rendered":"<p>L&#8217;AATC dispose d&#8217;une s\u00e9rie de processus et de programmes pour s&#8217;assurer que ses membres conservent les plus hauts standards de professionnalisme et de comp\u00e9tence. Les titulaires de permis de l\u2019AATC doivent satisfaire aux exigences minimales de perfectionnement professionnel continu de l&#8217;association et leur travail est inspect\u00e9 tous les trois ans dans le cadre de notre programme d&#8217;examen de la pratique.<\/p>\n<p>Si vous estimez que l\u2019a.t.C. que vous avez engag\u00e9 ne s&#8217;est pas comport\u00e9 de mani\u00e8re professionnelle ou semble incomp\u00e9tent, contactez le registraire (voir la page de contacts du site Web). Le registraire vous guidera dans le processus de r\u00e8glement des plaintes et de la discipline de l\u2019AATC. Voir page intitul\u00e9e \u00ab\u00a0Plaintes\u00a0\u00bb.<\/p>\n<p>La plupart des difficult\u00e9s survenant dans les relations entre le client et l\u2019arpenteur d\u00e9coulent d\u2019une mauvaise communication ou d\u2019un manque de communication. Selon les circonstances particuli\u00e8res, un litige simple peut \u00eatre r\u00e9gl\u00e9 en moins de trente jours.\u00a0 Dans le but de fournir des services efficaces au public, l\u2019AATC peut agir comme m\u00e9diateur si les deux parties sont d\u2019accord. Le registraire ou une autre personne qui convient aux deux parties peut jouer ce r\u00f4le.<\/p>\n","protected":false},"excerpt":{"rendered":"<p>L&#8217;AATC dispose d&#8217;une s\u00e9rie de processus et de programmes pour s&#8217;assurer que ses membres conservent les plus hauts standards de professionnalisme et de comp\u00e9tence. Les titulaires de permis de l\u2019AATC doivent satisfaire aux exigences minimales de perfectionnement professionnel continu de l&#8217;association et leur travail est inspect\u00e9 tous les trois ans dans le cadre de notre [&hellip;]<\/p>\n","protected":false},"author":3,"featured_media":0,"parent":503,"menu_order":0,"comment_status":"closed","ping_status":"closed","template":"","meta":{"footnotes":""},"_links":{"self":[{"href":"https:\/\/staging.acls-aatc.ca\/fr\/wp-json\/wp\/v2\/pages\/505"}],"collection":[{"href":"https:\/\/staging.acls-aatc.ca\/fr\/wp-json\/wp\/v2\/pages"}],"about":[{"href":"https:\/\/staging.acls-aatc.ca\/fr\/wp-json\/wp\/v2\/types\/page"}],"author":[{"embeddable":true,"href":"https:\/\/staging.acls-aatc.ca\/fr\/wp-json\/wp\/v2\/users\/3"}],"replies":[{"embeddable":true,"href":"https:\/\/staging.acls-aatc.ca\/fr\/wp-json\/wp\/v2\/comments?post=505"}],"version-history":[{"count":5,"href":"https:\/\/staging.acls-aatc.ca\/fr\/wp-json\/wp\/v2\/pages\/505\/revisions"}],"predecessor-version":[{"id":10256,"href":"https:\/\/staging.acls-aatc.ca\/fr\/wp-json\/wp\/v2\/pages\/505\/revisions\/10256"}],"up":[{"embeddable":true,"href":"https:\/\/staging.acls-aatc.ca\/fr\/wp-json\/wp\/v2\/pages\/503"}],"wp:attachment":[{"href":"https:\/\/staging.acls-aatc.ca\/fr\/wp-json\/wp\/v2\/media?parent=505"}],"curies":[{"name":"wp","href":"https:\/\/api.w.org\/{rel}","templated":true}]}}