{"id":503,"date":"2017-05-30T14:56:22","date_gmt":"2017-05-30T14:56:22","guid":{"rendered":"http:\/\/acls-aatc.tui.ninja\/?page_id=503"},"modified":"2021-09-30T18:02:02","modified_gmt":"2021-09-30T18:02:02","slug":"publique","status":"publish","type":"page","link":"https:\/\/staging.acls-aatc.ca\/fr\/publique\/","title":{"rendered":"Public accueil"},"content":{"rendered":"<p>L\u2019AATC \u00e9tablit et maintient les normes pour les qualifications des arpenteurs des terres du Canada (ATC), ainsi que les normes de conduite, les connaissances et les comp\u00e9tences des membres de l\u2019Association et leurs firmes. Elle poss\u00e8de un programme de perfectionnement professionnel continu destin\u00e9 au maintien et au renouvellement des connaissances des membres de l\u2019ATC, ainsi qu\u2019un programme d\u2019inspection professionnelle obligatoire par lequel les projets des membres d\u00e9tenteurs de permis en r\u00e8gle sont soumis \u00e0 un examen tous les trois ans.<\/p>\n<p>Elle m\u00e8ne aussi, d\u2019apr\u00e8s la nature de son mandat de protection du public, des enqu\u00eates lorsque des plaintes sont d\u00e9pos\u00e9es contre ses membres.<\/p>\n<p><a class=\"btn btn-danger\" href=\"https:\/\/staging.acls-aatc.ca\/fr\/trouver-un-arpenteur\/\">Trouver un arpenteur dans votre r\u00e9gion<\/a><\/p>\n<p title=\"\u00c9tudiants acceuil\"><span style=\"color: #800000;\"><strong><a style=\"color: #800000;\" href=\"https:\/\/staging.acls-aatc.ca\/fr\/etudiants\/\">\u00c9tudiants acceuil<\/a><\/strong><\/span><\/p>\n","protected":false},"excerpt":{"rendered":"<p>L\u2019AATC \u00e9tablit et maintient les normes pour les qualifications des arpenteurs des terres du Canada (ATC), ainsi que les normes de conduite, les connaissances et les comp\u00e9tences des membres de l\u2019Association et leurs firmes. Elle poss\u00e8de un programme de perfectionnement professionnel continu destin\u00e9 au maintien et au renouvellement des connaissances des membres de l\u2019ATC, ainsi [&hellip;]<\/p>\n","protected":false},"author":3,"featured_media":0,"parent":0,"menu_order":0,"comment_status":"closed","ping_status":"closed","template":"","meta":{"footnotes":""},"_links":{"self":[{"href":"https:\/\/staging.acls-aatc.ca\/fr\/wp-json\/wp\/v2\/pages\/503"}],"collection":[{"href":"https:\/\/staging.acls-aatc.ca\/fr\/wp-json\/wp\/v2\/pages"}],"about":[{"href":"https:\/\/staging.acls-aatc.ca\/fr\/wp-json\/wp\/v2\/types\/page"}],"author":[{"embeddable":true,"href":"https:\/\/staging.acls-aatc.ca\/fr\/wp-json\/wp\/v2\/users\/3"}],"replies":[{"embeddable":true,"href":"https:\/\/staging.acls-aatc.ca\/fr\/wp-json\/wp\/v2\/comments?post=503"}],"version-history":[{"count":9,"href":"https:\/\/staging.acls-aatc.ca\/fr\/wp-json\/wp\/v2\/pages\/503\/revisions"}],"predecessor-version":[{"id":11022,"href":"https:\/\/staging.acls-aatc.ca\/fr\/wp-json\/wp\/v2\/pages\/503\/revisions\/11022"}],"wp:attachment":[{"href":"https:\/\/staging.acls-aatc.ca\/fr\/wp-json\/wp\/v2\/media?parent=503"}],"curies":[{"name":"wp","href":"https:\/\/api.w.org\/{rel}","templated":true}]}}