{"id":490,"date":"2017-05-30T14:41:09","date_gmt":"2017-05-30T14:41:09","guid":{"rendered":"http:\/\/acls-aatc.tui.ninja\/?page_id=490"},"modified":"2022-11-03T19:58:30","modified_gmt":"2022-11-03T19:58:30","slug":"devenir-un-candidat","status":"publish","type":"page","link":"https:\/\/staging.acls-aatc.ca\/fr\/etudiants\/devenir-un-candidat\/","title":{"rendered":"Devenir un candidat"},"content":{"rendered":"<p>Seules les personnes qui d\u00e9tiennent un brevet d\u2019arpenteur des terres du Canada et d\u00e9tenant un\u00a0 permis de pratique de l\u2019Association sont autoris\u00e9s \u00e0 effectuer de l&#8217;arpentage foncier sur des terres du Canada et des terres priv\u00e9es dans les Territoires. Alors la premi\u00e8re \u00e9tape est d\u2019obtenir le brevet d\u2019a.t.C.<\/p>\n<p>Le processus d&#8217;obtention d&#8217;un brevet d\u2019ATC commence par \u00eatre accept\u00e9 comme candidat. Si vous rencontrez un ou plusieurs des conditions suivantes, vous pouvez appliquer directement \u00e0 l&#8217;AATC pour devenir un candidat:<\/p>\n<ul>\n<li>Si vous d\u00e9tenez un permis ou un brevet d\u2019arpenteur-g\u00e9om\u00e8tre dans une province canadienne, ou,<\/li>\n<li>Si vous d\u00e9tenez un certificat d&#8217;ach\u00e8vement du Conseil canadien des examinateurs pour les arpenteurs-g\u00e9om\u00e8tres (CCEAG).<\/li>\n<\/ul>\n<p>Si vous ne remplissez pas les crit\u00e8res ci-dessus, vous devez d&#8217;abord obtenir un certificat d&#8217;ach\u00e8vement du CCEAG. Pour faire une demande au CCEAG, <a href=\"https:\/\/cbeps-cceag.ca\/landing\/\" rel=\"attachment wp-att-1949\">cliquez ici<\/a>.<\/p>\n<p>Le formulaire de demande est disponible \u00e0 la page \u00ab\u00a0formulaires\u00a0\u00bb.<\/p>\n<p>Si vous \u00eates un arpenteur-g\u00e9om\u00e8tre dans une province, demandez \u00e0 votre ordre professionnel d\u2019envoyer un certificat de bonne conduite directement au registraire.<\/p>\n<p>Si vous ne d\u00e9tenez pas un brevet et avez en votre possession un certificat d\u2019ach\u00e8vement du CCEAG, indiquer le num\u00e9ro du certificat sur le formulaire de demande.<\/p>\n<p>Le \u00ab <a href=\"https:\/\/www.acls-aatc.ca\/wp-content\/uploads\/2022\/05\/candidate-handbook-2022-05-31.pdf\">Guide du candidat en englais<\/a> \u00bb qui contient des informations d\u00e9taill\u00e9es sur le processus est disponible \u00e0 partir de la page \u00ab Examens \u00bb.<\/p>\n","protected":false},"excerpt":{"rendered":"<p>Seules les personnes qui d\u00e9tiennent un brevet d\u2019arpenteur des terres du Canada et d\u00e9tenant un\u00a0 permis de pratique de l\u2019Association sont autoris\u00e9s \u00e0 effectuer de l&#8217;arpentage foncier sur des terres du Canada et des terres priv\u00e9es dans les Territoires. Alors la premi\u00e8re \u00e9tape est d\u2019obtenir le brevet d\u2019a.t.C. Le processus d&#8217;obtention d&#8217;un brevet d\u2019ATC commence [&hellip;]<\/p>\n","protected":false},"author":3,"featured_media":0,"parent":835,"menu_order":1,"comment_status":"closed","ping_status":"closed","template":"","meta":{"footnotes":""},"_links":{"self":[{"href":"https:\/\/staging.acls-aatc.ca\/fr\/wp-json\/wp\/v2\/pages\/490"}],"collection":[{"href":"https:\/\/staging.acls-aatc.ca\/fr\/wp-json\/wp\/v2\/pages"}],"about":[{"href":"https:\/\/staging.acls-aatc.ca\/fr\/wp-json\/wp\/v2\/types\/page"}],"author":[{"embeddable":true,"href":"https:\/\/staging.acls-aatc.ca\/fr\/wp-json\/wp\/v2\/users\/3"}],"replies":[{"embeddable":true,"href":"https:\/\/staging.acls-aatc.ca\/fr\/wp-json\/wp\/v2\/comments?post=490"}],"version-history":[{"count":6,"href":"https:\/\/staging.acls-aatc.ca\/fr\/wp-json\/wp\/v2\/pages\/490\/revisions"}],"predecessor-version":[{"id":18650,"href":"https:\/\/staging.acls-aatc.ca\/fr\/wp-json\/wp\/v2\/pages\/490\/revisions\/18650"}],"up":[{"embeddable":true,"href":"https:\/\/staging.acls-aatc.ca\/fr\/wp-json\/wp\/v2\/pages\/835"}],"wp:attachment":[{"href":"https:\/\/staging.acls-aatc.ca\/fr\/wp-json\/wp\/v2\/media?parent=490"}],"curies":[{"name":"wp","href":"https:\/\/api.w.org\/{rel}","templated":true}]}}