{"id":4771,"date":"2019-01-23T15:56:36","date_gmt":"2019-01-23T19:56:36","guid":{"rendered":"https:\/\/www.acls-aatc.ca\/national-surveyors-conference-2019-2\/"},"modified":"2021-04-14T12:36:34","modified_gmt":"2021-04-14T12:36:34","slug":"laga-2021","status":"publish","type":"page","link":"https:\/\/staging.acls-aatc.ca\/fr\/laga-2021\/","title":{"rendered":"L&#8217;AGA 2021"},"content":{"rendered":"<table class=\"galileo-ap-layout-editor\" border=\"0\" width=\"100%\" cellspacing=\"0\" cellpadding=\"0\">\n<tbody>\n<tr>\n<td class=\"OneColumnMobile column\" align=\"\" valign=\"top\" width=\"100%\">\n<div class=\"gl-contains-text\">\n<table border=\"0\" width=\"100%\" cellspacing=\"0\" cellpadding=\"0\">\n<tbody>\n<tr>\n<td class=\"editor-text editor-text \" align=\"left\" valign=\"top\"><\/td>\n<\/tr>\n<\/tbody>\n<\/table>\n<\/div>\n<\/td>\n<\/tr>\n<\/tbody>\n<\/table>\n<table class=\"galileo-ap-layout-editor\" border=\"0\" width=\"100%\" cellspacing=\"0\" cellpadding=\"0\">\n<tbody>\n<tr>\n<td class=\"OneColumnMobile column\" align=\"\" valign=\"top\" width=\"100%\">\n<div class=\"gl-contains-text\">\n<table border=\"0\" width=\"100%\" cellspacing=\"0\" cellpadding=\"0\">\n<tbody>\n<tr>\n<td class=\"editor-text editor-text \" align=\"left\" valign=\"top\">\n<div style=\"text-align: left;\"><\/div>\n<div>\n<div style=\"text-align: left;\" align=\"center\">\n<h4><span style=\"color: #000000;\"><strong>37<sup>e<\/sup>\u00a0Assembl\u00e9e g\u00e9n\u00e9rale annuelle en ligne via GoToWebinar de l\u2019Association des Arpenteurs des Terres du Canada<\/strong><\/span><\/h4>\n<p><strong><span style=\"text-decoration: underline;\">Mercredi 14 avril 2021 13h30 &#8211; 16h30 HAE<\/span><\/strong><\/p>\n<\/div>\n<p>En raison de la pand\u00e9mie mondiale actuelle et des risques li\u00e9s \u00e0 l&#8217;organisation de rassemblements, le comit\u00e9 de la conf\u00e9rence nationale a d\u00e9cid\u00e9 d&#8217;annuler la conf\u00e9rence en personne.<\/p>\n<div style=\"text-align: left;\" align=\"center\">\n<p>Cette ann\u00e9e encore, nous utiliserons le syst\u00e8me de visioconf\u00e9rence GoToWebinar. Un autre e-blast sera envoy\u00e9 plus pr\u00e8s de la date avec le lien pour vous inscrire sur GoToWebinar<\/p>\n<p>Tous les votes se feront via le syst\u00e8me de vote sur GoToWebinar. Les membres pourront \u00eatre en ligne via l&#8217;application Web GoToOpener sur GoToWebinar pour acc\u00e9der au syst\u00e8me de vote et participer.<\/p>\n<p>Pour les documents de r\u00e9union, veuillez vous connecter \u00e0 la section membres du site Web.<\/p>\n<\/div>\n<\/div>\n<h4><span style=\"text-decoration: underline;\"><span style=\"color: #000000; text-decoration: underline;\"><strong>Parrainage<\/strong><\/span><\/span><\/h4>\n<p><a href=\"https:\/\/carlsonsw.com\/\" rel=\"attachment wp-att-9692\"><img loading=\"lazy\" decoding=\"async\" class=\"alignnone wp-image-9693 \" src=\"https:\/\/www.acls-aatc.ca\/wp-content\/uploads\/2021\/03\/Carlson-Logo-without-tag-colorNT-002-300x75.png\" alt=\"\" width=\"176\" height=\"44\" srcset=\"https:\/\/staging.acls-aatc.ca\/wp-content\/uploads\/2021\/03\/Carlson-Logo-without-tag-colorNT-002-300x75.png 300w, https:\/\/staging.acls-aatc.ca\/wp-content\/uploads\/2021\/03\/Carlson-Logo-without-tag-colorNT-002-600x150.png 600w, https:\/\/staging.acls-aatc.ca\/wp-content\/uploads\/2021\/03\/Carlson-Logo-without-tag-colorNT-002-1024x257.png 1024w, https:\/\/staging.acls-aatc.ca\/wp-content\/uploads\/2021\/03\/Carlson-Logo-without-tag-colorNT-002-768x193.png 768w, https:\/\/staging.acls-aatc.ca\/wp-content\/uploads\/2021\/03\/Carlson-Logo-without-tag-colorNT-002.png 1352w\" sizes=\"(max-width: 176px) 100vw, 176px\" \/><\/a>\u00a0 \u00a0 \u00a0 \u00a0<a href=\"https:\/\/www.challengergeomatics.com\/\" rel=\"attachment wp-att-9501\"><img loading=\"lazy\" decoding=\"async\" class=\"alignnone wp-image-9502 \" src=\"https:\/\/www.acls-aatc.ca\/wp-content\/uploads\/2021\/03\/Challenger-P287-Blue_lowres1-300x70.png\" alt=\"\" width=\"167\" height=\"39\" srcset=\"https:\/\/staging.acls-aatc.ca\/wp-content\/uploads\/2021\/03\/Challenger-P287-Blue_lowres1-300x70.png 300w, https:\/\/staging.acls-aatc.ca\/wp-content\/uploads\/2021\/03\/Challenger-P287-Blue_lowres1-600x139.png 600w, https:\/\/staging.acls-aatc.ca\/wp-content\/uploads\/2021\/03\/Challenger-P287-Blue_lowres1-768x179.png 768w, https:\/\/staging.acls-aatc.ca\/wp-content\/uploads\/2021\/03\/Challenger-P287-Blue_lowres1.png 1024w\" sizes=\"(max-width: 167px) 100vw, 167px\" \/><\/a>\u00a0 \u00a0 \u00a0 <a href=\"https:\/\/www.geoverra.com\/\" rel=\"attachment wp-att-9503\"><img loading=\"lazy\" decoding=\"async\" class=\"alignnone wp-image-9504 \" src=\"https:\/\/www.acls-aatc.ca\/wp-content\/uploads\/2021\/03\/GeoVerra_logo-300x100.png\" alt=\"\" width=\"193\" height=\"64\" srcset=\"https:\/\/staging.acls-aatc.ca\/wp-content\/uploads\/2021\/03\/GeoVerra_logo-300x100.png 300w, https:\/\/staging.acls-aatc.ca\/wp-content\/uploads\/2021\/03\/GeoVerra_logo-600x200.png 600w, https:\/\/staging.acls-aatc.ca\/wp-content\/uploads\/2021\/03\/GeoVerra_logo-1024x341.png 1024w, https:\/\/staging.acls-aatc.ca\/wp-content\/uploads\/2021\/03\/GeoVerra_logo-768x256.png 768w, https:\/\/staging.acls-aatc.ca\/wp-content\/uploads\/2021\/03\/GeoVerra_logo-1536x512.png 1536w, https:\/\/staging.acls-aatc.ca\/wp-content\/uploads\/2021\/03\/GeoVerra_logo-2048x683.png 2048w\" sizes=\"(max-width: 193px) 100vw, 193px\" \/><\/a>\u00a0 \u00a0 \u00a0<span style=\"text-decoration: underline;\"><a href=\"https:\/\/www.morasse.com\/index.php?lang=fr\" rel=\"attachment wp-att-9505\"><img loading=\"lazy\" decoding=\"async\" class=\"alignnone wp-image-9506\" src=\"https:\/\/www.acls-aatc.ca\/wp-content\/uploads\/2021\/03\/montagemedaillons-2-300x198.jpg\" alt=\"\" width=\"164\" height=\"108\" srcset=\"https:\/\/staging.acls-aatc.ca\/wp-content\/uploads\/2021\/03\/montagemedaillons-2-300x198.jpg 300w, https:\/\/staging.acls-aatc.ca\/wp-content\/uploads\/2021\/03\/montagemedaillons-2.jpg 371w\" sizes=\"(max-width: 164px) 100vw, 164px\" \/><\/a><\/span><\/p>\n<hr \/>\n<p><span style=\"text-decoration: underline;\"><a href=\"https:\/\/www.mcelhanney.com\/\" rel=\"attachment wp-att-9507\"><img loading=\"lazy\" decoding=\"async\" class=\"alignnone wp-image-9508 \" src=\"https:\/\/www.acls-aatc.ca\/wp-content\/uploads\/2021\/03\/Logo_Vertical_ColourRGB-300x115.jpg\" alt=\"\" width=\"169\" height=\"65\" srcset=\"https:\/\/staging.acls-aatc.ca\/wp-content\/uploads\/2021\/03\/Logo_Vertical_ColourRGB-300x115.jpg 300w, https:\/\/staging.acls-aatc.ca\/wp-content\/uploads\/2021\/03\/Logo_Vertical_ColourRGB-600x229.jpg 600w, https:\/\/staging.acls-aatc.ca\/wp-content\/uploads\/2021\/03\/Logo_Vertical_ColourRGB.jpg 617w\" sizes=\"(max-width: 169px) 100vw, 169px\" \/><\/a><\/span>\u00a0 \u00a0 \u00a0<a href=\"http:\/\/www.ollerhead.ca\/\" rel=\"attachment wp-att-9750\"><img loading=\"lazy\" decoding=\"async\" class=\"alignnone wp-image-9777 \" src=\"https:\/\/www.acls-aatc.ca\/wp-content\/uploads\/2021\/03\/Ollerhead-Associates-Ltd2-002-300x71.jpg\" alt=\"\" width=\"201\" height=\"47\" srcset=\"https:\/\/staging.acls-aatc.ca\/wp-content\/uploads\/2021\/03\/Ollerhead-Associates-Ltd2-002-300x71.jpg 300w, https:\/\/staging.acls-aatc.ca\/wp-content\/uploads\/2021\/03\/Ollerhead-Associates-Ltd2-002-600x142.jpg 600w, https:\/\/staging.acls-aatc.ca\/wp-content\/uploads\/2021\/03\/Ollerhead-Associates-Ltd2-002-1024x243.jpg 1024w, https:\/\/staging.acls-aatc.ca\/wp-content\/uploads\/2021\/03\/Ollerhead-Associates-Ltd2-002-768x182.jpg 768w, https:\/\/staging.acls-aatc.ca\/wp-content\/uploads\/2021\/03\/Ollerhead-Associates-Ltd2-002-1536x364.jpg 1536w, https:\/\/staging.acls-aatc.ca\/wp-content\/uploads\/2021\/03\/Ollerhead-Associates-Ltd2-002.jpg 1999w\" sizes=\"(max-width: 201px) 100vw, 201px\" \/><\/a>\u00a0 \u00a0 \u00a0 <img loading=\"lazy\" decoding=\"async\" class=\"alignnone wp-image-9655\" src=\"https:\/\/www.acls-aatc.ca\/wp-content\/uploads\/2021\/03\/Parc-Logo-300x82.jpg\" alt=\"\" width=\"169\" height=\"46\" srcset=\"https:\/\/staging.acls-aatc.ca\/wp-content\/uploads\/2021\/03\/Parc-Logo-300x82.jpg 300w, https:\/\/staging.acls-aatc.ca\/wp-content\/uploads\/2021\/03\/Parc-Logo-600x163.jpg 600w, https:\/\/staging.acls-aatc.ca\/wp-content\/uploads\/2021\/03\/Parc-Logo-1024x279.jpg 1024w, https:\/\/staging.acls-aatc.ca\/wp-content\/uploads\/2021\/03\/Parc-Logo-768x209.jpg 768w, https:\/\/staging.acls-aatc.ca\/wp-content\/uploads\/2021\/03\/Parc-Logo.jpg 1039w\" sizes=\"(max-width: 169px) 100vw, 169px\" \/>\u00a0 \u00a0 <a href=\"https:\/\/www.tulloch.ca\/\" rel=\"attachment wp-att-9509\"><img loading=\"lazy\" decoding=\"async\" class=\"alignnone wp-image-9510\" src=\"https:\/\/www.acls-aatc.ca\/wp-content\/uploads\/2021\/03\/TullochGeomatics_2.5-300x168.png\" alt=\"\" width=\"161\" height=\"90\" srcset=\"https:\/\/staging.acls-aatc.ca\/wp-content\/uploads\/2021\/03\/TullochGeomatics_2.5-300x168.png 300w, https:\/\/staging.acls-aatc.ca\/wp-content\/uploads\/2021\/03\/TullochGeomatics_2.5-600x336.png 600w, https:\/\/staging.acls-aatc.ca\/wp-content\/uploads\/2021\/03\/TullochGeomatics_2.5.png 750w\" sizes=\"(max-width: 161px) 100vw, 161px\" \/><\/a><\/p>\n<hr \/>\n<p><a href=\"https:\/\/underhill.ca\/\" rel=\"attachment wp-att-9746\"><img loading=\"lazy\" decoding=\"async\" class=\"alignnone wp-image-9747\" src=\"https:\/\/www.acls-aatc.ca\/wp-content\/uploads\/2021\/03\/VANCOUVER-300x100.png\" alt=\"\" width=\"192\" height=\"64\" srcset=\"https:\/\/staging.acls-aatc.ca\/wp-content\/uploads\/2021\/03\/VANCOUVER-300x100.png 300w, https:\/\/staging.acls-aatc.ca\/wp-content\/uploads\/2021\/03\/VANCOUVER-600x199.png 600w, https:\/\/staging.acls-aatc.ca\/wp-content\/uploads\/2021\/03\/VANCOUVER.png 614w\" sizes=\"(max-width: 192px) 100vw, 192px\" \/><\/a>\u00a0 \u00a0 \u00a0 <a href=\"https:\/\/underhill.ca\/\" rel=\"attachment wp-att-9748\"><img loading=\"lazy\" decoding=\"async\" class=\"alignnone wp-image-9749\" src=\"https:\/\/www.acls-aatc.ca\/wp-content\/uploads\/2021\/03\/WHITEHORSE-300x100.png\" alt=\"\" width=\"201\" height=\"67\" srcset=\"https:\/\/staging.acls-aatc.ca\/wp-content\/uploads\/2021\/03\/WHITEHORSE-300x100.png 300w, https:\/\/staging.acls-aatc.ca\/wp-content\/uploads\/2021\/03\/WHITEHORSE-600x199.png 600w, https:\/\/staging.acls-aatc.ca\/wp-content\/uploads\/2021\/03\/WHITEHORSE.png 614w\" sizes=\"(max-width: 201px) 100vw, 201px\" \/><\/a>\u00a0 \u00a0 \u00a0 \u00a0 \u00a0 \u00a0 \u00a0<a href=\"https:\/\/leica-geosystems.com\/\" rel=\"attachment wp-att-9567\"><img loading=\"lazy\" decoding=\"async\" class=\"alignnone wp-image-9568\" src=\"https:\/\/www.acls-aatc.ca\/wp-content\/uploads\/2021\/03\/Logo-Leica-Geosystems-002-300x195.jpg\" alt=\"\" width=\"117\" height=\"76\" srcset=\"https:\/\/staging.acls-aatc.ca\/wp-content\/uploads\/2021\/03\/Logo-Leica-Geosystems-002-300x195.jpg 300w, https:\/\/staging.acls-aatc.ca\/wp-content\/uploads\/2021\/03\/Logo-Leica-Geosystems-002.jpg 351w\" sizes=\"(max-width: 117px) 100vw, 117px\" \/><\/a>\u00a0 \u00a0 \u00a0 <a href=\"https:\/\/staging.acls-aatc.ca\/fr\/laga-2021\/north-of-60-rg\/\" rel=\"attachment wp-att-9786\"><img loading=\"lazy\" decoding=\"async\" class=\"alignnone wp-image-9786\" src=\"https:\/\/www.acls-aatc.ca\/wp-content\/uploads\/2021\/03\/north-of-60-RG-300x149.png\" alt=\"\" width=\"183\" height=\"91\" srcset=\"https:\/\/staging.acls-aatc.ca\/wp-content\/uploads\/2021\/03\/north-of-60-RG-300x149.png 300w, https:\/\/staging.acls-aatc.ca\/wp-content\/uploads\/2021\/03\/north-of-60-RG-600x298.png 600w, https:\/\/staging.acls-aatc.ca\/wp-content\/uploads\/2021\/03\/north-of-60-RG.png 732w\" sizes=\"(max-width: 183px) 100vw, 183px\" \/><\/a><\/p>\n<hr \/>\n<h3 class=\"text-container galileo-ap-content-editor\"><strong><span style=\"text-decoration: underline;\"><span style=\"color: #000000; text-decoration: underline;\">Parrainage <\/span><span style=\"color: #000000; text-decoration: underline;\">individuel<\/span><\/span><\/strong><\/h3>\n<p>Ian Robertson<\/p>\n<p><iframe loading=\"lazy\" title=\"Measure what you see with Leica GS18 I\" width=\"500\" height=\"281\" src=\"https:\/\/www.youtube.com\/embed\/fRLEEPS9-rY?feature=oembed\" frameborder=\"0\" allow=\"accelerometer; autoplay; clipboard-write; encrypted-media; gyroscope; picture-in-picture\" allowfullscreen><\/iframe><\/p>\n<p><div style=\"width: 1920px;\" class=\"wp-video\"><!--[if lt IE 9]><script>document.createElement('video');<\/script><![endif]-->\n<video class=\"wp-video-shortcode\" id=\"video-4771-1\" width=\"1920\" height=\"1080\" preload=\"metadata\" controls=\"controls\"><source type=\"video\/mp4\" src=\"https:\/\/www.acls-aatc.ca\/wp-content\/uploads\/2021\/04\/ACLS-CARLSON-INTRO.mp4?_=1\" \/><a href=\"https:\/\/www.acls-aatc.ca\/wp-content\/uploads\/2021\/04\/ACLS-CARLSON-INTRO.mp4\">https:\/\/www.acls-aatc.ca\/wp-content\/uploads\/2021\/04\/ACLS-CARLSON-INTRO.mp4<\/a><\/video><\/div><\/td>\n<\/tr>\n<\/tbody>\n<\/table>\n<\/div>\n<\/td>\n<\/tr>\n<\/tbody>\n<\/table>\n","protected":false},"excerpt":{"rendered":"<p>37e\u00a0Assembl\u00e9e g\u00e9n\u00e9rale annuelle en ligne via GoToWebinar de l\u2019Association des Arpenteurs des Terres du Canada Mercredi 14 avril 2021 13h30 &#8211; 16h30 HAE En raison de la pand\u00e9mie mondiale actuelle et des risques li\u00e9s \u00e0 l&#8217;organisation de rassemblements, le comit\u00e9 de la conf\u00e9rence nationale a d\u00e9cid\u00e9 d&#8217;annuler la conf\u00e9rence en personne. Cette ann\u00e9e encore, nous [&hellip;]<\/p>\n","protected":false},"author":1,"featured_media":6196,"parent":0,"menu_order":0,"comment_status":"closed","ping_status":"closed","template":"","meta":{"footnotes":""},"_links":{"self":[{"href":"https:\/\/staging.acls-aatc.ca\/fr\/wp-json\/wp\/v2\/pages\/4771"}],"collection":[{"href":"https:\/\/staging.acls-aatc.ca\/fr\/wp-json\/wp\/v2\/pages"}],"about":[{"href":"https:\/\/staging.acls-aatc.ca\/fr\/wp-json\/wp\/v2\/types\/page"}],"author":[{"embeddable":true,"href":"https:\/\/staging.acls-aatc.ca\/fr\/wp-json\/wp\/v2\/users\/1"}],"replies":[{"embeddable":true,"href":"https:\/\/staging.acls-aatc.ca\/fr\/wp-json\/wp\/v2\/comments?post=4771"}],"version-history":[{"count":46,"href":"https:\/\/staging.acls-aatc.ca\/fr\/wp-json\/wp\/v2\/pages\/4771\/revisions"}],"predecessor-version":[{"id":9860,"href":"https:\/\/staging.acls-aatc.ca\/fr\/wp-json\/wp\/v2\/pages\/4771\/revisions\/9860"}],"wp:featuredmedia":[{"embeddable":true,"href":"https:\/\/staging.acls-aatc.ca\/fr\/wp-json\/wp\/v2\/media\/6196"}],"wp:attachment":[{"href":"https:\/\/staging.acls-aatc.ca\/fr\/wp-json\/wp\/v2\/media?parent=4771"}],"curies":[{"name":"wp","href":"https:\/\/api.w.org\/{rel}","templated":true}]}}