{"id":412,"date":"2017-05-26T20:15:50","date_gmt":"2017-05-26T20:15:50","guid":{"rendered":"http:\/\/acls-aatc.tui.ninja\/?page_id=412"},"modified":"2017-06-19T13:24:31","modified_gmt":"2017-06-19T13:24:31","slug":"notre-mission","status":"publish","type":"page","link":"https:\/\/staging.acls-aatc.ca\/fr\/a-propos-de-laatc\/notre-mission\/","title":{"rendered":"Notre Mission"},"content":{"rendered":"<div class=\"region region-content\">\n<div id=\"node-22\" class=\"node node-page clearfix\">\n<div class=\"content\">\n<div class=\"field field-name-body field-type-text-with-summary field-label-hidden\">\n<div class=\"field-items\">\n<div class=\"field-item even\">\n<p>Nous r\u00e9aliserons notre vision en maintenant notre engagement envers la soci\u00e9t\u00e9 et notre r\u00f4le d\u2019appuyer la p\u00e9rennit\u00e9 sociale et \u00e9conomique du Canada. Nous r\u00e9aliserons les objectifs de l\u2019Association tels qu\u2019\u00e9nonc\u00e9s dans la Loi sur les arpenteurs de terres du Canada. Agissant avec int\u00e9grit\u00e9 en toutes choses nous :<\/p>\n<ul>\n<li>R\u00e9glementerons nos membres et assurerons l\u2019expertise en maintenant \u00e0 jour des normes nationales, les qualifications et la gouvernance de l\u2019Association.<\/li>\n<li>Verrons \u00e0 l\u2019avancement de la profession en faisant la promotion des contributions de nos membres \u00e0 la construction et la maintenance du tissu foncier terrestre et extrac\u00f4tier sur lequel est fond\u00e9 le Canada; et<\/li>\n<li>Encouragerons les relations coop\u00e9ratives avec d\u2019autres organisations et gouvernements.<\/li>\n<\/ul>\n<\/div>\n<\/div>\n<\/div>\n<\/div>\n<\/div>\n<\/div>\n","protected":false},"excerpt":{"rendered":"<p>Nous r\u00e9aliserons notre vision en maintenant notre engagement envers la soci\u00e9t\u00e9 et notre r\u00f4le d\u2019appuyer la p\u00e9rennit\u00e9 sociale et \u00e9conomique du Canada. Nous r\u00e9aliserons les objectifs de l\u2019Association tels qu\u2019\u00e9nonc\u00e9s dans la Loi sur les arpenteurs de terres du Canada. Agissant avec int\u00e9grit\u00e9 en toutes choses nous : R\u00e9glementerons nos membres et assurerons l\u2019expertise en [&hellip;]<\/p>\n","protected":false},"author":3,"featured_media":0,"parent":384,"menu_order":0,"comment_status":"closed","ping_status":"closed","template":"","meta":{"footnotes":""},"_links":{"self":[{"href":"https:\/\/staging.acls-aatc.ca\/fr\/wp-json\/wp\/v2\/pages\/412"}],"collection":[{"href":"https:\/\/staging.acls-aatc.ca\/fr\/wp-json\/wp\/v2\/pages"}],"about":[{"href":"https:\/\/staging.acls-aatc.ca\/fr\/wp-json\/wp\/v2\/types\/page"}],"author":[{"embeddable":true,"href":"https:\/\/staging.acls-aatc.ca\/fr\/wp-json\/wp\/v2\/users\/3"}],"replies":[{"embeddable":true,"href":"https:\/\/staging.acls-aatc.ca\/fr\/wp-json\/wp\/v2\/comments?post=412"}],"version-history":[{"count":4,"href":"https:\/\/staging.acls-aatc.ca\/fr\/wp-json\/wp\/v2\/pages\/412\/revisions"}],"predecessor-version":[{"id":1631,"href":"https:\/\/staging.acls-aatc.ca\/fr\/wp-json\/wp\/v2\/pages\/412\/revisions\/1631"}],"up":[{"embeddable":true,"href":"https:\/\/staging.acls-aatc.ca\/fr\/wp-json\/wp\/v2\/pages\/384"}],"wp:attachment":[{"href":"https:\/\/staging.acls-aatc.ca\/fr\/wp-json\/wp\/v2\/media?parent=412"}],"curies":[{"name":"wp","href":"https:\/\/api.w.org\/{rel}","templated":true}]}}