{"id":409,"date":"2017-05-26T20:14:39","date_gmt":"2017-05-26T20:14:39","guid":{"rendered":"http:\/\/acls-aatc.tui.ninja\/?page_id=409"},"modified":"2019-07-17T15:07:24","modified_gmt":"2019-07-17T19:07:24","slug":"historique","status":"publish","type":"page","link":"https:\/\/staging.acls-aatc.ca\/fr\/a-propos-de-laatc\/historique\/","title":{"rendered":"Historique"},"content":{"rendered":"<h5 class=\"lead\"><span style=\"color: #000000;\">L\u2019Association s\u2019est incorpor\u00e9e le 24 mai 1985 et est devenue un organisme de d\u00e9livrance des permis le 18 mars 1999, \u00e0 l\u2019entr\u00e9e en vigueur de Loi sur les arpenteurs des terres du Canada.<\/span> <a href=\"https:\/\/staging.acls-aatc.ca\/fr\/a-propos-de-laatc\/historique\/histoire-2\/\" rel=\"attachment wp-att-653\">Cliquez ici<\/a> <span style=\"color: #000000;\">pour acc\u00e9der \u00e0 l\u2019historique d\u00e9taill\u00e9 de l\u2019AATC.<\/span><\/h5>\n","protected":false},"excerpt":{"rendered":"<p>L\u2019Association s\u2019est incorpor\u00e9e le 24 mai 1985 et est devenue un organisme de d\u00e9livrance des permis le 18 mars 1999, \u00e0 l\u2019entr\u00e9e en vigueur de Loi sur les arpenteurs des terres du Canada. Cliquez ici pour acc\u00e9der \u00e0 l\u2019historique d\u00e9taill\u00e9 de l\u2019AATC.<\/p>\n","protected":false},"author":3,"featured_media":0,"parent":384,"menu_order":0,"comment_status":"closed","ping_status":"closed","template":"","meta":{"footnotes":""},"_links":{"self":[{"href":"https:\/\/staging.acls-aatc.ca\/fr\/wp-json\/wp\/v2\/pages\/409"}],"collection":[{"href":"https:\/\/staging.acls-aatc.ca\/fr\/wp-json\/wp\/v2\/pages"}],"about":[{"href":"https:\/\/staging.acls-aatc.ca\/fr\/wp-json\/wp\/v2\/types\/page"}],"author":[{"embeddable":true,"href":"https:\/\/staging.acls-aatc.ca\/fr\/wp-json\/wp\/v2\/users\/3"}],"replies":[{"embeddable":true,"href":"https:\/\/staging.acls-aatc.ca\/fr\/wp-json\/wp\/v2\/comments?post=409"}],"version-history":[{"count":5,"href":"https:\/\/staging.acls-aatc.ca\/fr\/wp-json\/wp\/v2\/pages\/409\/revisions"}],"predecessor-version":[{"id":5999,"href":"https:\/\/staging.acls-aatc.ca\/fr\/wp-json\/wp\/v2\/pages\/409\/revisions\/5999"}],"up":[{"embeddable":true,"href":"https:\/\/staging.acls-aatc.ca\/fr\/wp-json\/wp\/v2\/pages\/384"}],"wp:attachment":[{"href":"https:\/\/staging.acls-aatc.ca\/fr\/wp-json\/wp\/v2\/media?parent=409"}],"curies":[{"name":"wp","href":"https:\/\/api.w.org\/{rel}","templated":true}]}}