{"id":405,"date":"2017-05-26T20:09:01","date_gmt":"2017-05-26T20:09:01","guid":{"rendered":"http:\/\/acls-aatc.tui.ninja\/?page_id=405"},"modified":"2022-05-26T18:42:35","modified_gmt":"2022-05-26T18:42:35","slug":"participation-avec-nrcan","status":"publish","type":"page","link":"https:\/\/staging.acls-aatc.ca\/fr\/a-propos-de-laatc\/participation-avec-nrcan\/","title":{"rendered":"Participation avec RNCan"},"content":{"rendered":"<div class=\"region region-content\">\n<div id=\"node-26\" class=\"node node-page clearfix\">\n<div class=\"content\">\n<div class=\"field field-name-body field-type-text-with-summary field-label-hidden\">\n<div class=\"field-items\">\n<div class=\"field-item even\">\n<p>L\u2019AATC n\u2019est ni une soci\u00e9t\u00e9 d\u2019\u00c9tat ni un minist\u00e8re gouvernemental, mais elle entretient des liens privil\u00e9gi\u00e9s avec le\u00a0<span style=\"text-decoration: underline; color: #800000;\"><strong><a style=\"color: #800000; text-decoration: underline;\" href=\"http:\/\/www.rncan.gc.ca\/sciences-terre\/geomatique\/arpentage-terres-canada\/10798\">Direction de l\u2019arpenteur g\u00e9n\u00e9ral<\/a><\/strong><\/span>, qui fait partie de Ressources Naturelles Canada (RNCan).<\/p>\n<p>De fait, si l\u2019Association ne rencontre pas ses objectifs, le ministre f\u00e9d\u00e9ral des Ressources Naturelles a le pouvoir l\u00e9gislatif de prendre les mesures n\u00e9cessaires pour qu\u2019elle puisse y parvenir. Chaque ann\u00e9e, l\u2019AATC soumet un rapport au ministre de RNCan. Cliquez ici pour avoir acc\u00e8s au plus r\u00e9cent<strong> <a href=\"https:\/\/www.acls-aatc.ca\/wp-content\/uploads\/2022\/05\/2021-Rapport-Annuel.pdf\">2021 Rapport Annuel<\/a><\/strong><\/p>\n<p>Pour s\u2019assurer que l\u2019AATC remplisse son mandat de prot\u00e9ger le public, le ministre d\u00e9signe deux repr\u00e9sentants \u00e0 titre de conseillers votants au sein du Conseil de l\u2019Association.<\/p>\n<p>Plusieurs membres du personnel du CCGC sont par ailleurs tr\u00e8s impliqu\u00e9s dans les initiatives de l\u2019AATC en tant que participants b\u00e9n\u00e9voles dans divers comit\u00e9s et groupes de travail.<\/p>\n<p>&nbsp;<\/p>\n<\/div>\n<\/div>\n<\/div>\n<\/div>\n<\/div>\n<\/div>\n","protected":false},"excerpt":{"rendered":"<p>L\u2019AATC n\u2019est ni une soci\u00e9t\u00e9 d\u2019\u00c9tat ni un minist\u00e8re gouvernemental, mais elle entretient des liens privil\u00e9gi\u00e9s avec le\u00a0Direction de l\u2019arpenteur g\u00e9n\u00e9ral, qui fait partie de Ressources Naturelles Canada (RNCan). De fait, si l\u2019Association ne rencontre pas ses objectifs, le ministre f\u00e9d\u00e9ral des Ressources Naturelles a le pouvoir l\u00e9gislatif de prendre les mesures n\u00e9cessaires pour qu\u2019elle [&hellip;]<\/p>\n","protected":false},"author":3,"featured_media":0,"parent":384,"menu_order":0,"comment_status":"closed","ping_status":"closed","template":"","meta":{"footnotes":""},"_links":{"self":[{"href":"https:\/\/staging.acls-aatc.ca\/fr\/wp-json\/wp\/v2\/pages\/405"}],"collection":[{"href":"https:\/\/staging.acls-aatc.ca\/fr\/wp-json\/wp\/v2\/pages"}],"about":[{"href":"https:\/\/staging.acls-aatc.ca\/fr\/wp-json\/wp\/v2\/types\/page"}],"author":[{"embeddable":true,"href":"https:\/\/staging.acls-aatc.ca\/fr\/wp-json\/wp\/v2\/users\/3"}],"replies":[{"embeddable":true,"href":"https:\/\/staging.acls-aatc.ca\/fr\/wp-json\/wp\/v2\/comments?post=405"}],"version-history":[{"count":20,"href":"https:\/\/staging.acls-aatc.ca\/fr\/wp-json\/wp\/v2\/pages\/405\/revisions"}],"predecessor-version":[{"id":16373,"href":"https:\/\/staging.acls-aatc.ca\/fr\/wp-json\/wp\/v2\/pages\/405\/revisions\/16373"}],"up":[{"embeddable":true,"href":"https:\/\/staging.acls-aatc.ca\/fr\/wp-json\/wp\/v2\/pages\/384"}],"wp:attachment":[{"href":"https:\/\/staging.acls-aatc.ca\/fr\/wp-json\/wp\/v2\/media?parent=405"}],"curies":[{"name":"wp","href":"https:\/\/api.w.org\/{rel}","templated":true}]}}