{"id":399,"date":"2017-05-26T19:52:52","date_gmt":"2017-05-26T19:52:52","guid":{"rendered":"http:\/\/acls-aatc.tui.ninja\/?page_id=399"},"modified":"2022-03-31T19:35:53","modified_gmt":"2022-03-31T19:35:53","slug":"gouvernance-et-legislation","status":"publish","type":"page","link":"https:\/\/staging.acls-aatc.ca\/fr\/a-propos-de-laatc\/gouvernance-et-legislation\/","title":{"rendered":"Gouvernance et L\u00e9gislation"},"content":{"rendered":"<div class=\"region region-content\">\n<div id=\"node-25\" class=\"node node-page clearfix\">\n<div class=\"content\">\n<div class=\"field field-name-body field-type-text-with-summary field-label-hidden\">\n<div class=\"field-items\">\n<div class=\"field-item even\">\n<p class=\"lead\">La gouvernance de l\u2019Association est assur\u00e9e par un Conseil \u00a0form\u00e9 de personnes \u00e9lues et de personnes d\u00e9sign\u00e9es. Voici la liste des membres du Conseil de l\u2019AATC pour la p\u00e9riode 2021-2022.<\/p>\n<\/div>\n<ul>\n<li>Pr\u00e9sident sortant \u2013 Jim Christie, BCLS, ATC, Vancouver, Colombie-Britannique<\/li>\n<li>Vice-pr\u00e9sident \u2013 Robert Halliday, a.-g, ATC, Espanola, Ontario<\/li>\n<li>Conseiller de 3i\u00e8me ann\u00e9e \u2013 Max Putnam, a.-g, ATC Saskatoon, Saskatchewan<\/li>\n<li>Conseiller de 2i\u00e8me ann\u00e9e &#8211; David Rochette, a.-g, Quebec, Quebec<\/li>\n<li>Li\u00e8re ann\u00e9e\u2013 eid Egger, ATC, ALS, BCLS(np), Edmonton, Alberta<\/li>\n<li>Conseiller nomm\u00e9 par le Ministre: Leona Irons, Curve Lake, Ontario<\/li>\n<li>Conseiller nomm\u00e9 par le Ministre: Gordon MacInnis, \u00cele-du-Prince-\u00c9douard<\/li>\n<li>Arpenteur g\u00e9n\u00e9ral: Jean Gagnon, a.-g.N.-B., ATC, Ottawa, Ontario<\/li>\n<li>Pr\u00e9sident \u2013 Philippe Breau, a.-g.N.-B., ALS, ATC, N\u00e9guac, Nouveau-Brunswick<\/li>\n<\/ul>\n<div class=\"field-item even\">\n<p>Au dessous vous allez trouvez les liens \u00e0 la l\u00e9gislation appartenant au arpenteur dans le Canada<\/p>\n<ul>\n<li><span lang=\"FR-CA\" xml:lang=\"FR-CA\">Loi sur les arpenteurs des terres du Canada (S.C. 1998, c. 14)<\/span><\/li>\n<\/ul>\n<p><a href=\"http:\/\/laws-lois.justice.gc.ca\/fra\/lois\/L-5.8\/\"><span lang=\"FR-CA\" xml:lang=\"FR-CA\">\u00a0\u00a0\u00a0\u00a0\u00a0\u00a0\u00a0\u00a0 Loi sur les arpenteurs des terres du Canada<\/span><\/a><\/p>\n<ul>\n<li><span lang=\"FR-CA\" xml:lang=\"FR-CA\">Loi sur l\u2019arpentage des terres du Canada (R.S.C., 1985, c. L-6)<\/span><\/li>\n<\/ul>\n<p><a href=\"http:\/\/laws-lois.justice.gc.ca\/fra\/lois\/L-6\/\"><span lang=\"FR-CA\" xml:lang=\"FR-CA\">\u00a0\u00a0\u00a0\u00a0\u00a0\u00a0\u00a0\u00a0 Loi sur l\u2019arpentage des terres du Canada<\/span><\/a><\/p>\n<p><span lang=\"FR-CA\" xml:lang=\"FR-CA\">\u00a0\u00a0\u00a0\u00a0\u00a0\u00a0\u00a0\u00a0 R\u00e8glement sur les arpenteurs des terres du Canada (SOR\/99-142)<\/span><\/p>\n<ul>\n<li><a href=\"http:\/\/laws-lois.justice.gc.ca\/fra\/reglements\/DORS-99-142\/index.html\"><span lang=\"FR-CA\" xml:lang=\"FR-CA\">R\u00e8glement sur les arpenteurs des terres du Canada<\/span><\/a><\/li>\n<\/ul>\n<p>&nbsp;<\/p>\n<\/div>\n<\/div>\n<\/div>\n<\/div>\n<\/div>\n<\/div>\n","protected":false},"excerpt":{"rendered":"<p>La gouvernance de l\u2019Association est assur\u00e9e par un Conseil \u00a0form\u00e9 de personnes \u00e9lues et de personnes d\u00e9sign\u00e9es. Voici la liste des membres du Conseil de l\u2019AATC pour la p\u00e9riode 2021-2022. Pr\u00e9sident sortant \u2013 Jim Christie, BCLS, ATC, Vancouver, Colombie-Britannique Vice-pr\u00e9sident \u2013 Robert Halliday, a.-g, ATC, Espanola, Ontario Conseiller de 3i\u00e8me ann\u00e9e \u2013 Max Putnam, a.-g, [&hellip;]<\/p>\n","protected":false},"author":3,"featured_media":0,"parent":384,"menu_order":0,"comment_status":"closed","ping_status":"closed","template":"","meta":{"footnotes":""},"_links":{"self":[{"href":"https:\/\/staging.acls-aatc.ca\/fr\/wp-json\/wp\/v2\/pages\/399"}],"collection":[{"href":"https:\/\/staging.acls-aatc.ca\/fr\/wp-json\/wp\/v2\/pages"}],"about":[{"href":"https:\/\/staging.acls-aatc.ca\/fr\/wp-json\/wp\/v2\/types\/page"}],"author":[{"embeddable":true,"href":"https:\/\/staging.acls-aatc.ca\/fr\/wp-json\/wp\/v2\/users\/3"}],"replies":[{"embeddable":true,"href":"https:\/\/staging.acls-aatc.ca\/fr\/wp-json\/wp\/v2\/comments?post=399"}],"version-history":[{"count":20,"href":"https:\/\/staging.acls-aatc.ca\/fr\/wp-json\/wp\/v2\/pages\/399\/revisions"}],"predecessor-version":[{"id":14812,"href":"https:\/\/staging.acls-aatc.ca\/fr\/wp-json\/wp\/v2\/pages\/399\/revisions\/14812"}],"up":[{"embeddable":true,"href":"https:\/\/staging.acls-aatc.ca\/fr\/wp-json\/wp\/v2\/pages\/384"}],"wp:attachment":[{"href":"https:\/\/staging.acls-aatc.ca\/fr\/wp-json\/wp\/v2\/media?parent=399"}],"curies":[{"name":"wp","href":"https:\/\/api.w.org\/{rel}","templated":true}]}}