{"id":386,"date":"2017-05-26T19:47:53","date_gmt":"2017-05-26T19:47:53","guid":{"rendered":"http:\/\/acls-aatc.tui.ninja\/?page_id=386"},"modified":"2019-07-17T15:14:09","modified_gmt":"2019-07-17T19:14:09","slug":"prix-david-thompson","status":"publish","type":"page","link":"https:\/\/staging.acls-aatc.ca\/fr\/prix-david-thompson\/","title":{"rendered":"Prix David Thompson"},"content":{"rendered":"<h4 id=\"tw-target-text\" class=\"tw-data-text tw-ta tw-text-small\" dir=\"ltr\" data-placeholder=\"Translation\"><strong><span lang=\"fr\" tabindex=\"0\">PRIX NATIONAL DE G\u00c9OMATIQUE DAVID THOMPSON<\/span><\/strong><\/h4>\n<p>Pour c\u00e9l\u00e9brer l&#8217;excellence dans le domaine de la g\u00e9omatique au Canada, les prix nationaux en g\u00e9omatique David Thompson on \u00e9t\u00e9 introduits au cours de l&#8217;hiver 2006-2007.\u00a0 Ce programme a \u00e9t\u00e9 d\u00e9velopp\u00e9, en collaboration avec G\u00e9om\u00e8tres professionnels Canada.<\/p>\n<p>Pour plus d&#8217;informations et pour soumettre des projets, veuillez consulter le site Web des David Thompson Awards<strong> <a href=\"http:\/\/davidthompsonawards.ca\/accueil\/\">ici<\/a>.<\/strong><\/p>\n","protected":false},"excerpt":{"rendered":"<p>PRIX NATIONAL DE G\u00c9OMATIQUE DAVID THOMPSON Pour c\u00e9l\u00e9brer l&#8217;excellence dans le domaine de la g\u00e9omatique au Canada, les prix nationaux en g\u00e9omatique David Thompson on \u00e9t\u00e9 introduits au cours de l&#8217;hiver 2006-2007.\u00a0 Ce programme a \u00e9t\u00e9 d\u00e9velopp\u00e9, en collaboration avec G\u00e9om\u00e8tres professionnels Canada. Pour plus d&#8217;informations et pour soumettre des projets, veuillez consulter le site [&hellip;]<\/p>\n","protected":false},"author":3,"featured_media":0,"parent":0,"menu_order":0,"comment_status":"closed","ping_status":"closed","template":"","meta":{"footnotes":""},"_links":{"self":[{"href":"https:\/\/staging.acls-aatc.ca\/fr\/wp-json\/wp\/v2\/pages\/386"}],"collection":[{"href":"https:\/\/staging.acls-aatc.ca\/fr\/wp-json\/wp\/v2\/pages"}],"about":[{"href":"https:\/\/staging.acls-aatc.ca\/fr\/wp-json\/wp\/v2\/types\/page"}],"author":[{"embeddable":true,"href":"https:\/\/staging.acls-aatc.ca\/fr\/wp-json\/wp\/v2\/users\/3"}],"replies":[{"embeddable":true,"href":"https:\/\/staging.acls-aatc.ca\/fr\/wp-json\/wp\/v2\/comments?post=386"}],"version-history":[{"count":10,"href":"https:\/\/staging.acls-aatc.ca\/fr\/wp-json\/wp\/v2\/pages\/386\/revisions"}],"predecessor-version":[{"id":6000,"href":"https:\/\/staging.acls-aatc.ca\/fr\/wp-json\/wp\/v2\/pages\/386\/revisions\/6000"}],"wp:attachment":[{"href":"https:\/\/staging.acls-aatc.ca\/fr\/wp-json\/wp\/v2\/media?parent=386"}],"curies":[{"name":"wp","href":"https:\/\/api.w.org\/{rel}","templated":true}]}}