{"id":384,"date":"2017-05-26T19:37:18","date_gmt":"2017-05-26T19:37:18","guid":{"rendered":"http:\/\/acls-aatc.tui.ninja\/?page_id=384"},"modified":"2020-11-25T15:44:12","modified_gmt":"2020-11-25T15:44:12","slug":"a-propos-de-laatc","status":"publish","type":"page","link":"https:\/\/staging.acls-aatc.ca\/fr\/a-propos-de-laatc\/","title":{"rendered":"Le mandat de l\u2019AATC"},"content":{"rendered":"<div class=\"region region-content\">\n<div id=\"node-1\" class=\"node node-page clearfix\">\n<div class=\"content\">\n<div class=\"field field-name-body field-type-text-with-summary field-label-hidden\">\n<div class=\"field-items\">\n<div class=\"field-item even\">\n<h1>Mandat<\/h1>\n<p>Le mandat de l\u2019Association des arpenteurs des terres du Canada (AATC) est de r\u00e9glementer et de r\u00e9gir la pratique de l\u2019arpentage sur les terres du Canada et les terres priv\u00e9es des territoires, pour la protection de l\u2019int\u00e9r\u00eat public, conform\u00e9ment \u00e0 la Loi sur les arpenteurs des terres du Canada, LC 1998, c. 14, &#8211; 1998, son R\u00e8glement et ses r\u00e8glements administratifs.<\/p>\n<p>La pratique des membres de l\u2019AATC est surveill\u00e9e par le biais d\u2019un processus d\u2019examen des pratiques, tandis que la conduite et la comp\u00e9tence professionnelles sont soumises \u00e0 des normes \u00e9lev\u00e9es et sujettes \u00e0 enqu\u00eate et arbitrage lorsqu\u2019elles sont mises en question. Le perfectionnement professionnel obligatoire, les exigences en mati\u00e8re de licences et de permis, les exigences minimales en mati\u00e8re d\u2019assurance et la forte surveillance du Conseil sur les aspects r\u00e9glementaires et les activit\u00e9s de l\u2019Association contribuent tous au mandat de protection de l\u2019int\u00e9r\u00eat public.<\/p>\n<h1>Ce que nous sommes<\/h1>\n<p>L\u2019Association a \u00e9t\u00e9 cr\u00e9\u00e9e en vertu d\u2019une loi du Parlement en 1998 conf\u00e9rant un pouvoir d\u2019autor\u00e9glementation complet \u00e0 l\u2019AATC gr\u00e2ce \u00e0 des pouvoirs de r\u00e9glementation sur ses membres, un devoir clair de toujours servir l\u2019int\u00e9r\u00eat public et une surveillance claire de la gouvernance de l\u2019Association par le biais de son Conseil.<\/p>\n<p>L\u2019Association actuelle est la continuation de l\u2019ancienne Association des arpenteurs des terres du Canada, \u00e0 savoir une association cr\u00e9\u00e9e en 1985 pour am\u00e9liorer la pratique de l\u2019arpentage professionnel et des disciplines spatiales connexes, en \u00e9tablissant des normes de qualification, de connaissances, de comp\u00e9tences, d\u2019\u00e9thique et de conduite \u00e0 l\u2019intention de ses membres. Cette association \u00e9tait elle-m\u00eame le prolongement d\u2019autres organismes qui ont exist\u00e9 de temps \u00e0 autre depuis les d\u00e9buts de l\u2019arpentage au Canada.<\/p>\n<p>Aujourd\u2019hui, en vertu des pouvoirs d\u00e9l\u00e9gu\u00e9s par la Loi sur les arpenteurs des terres du Canada, LC 1998, ch. 14 (la Loi), qui est sous l\u2019autorit\u00e9 du ministre de Ressources naturelles Canada, en tant qu\u2019association professionnelle autonome et organisme de r\u00e9glementation, le mandat de l\u2019AATC garantit que les membres sont comp\u00e9tents pour fournir les services que la soci\u00e9t\u00e9 leur a confi\u00e9s et rehausser, dans l\u2019int\u00e9r\u00eat du public, la valeur que la profession apporte \u00e0 ceux qui d\u00e9pendent des services professionnels de nos membres.<\/p>\n<h1>Notre gouvernance<\/h1>\n<p>Le Conseil de l\u2019AATC est compos\u00e9 de membres \u00e9lus et de membres nomm\u00e9s du public. En tant qu\u2019entit\u00e9 de gouvernance de l\u2019AATC, le Conseil s\u2019assure que toutes sortes d\u2019exigences r\u00e9glementaires sont approuv\u00e9es et surveill\u00e9es pour l\u2019admission \u00e0 l\u2019Association, les activit\u00e9s de pratique des membres, la conduite et la comp\u00e9tence, les exigences de permis, les enqu\u00eates et la discipline et plus encore.<\/p>\n<p>Le Conseil a la surveillance ultime de l\u2019AATC en ce qui concerne la gestion des affaires de l\u2019Association, agissant au nom de l\u2019Association, la surveillance r\u00e9glementaire, l\u2019\u00e9tablissement de la strat\u00e9gie de l\u2019organisation, la gestion des risques, l\u2019atteinte des objectifs pr\u00e9vus par la loi et la responsabilit\u00e9 devant le ministre des Ressources naturelles, responsable ultime de la surveillance de la Loi.<\/p>\n<h1>La mesure de notre succ\u00e8s<\/h1>\n<p>L\u2019AATC r\u00e9ussit et la profession elle-m\u00eame r\u00e9ussit, si gr\u00e2ce \u00e0 des normes r\u00e9glementaires appropri\u00e9es, \u00e0 l\u2019\u00e9thique des membres et \u00e0 une surveillance rigoureuse, nous sommes en mesure d\u2019\u00e9lever la confiance et l\u2019estime de la soci\u00e9t\u00e9 envers la profession. Nous r\u00e9ussissons si nous atteignons nos objectifs de mani\u00e8re juste, transparente et \u00e9quitable.<\/p>\n<\/div>\n<\/div>\n<\/div>\n<\/div>\n<\/div>\n<\/div>\n","protected":false},"excerpt":{"rendered":"<p>Mandat Le mandat de l\u2019Association des arpenteurs des terres du Canada (AATC) est de r\u00e9glementer et de r\u00e9gir la pratique de l\u2019arpentage sur les terres du Canada et les terres priv\u00e9es des territoires, pour la protection de l\u2019int\u00e9r\u00eat public, conform\u00e9ment \u00e0 la Loi sur les arpenteurs des terres du Canada, LC 1998, c. 14, &#8211; [&hellip;]<\/p>\n","protected":false},"author":3,"featured_media":0,"parent":0,"menu_order":0,"comment_status":"closed","ping_status":"closed","template":"","meta":{"footnotes":""},"_links":{"self":[{"href":"https:\/\/staging.acls-aatc.ca\/fr\/wp-json\/wp\/v2\/pages\/384"}],"collection":[{"href":"https:\/\/staging.acls-aatc.ca\/fr\/wp-json\/wp\/v2\/pages"}],"about":[{"href":"https:\/\/staging.acls-aatc.ca\/fr\/wp-json\/wp\/v2\/types\/page"}],"author":[{"embeddable":true,"href":"https:\/\/staging.acls-aatc.ca\/fr\/wp-json\/wp\/v2\/users\/3"}],"replies":[{"embeddable":true,"href":"https:\/\/staging.acls-aatc.ca\/fr\/wp-json\/wp\/v2\/comments?post=384"}],"version-history":[{"count":9,"href":"https:\/\/staging.acls-aatc.ca\/fr\/wp-json\/wp\/v2\/pages\/384\/revisions"}],"predecessor-version":[{"id":8910,"href":"https:\/\/staging.acls-aatc.ca\/fr\/wp-json\/wp\/v2\/pages\/384\/revisions\/8910"}],"wp:attachment":[{"href":"https:\/\/staging.acls-aatc.ca\/fr\/wp-json\/wp\/v2\/media?parent=384"}],"curies":[{"name":"wp","href":"https:\/\/api.w.org\/{rel}","templated":true}]}}