{"id":382,"date":"2017-05-26T19:33:29","date_gmt":"2017-05-26T19:33:29","guid":{"rendered":"http:\/\/acls-aatc.tui.ninja\/?page_id=382"},"modified":"2017-06-05T15:50:28","modified_gmt":"2017-06-05T15:50:28","slug":"renumeration-et-avant","status":"publish","type":"page","link":"https:\/\/staging.acls-aatc.ca\/fr\/etudiants\/renumeration-et-avant\/","title":{"rendered":"R\u00e9num\u00e9ration et avant&#8230;"},"content":{"rendered":"<p><span lang=\"FR-CA\" xml:lang=\"FR-CA\">Les arpenteurs-g\u00e9om\u00e8tres ont re\u00e7u une formation d\u2019\u00e9lite, sont bien r\u00e9mun\u00e9r\u00e9s et leur expertise est tr\u00e8s convoit\u00e9e. Les arpenteurs-g\u00e9om\u00e8tres profitent aussi d\u2019autres avantages et peuvent avoir l\u2019occasion de devenir actionnaires d\u2019une firme d\u2019arpentage.<\/span><\/p>\n<p>Les salaires varient consid\u00e9rablement d&#8217;un bout \u00e0 l&#8217;autre du pays et d\u00e9pend si employ\u00e9s d&#8217;organismes gouvernementaux, de soci\u00e9t\u00e9s priv\u00e9es ou de travailleurs ind\u00e9pendants.<\/p>\n<p>Les salaires professionnels des arpenteurs varient de 55 000 $ \u00e0 220 000 $ et plus selon le domaine de pratique et le niveau de responsabilit\u00e9. Les arpenteurs-g\u00e9om\u00e8tres qui poss\u00e8dent leur entreprise ont essentiellement des gains illimit\u00e9s.<\/p>\n<p>&nbsp;<\/p>\n","protected":false},"excerpt":{"rendered":"<p>Les arpenteurs-g\u00e9om\u00e8tres ont re\u00e7u une formation d\u2019\u00e9lite, sont bien r\u00e9mun\u00e9r\u00e9s et leur expertise est tr\u00e8s convoit\u00e9e. Les arpenteurs-g\u00e9om\u00e8tres profitent aussi d\u2019autres avantages et peuvent avoir l\u2019occasion de devenir actionnaires d\u2019une firme d\u2019arpentage. Les salaires varient consid\u00e9rablement d&#8217;un bout \u00e0 l&#8217;autre du pays et d\u00e9pend si employ\u00e9s d&#8217;organismes gouvernementaux, de soci\u00e9t\u00e9s priv\u00e9es ou de travailleurs ind\u00e9pendants. [&hellip;]<\/p>\n","protected":false},"author":3,"featured_media":0,"parent":835,"menu_order":8,"comment_status":"closed","ping_status":"closed","template":"","meta":{"footnotes":""},"_links":{"self":[{"href":"https:\/\/staging.acls-aatc.ca\/fr\/wp-json\/wp\/v2\/pages\/382"}],"collection":[{"href":"https:\/\/staging.acls-aatc.ca\/fr\/wp-json\/wp\/v2\/pages"}],"about":[{"href":"https:\/\/staging.acls-aatc.ca\/fr\/wp-json\/wp\/v2\/types\/page"}],"author":[{"embeddable":true,"href":"https:\/\/staging.acls-aatc.ca\/fr\/wp-json\/wp\/v2\/users\/3"}],"replies":[{"embeddable":true,"href":"https:\/\/staging.acls-aatc.ca\/fr\/wp-json\/wp\/v2\/comments?post=382"}],"version-history":[{"count":2,"href":"https:\/\/staging.acls-aatc.ca\/fr\/wp-json\/wp\/v2\/pages\/382\/revisions"}],"predecessor-version":[{"id":772,"href":"https:\/\/staging.acls-aatc.ca\/fr\/wp-json\/wp\/v2\/pages\/382\/revisions\/772"}],"up":[{"embeddable":true,"href":"https:\/\/staging.acls-aatc.ca\/fr\/wp-json\/wp\/v2\/pages\/835"}],"wp:attachment":[{"href":"https:\/\/staging.acls-aatc.ca\/fr\/wp-json\/wp\/v2\/media?parent=382"}],"curies":[{"name":"wp","href":"https:\/\/api.w.org\/{rel}","templated":true}]}}