{"id":378,"date":"2017-05-26T15:14:32","date_gmt":"2017-05-26T15:14:32","guid":{"rendered":"http:\/\/acls-aatc.tui.ninja\/?page_id=378"},"modified":"2021-09-30T20:01:37","modified_gmt":"2021-09-30T20:01:37","slug":"examens","status":"publish","type":"page","link":"https:\/\/staging.acls-aatc.ca\/fr\/etudiants\/examens\/","title":{"rendered":"Examens"},"content":{"rendered":"<p>Depuis la mise en \u0153uvre de l&#8217;Entente de reconnaissance mutuelle pour la mobilit\u00e9 de la main-d\u2019\u0153uvre, l\u2019AATC a deux voies pour l&#8217;obtention d\u2019un brevet d\u2019a.t.C. Pour une description compl\u00e8te des examens, mat\u00e9riel didactique recommand\u00e9 et des explications d\u00e9taill\u00e9es sur les proc\u00e9dures d&#8217;examen, s&#8217;il vous pla\u00eet t\u00e9l\u00e9charger le <a href=\"https:\/\/staging.acls-aatc.ca\/fr\/etudiants\/examens\/manuel-candidat-20-05-04-002\/\" rel=\"attachment wp-att-8303\">Manuel Candidat.<\/a><\/p>\n<p>En r\u00e9sum\u00e9, les candidats ne d\u00e9tenant pas un brevet d&#8217;arpenteur-g\u00e9om\u00e8tre provincial doivent subir trois examens portant sur les sujets suivants.<\/p>\n<ul>\n<li>P1 \u2013 \u00ab\u00a0Lois et r\u00e8glements et Normes nationales pour l\u2019arpentage des terres du Canada\u00a0\u00bb<\/li>\n<li>P2 A \u2013 \u00ab\u00a0Droits fonciers sur les terres du Canada\u00a0\u00bb<\/li>\n<li>P2 B- \u00ab\u00a0R\u00e9gimes fonciers en zone extrac\u00f4ti\u00e8re\u00a0\u00bb<\/li>\n<li>P3 \u2013 \u00ab\u00a0Droits de propri\u00e9t\u00e9 autochtones et autres sujets\u00a0\u00bb<\/li>\n<\/ul>\n<p>Les examens sont dispens\u00e9s en ligne sur demande.\u00a0 Allez \u00e0 la page des formulaires pour trouver le formulaire d\u2019inscription aux examens.<\/p>\n<p>Les candidats d\u00e9tenant un brevet d&#8217;arpenteur-g\u00e9om\u00e8tre dans une province doivent passer l&#8217;examen professionnel en ligne sur demande de 4 heures qui porte sur les sujets suivants:<\/p>\n<ul>\n<li>\u00ab\u00a0Lois, r\u00e8glements et Normes nationales pour l\u2019arpentage des terres du Canada\u00a0\u00bb<\/li>\n<li>\u00ab\u00a0R\u00e9gimes des droits fonciers\u00a0\u00bb\n<ul>\n<li>\u00ab\u00a0sur terre\u00a0\u00bb<\/li>\n<li>\u00ab\u00a0extrac\u00f4tiers\u00a0\u00bb<\/li>\n<\/ul>\n<\/li>\n<li>\u00ab\u00a0Sujets autochtones\u00a0\u00bb<\/li>\n<\/ul>\n<p>L&#8217;examen est s\u00e9par\u00e9 en 4 modules individuels qui peuvent \u00eatre \u00e9crits \u00e0 diff\u00e9rents moments.<\/p>\n<p>Pour vous inscrire \u00e0 un examen en ligne, s&#8217;il vous pla\u00eet voir la section des formulaires du site web <a href=\"https:\/\/staging.acls-aatc.ca\/fr\/membres-acceuil-2\/formulaires-2\/\">ici<\/a>.<\/p>\n<p><strong><span style=\"color: #800000;\"><a style=\"color: #800000;\" href=\"https:\/\/staging.acls-aatc.ca\/fr\/quest-ce-quun-arpenteurs-des-terres-du-canada\/vous-souhaitez-devenir-arpenteur-des-terres-du-canada\/manuel-candidat-20-04-29\/\" rel=\"attachment wp-att-8620\">Guide du Candidat<\/a><\/span><\/strong><\/p>\n","protected":false},"excerpt":{"rendered":"<p>Depuis la mise en \u0153uvre de l&#8217;Entente de reconnaissance mutuelle pour la mobilit\u00e9 de la main-d\u2019\u0153uvre, l\u2019AATC a deux voies pour l&#8217;obtention d\u2019un brevet d\u2019a.t.C. Pour une description compl\u00e8te des examens, mat\u00e9riel didactique recommand\u00e9 et des explications d\u00e9taill\u00e9es sur les proc\u00e9dures d&#8217;examen, s&#8217;il vous pla\u00eet t\u00e9l\u00e9charger le Manuel Candidat. En r\u00e9sum\u00e9, les candidats ne d\u00e9tenant [&hellip;]<\/p>\n","protected":false},"author":3,"featured_media":0,"parent":835,"menu_order":4,"comment_status":"closed","ping_status":"closed","template":"","meta":{"footnotes":""},"_links":{"self":[{"href":"https:\/\/staging.acls-aatc.ca\/fr\/wp-json\/wp\/v2\/pages\/378"}],"collection":[{"href":"https:\/\/staging.acls-aatc.ca\/fr\/wp-json\/wp\/v2\/pages"}],"about":[{"href":"https:\/\/staging.acls-aatc.ca\/fr\/wp-json\/wp\/v2\/types\/page"}],"author":[{"embeddable":true,"href":"https:\/\/staging.acls-aatc.ca\/fr\/wp-json\/wp\/v2\/users\/3"}],"replies":[{"embeddable":true,"href":"https:\/\/staging.acls-aatc.ca\/fr\/wp-json\/wp\/v2\/comments?post=378"}],"version-history":[{"count":18,"href":"https:\/\/staging.acls-aatc.ca\/fr\/wp-json\/wp\/v2\/pages\/378\/revisions"}],"predecessor-version":[{"id":11024,"href":"https:\/\/staging.acls-aatc.ca\/fr\/wp-json\/wp\/v2\/pages\/378\/revisions\/11024"}],"up":[{"embeddable":true,"href":"https:\/\/staging.acls-aatc.ca\/fr\/wp-json\/wp\/v2\/pages\/835"}],"wp:attachment":[{"href":"https:\/\/staging.acls-aatc.ca\/fr\/wp-json\/wp\/v2\/media?parent=378"}],"curies":[{"name":"wp","href":"https:\/\/api.w.org\/{rel}","templated":true}]}}