{"id":18863,"date":"2022-11-18T18:22:58","date_gmt":"2022-11-18T18:22:58","guid":{"rendered":"https:\/\/www.acls-aatc.ca\/?page_id=18863"},"modified":"2022-11-18T18:22:58","modified_gmt":"2022-11-18T18:22:58","slug":"documents-de-candidature","status":"publish","type":"page","link":"https:\/\/staging.acls-aatc.ca\/fr\/expertise-extracotier\/documents-de-candidature\/","title":{"rendered":"Documents de candidature"},"content":{"rendered":"<h4>Syst\u00e8me international de certification des hydrographes de l\u2019AATC<\/h4>\n<ul>\n<li>SICH AATC Manuel du candidatee\u00a0<a href=\"https:\/\/www.acls-aatc.ca\/wp-content\/uploads\/2022\/06\/SICH-AATC-Manuel-du-Candidat_V10.pdf\">(PDF)<\/a><\/li>\n<li>SICH AATC Formulaire d\u2019inscription\u00a0<a href=\"https:\/\/www.acls-aatc.ca\/wp-content\/uploads\/2022\/07\/SICH_AATC_Inscription_V5.docx\">(WORD)<\/a><\/li>\n<li>SICH AATC Liste de contr\u00f4le d\u2019inscription\u00a0<a href=\"https:\/\/www.acls-aatc.ca\/wp-content\/uploads\/2022\/07\/SICH_AATC_Liste_de_controle_Inscription_V7.docx\">(WORD<\/a>)<\/li>\n<li>SICH AATC Instructions pour l\u2019inscription\u00a0<a href=\"https:\/\/www.acls-aatc.ca\/wp-content\/uploads\/2022\/07\/SICH-AATC-Instructions-d-inscription-V9.pdf\">(PDF)<\/a><\/li>\n<li>SICH AATC Questionnaire d\u2019auto-\u00e9valuation\u00a0<a href=\"https:\/\/www.acls-aatc.ca\/wp-content\/uploads\/2022\/06\/SIHC-AATC-Questionnaire-dauto-evaluation.docx\">(WORD)<\/a><\/li>\n<li>SICH AATC Journal d\u2019exp\u00e9rience pour inscription initiale\u00a0<a href=\"https:\/\/www.acls-aatc.ca\/wp-content\/uploads\/2022\/07\/SICH-AATC-Journal-d-experience-initial-V10.docx\">(WORD)<\/a><\/li>\n<li>SICH AATC R\u00e9sum\u00e9 du journal d\u2019exp\u00e9rience\u00a0<a href=\"https:\/\/www.acls-aatc.ca\/wp-content\/uploads\/2022\/09\/SICH-AATC-Resume-du-journal-d-experience-V7.docx\">(WORD)<\/a><\/li>\n<li>SICH AATC Instructions pour le journal d\u2019exp\u00e9rience\u00a0<a href=\"https:\/\/www.acls-aatc.ca\/wp-content\/uploads\/2022\/07\/SIHC-AATC-Instruction-Journal-d-experience-V10-1.pdf\">(PDF)<\/a><\/li>\n<li>SICH AATC Formulaire pour les cours maritimes ou \u00e9quivalents\u00a0<a href=\"https:\/\/www.acls-aatc.ca\/wp-content\/uploads\/2022\/07\/SICH-AATC-Cours-maritimes-ou-equivalents-V8.docx\">(WORD)<\/a><\/li>\n<li>SICH AATC Demande d\u2019approbation de rapport de projet\u00a0<a href=\"https:\/\/www.acls-aatc.ca\/wp-content\/uploads\/2022\/07\/SICH-AATC-Approbation-de-rapport-projet-V5.docx\">(WORD)<\/a><\/li>\n<li>SICH AATC Lignes directrices pour les rapports de projet\u00a0<a href=\"https:\/\/www.acls-aatc.ca\/wp-content\/uploads\/2022\/07\/SICH-AATC-Rapport-de-projet_Lignes-directrices-V7.pdf\">(PDF)<\/a><\/li>\n<li>SICH AATC Journal d\u2019exp\u00e9rience pour HEC\u00a0<a href=\"https:\/\/www.acls-aatc.ca\/wp-content\/uploads\/2022\/07\/SICH-AATC-Journal-d-experience-HEC-V2.pdf\">(PDF)<\/a><\/li>\n<li>SICH AATC R\u00e9sum\u00e9 du journal d\u2019exp\u00e9rience pour HEC\u00a0<a href=\"https:\/\/www.acls-aatc.ca\/wp-content\/uploads\/2022\/07\/SICH-AATC-Resume-du-journal-d-experience-HEC-V5.docx\">(WORD)<\/a><\/li>\n<li>SICH AATC Instructions pour le journal d\u2019exp\u00e9rience d\u2019HEC\u00a0<a href=\"https:\/\/www.acls-aatc.ca\/wp-content\/uploads\/2022\/07\/SIHC-AATC-Instruction-Journal-d-experience-HEC-V2.pdf\">(PDF)<\/a><\/li>\n<li>SICH AATC Affirmation solennelle\u00a0<a href=\"https:\/\/www.acls-aatc.ca\/wp-content\/uploads\/2022\/07\/SICH-AATC-Affirmation-Solennelle-V6.docx\">(WORD)<\/a><\/li>\n<li>SICH AATC Formulaire de renouvellement\u00a0<a href=\"https:\/\/www.acls-aatc.ca\/wp-content\/uploads\/2022\/07\/SICH-AATC-Formulaire-renouvellement-V4.docx\">(WORD)<\/a><\/li>\n<li>SICH AATC Journal d\u2019exp\u00e9rience pour le renouvellement\u00a0<a href=\"https:\/\/www.acls-aatc.ca\/wp-content\/uploads\/2022\/07\/SICH-AATC-Journal-d-experience-renouvellement-V10-1.docx\">(WORD)<\/a><\/li>\n<\/ul>\n<p><a href=\"https:\/\/www.acls-aatc.ca\/wp-content\/uploads\/2022\/11\/E2-Leves-hydrog-avances-resultats-d-appr.pdf\">E2 Lev\u00e9s hydrog avanc\u00e9s r\u00e9sultats d appr<\/a><\/p>\n<p>Veuillez soumettre les candidatures au registraire: <a href=\"mailto:registrar@acls-aatc.ca\">registrar@acls-aatc.ca<\/a><\/p>\n","protected":false},"excerpt":{"rendered":"<p>Syst\u00e8me international de certification des hydrographes de l\u2019AATC SICH AATC Manuel du candidatee\u00a0(PDF) SICH AATC Formulaire d\u2019inscription\u00a0(WORD) SICH AATC Liste de contr\u00f4le d\u2019inscription\u00a0(WORD) SICH AATC Instructions pour l\u2019inscription\u00a0(PDF) SICH AATC Questionnaire d\u2019auto-\u00e9valuation\u00a0(WORD) SICH AATC Journal d\u2019exp\u00e9rience pour inscription initiale\u00a0(WORD) SICH AATC R\u00e9sum\u00e9 du journal d\u2019exp\u00e9rience\u00a0(WORD) SICH AATC Instructions pour le journal d\u2019exp\u00e9rience\u00a0(PDF) SICH AATC Formulaire [&hellip;]<\/p>\n","protected":false},"author":3,"featured_media":0,"parent":499,"menu_order":0,"comment_status":"closed","ping_status":"closed","template":"","meta":{"footnotes":""},"_links":{"self":[{"href":"https:\/\/staging.acls-aatc.ca\/fr\/wp-json\/wp\/v2\/pages\/18863"}],"collection":[{"href":"https:\/\/staging.acls-aatc.ca\/fr\/wp-json\/wp\/v2\/pages"}],"about":[{"href":"https:\/\/staging.acls-aatc.ca\/fr\/wp-json\/wp\/v2\/types\/page"}],"author":[{"embeddable":true,"href":"https:\/\/staging.acls-aatc.ca\/fr\/wp-json\/wp\/v2\/users\/3"}],"replies":[{"embeddable":true,"href":"https:\/\/staging.acls-aatc.ca\/fr\/wp-json\/wp\/v2\/comments?post=18863"}],"version-history":[{"count":1,"href":"https:\/\/staging.acls-aatc.ca\/fr\/wp-json\/wp\/v2\/pages\/18863\/revisions"}],"predecessor-version":[{"id":18866,"href":"https:\/\/staging.acls-aatc.ca\/fr\/wp-json\/wp\/v2\/pages\/18863\/revisions\/18866"}],"up":[{"embeddable":true,"href":"https:\/\/staging.acls-aatc.ca\/fr\/wp-json\/wp\/v2\/pages\/499"}],"wp:attachment":[{"href":"https:\/\/staging.acls-aatc.ca\/fr\/wp-json\/wp\/v2\/media?parent=18863"}],"curies":[{"name":"wp","href":"https:\/\/api.w.org\/{rel}","templated":true}]}}