{"id":1830,"date":"2017-07-05T10:48:28","date_gmt":"2017-07-05T14:48:28","guid":{"rendered":"https:\/\/www.acls-aatc.ca\/?page_id=1830\/"},"modified":"2017-07-10T13:37:53","modified_gmt":"2017-07-10T17:37:53","slug":"expertise-autochtone","status":"publish","type":"page","link":"https:\/\/staging.acls-aatc.ca\/fr\/expertise-autochtone\/","title":{"rendered":"Expertise autochtone"},"content":{"rendered":"<p>Depuis 1874, les arpenteurs des terres du Canada ont \u00e9t\u00e9 impliqu\u00e9s de pr\u00e8s dans le d\u00e9veloppement des ressources nationales et atteignent maintenant un nouveau niveau de maturit\u00e9 dans leurs relations avec les peuples autochtones du Canada. Aujourd&#8217;hui, on s&#8217;attend que les membres de l&#8217;AATC\u00a0 \u00e9tudient les probl\u00e8mes des gouvernements autochtones comme condition pr\u00e9alable \u00e0 la qualification et de nombreux ATC font des efforts suppl\u00e9mentaires pour harmoniser une relation entre les croyances autochtones traditionnelles et les pratiques contemporaines de gestion des terres. Avec une appr\u00e9ciation compl\u00e8te de l&#8217;environnement de l&#8217;administration fonci\u00e8re des clients et des exigences uniques, l&#8217;arpenteur des terres du Canada peut proposer des solutions r\u00e9pondant aux besoins imm\u00e9diats ainsi que les objectifs \u00e0 long terme.<\/p>\n<p>L&#8217;AATC et ses membres sont une ressource d\u00e9di\u00e9e aux organisations autochtones nationales, aux conseils tribaux r\u00e9gionaux, aux conseils de bande locaux et \u00e0 leurs gestionnaires des terres, des ressources et des logements, des services SIG et des propri\u00e9taires individuels. L&#8217;ATC peut int\u00e9grer les services d&#8217;arpentage avec d&#8217;autres professionnels, y compris les ing\u00e9nieurs, les avocats, les conseillers environnementaux, les gestionnaires de ressources, les promoteurs fonciers et les repr\u00e9sentants des organismes gouvernementaux locaux, provinciaux et nationaux.<\/p>\n<p>L&#8217;Association a fait preuve de leadership dans ce domaine en aidant <a href=\"http:\/\/www.angta.ca\/\">l&#8217;Association nationale des gestionnaires de terres autochtones (ANGTA)<\/a> \u00e0 mettre en place son programme de certification pour les gestionnaires de terres autochtones. L&#8217;AATC a \u00e9galement \u00e9tablit des relations de travail avec <a href=\"http:\/\/www.afn.ca\/fr\">l&#8217;Assembl\u00e9e des Premi\u00e8res Nations<\/a> et le <a href=\"https:\/\/labrc.com\/home\/\">Centre de ressources pour la gestion des terres des premi\u00e8res nations inc.<\/a><\/p>\n<p>La Direction de l&#8217;arpenteur g\u00e9n\u00e9rale a men\u00e9 une recherche exhaustive sur les droits de propri\u00e9t\u00e9 sur les terres autochtones au Canada et a publi\u00e9 les rapports suivants et, en tant que service \u00e0 nos partenaires autochtones, peut \u00eatre t\u00e9l\u00e9charg\u00e9 \u00e0 partir de ce site Web:<\/p>\n<p><a href=\"https:\/\/www.acls-aatc.ca\/files\/english\/aboriginal\/Ballantyne-Dobbin_report.pdf\">Options pour l&#8217;enregistrement des terres et les syst\u00e8mes d&#8217;arpentage sur les terres autochtones au Canada.<\/a><\/p>\n<p><a href=\"https:\/\/www.acls-aatc.ca\/files\/english\/aboriginal\/HAL%20Study.PDF\">Revue sociale et \u00e9conomique de l&#8217;impact des syst\u00e8mes d&#8217;enqu\u00eate et d&#8217;enregistrement des terres sur les terres du Canada<\/a><\/p>\n","protected":false},"excerpt":{"rendered":"<p>Depuis 1874, les arpenteurs des terres du Canada ont \u00e9t\u00e9 impliqu\u00e9s de pr\u00e8s dans le d\u00e9veloppement des ressources nationales et atteignent maintenant un nouveau niveau de maturit\u00e9 dans leurs relations avec les peuples autochtones du Canada. Aujourd&#8217;hui, on s&#8217;attend que les membres de l&#8217;AATC\u00a0 \u00e9tudient les probl\u00e8mes des gouvernements autochtones comme condition pr\u00e9alable \u00e0 la [&hellip;]<\/p>\n","protected":false},"author":3,"featured_media":0,"parent":0,"menu_order":0,"comment_status":"closed","ping_status":"closed","template":"","meta":{"footnotes":""},"_links":{"self":[{"href":"https:\/\/staging.acls-aatc.ca\/fr\/wp-json\/wp\/v2\/pages\/1830"}],"collection":[{"href":"https:\/\/staging.acls-aatc.ca\/fr\/wp-json\/wp\/v2\/pages"}],"about":[{"href":"https:\/\/staging.acls-aatc.ca\/fr\/wp-json\/wp\/v2\/types\/page"}],"author":[{"embeddable":true,"href":"https:\/\/staging.acls-aatc.ca\/fr\/wp-json\/wp\/v2\/users\/3"}],"replies":[{"embeddable":true,"href":"https:\/\/staging.acls-aatc.ca\/fr\/wp-json\/wp\/v2\/comments?post=1830"}],"version-history":[{"count":5,"href":"https:\/\/staging.acls-aatc.ca\/fr\/wp-json\/wp\/v2\/pages\/1830\/revisions"}],"predecessor-version":[{"id":1866,"href":"https:\/\/staging.acls-aatc.ca\/fr\/wp-json\/wp\/v2\/pages\/1830\/revisions\/1866"}],"wp:attachment":[{"href":"https:\/\/staging.acls-aatc.ca\/fr\/wp-json\/wp\/v2\/media?parent=1830"}],"curies":[{"name":"wp","href":"https:\/\/api.w.org\/{rel}","templated":true}]}}