{"id":1754,"date":"2017-06-27T16:55:07","date_gmt":"2017-06-27T20:55:07","guid":{"rendered":"https:\/\/www.acls-aatc.ca\/?page_id=1754\/"},"modified":"2019-07-18T14:14:00","modified_gmt":"2019-07-18T18:14:00","slug":"gestion-integree-des-terres","status":"publish","type":"page","link":"https:\/\/staging.acls-aatc.ca\/fr\/expertise-autochtone\/gestion-integree-des-terres\/","title":{"rendered":"Gestion int\u00e9gr\u00e9e des terres"},"content":{"rendered":"<p><em>Am\u00e9liorer la valeur des actifs autochtones en identifiant les occasions de d\u00e9veloppement \u00e9conomique, en faisant valoir les partenariats, par la gestion des actifs communautaires et en modernisant la gestion des terres.<\/em><\/p>\n<p>Cette extrait est tir\u00e9 du rapport annuel 2013-2014 de l\u2019Association des arpenteurs des terres du Canada.<\/p>\n<p>Vers une gestion int\u00e9gr\u00e9e des terres pour le d\u00e9veloppement \u00e9conomique durable des terres des premi\u00e8res nations.<\/p>\n<p>Le sous-comit\u00e9 de la gestion int\u00e9gr\u00e9e des terres a \u00e9t\u00e9 \u00e9tablit sous la direction du comit\u00e9 de liaison autochtones pour travailler \u00e0 am\u00e9liorer et documenter les meilleurs pratiques sur la gestion des terres autochtones qui comprend l&#8217;int\u00e9gration des connaissances et de l\u2019expertise sur l&#8217;enregistrement des terres, l\u2019arpentage, la planification, les SIG et l&#8217;ing\u00e9nierie.<\/p>\n<p>Une approche int\u00e9gr\u00e9e de la gestion des terres va supporter l&#8217;utilisation des terres d&#8217;une fa\u00e7on efficace et durable qui facilitera le development socio-\u00e9conomique sur les terres autochtones, et supportera le cadre F\u00e9d\u00e9rale pour le development \u00e9conomique autochtones.<\/p>\n<p>Si vous avez des questions sur le processus de la gestion des terres sur les terres autochtones, svp entrez votre question dans le la bo\u00eete ci-dessous. La question sera envoyer au groupe de revision de la GIT. Assurez-vous d&#8217;inclure votre adresse courriel.<\/p>\n\n<div class=\"wpcf7 no-js\" id=\"wpcf7-f1756-o1\" lang=\"en-US\" dir=\"ltr\">\n<div class=\"screen-reader-response\"><p role=\"status\" aria-live=\"polite\" aria-atomic=\"true\"><\/p> <ul><\/ul><\/div>\n<form action=\"\/fr\/wp-json\/wp\/v2\/pages\/1754#wpcf7-f1756-o1\" method=\"post\" class=\"wpcf7-form init\" aria-label=\"Contact form\" novalidate=\"novalidate\" data-status=\"init\">\n<div style=\"display: none;\">\n<input type=\"hidden\" name=\"_wpcf7\" value=\"1756\" \/>\n<input type=\"hidden\" name=\"_wpcf7_version\" value=\"5.8.4\" \/>\n<input type=\"hidden\" name=\"_wpcf7_locale\" value=\"en_US\" \/>\n<input type=\"hidden\" name=\"_wpcf7_unit_tag\" value=\"wpcf7-f1756-o1\" \/>\n<input type=\"hidden\" name=\"_wpcf7_container_post\" value=\"0\" \/>\n<input type=\"hidden\" name=\"_wpcf7_posted_data_hash\" value=\"\" \/>\n<input type=\"hidden\" name=\"_wpcf7_recaptcha_response\" value=\"\" \/>\n<\/div>\n<p><label> Votre nom (requis)<br \/>\n<span class=\"wpcf7-form-control-wrap\" data-name=\"your-name\"><input size=\"40\" class=\"wpcf7-form-control wpcf7-text wpcf7-validates-as-required\" aria-required=\"true\" aria-invalid=\"false\" value=\"\" type=\"text\" name=\"your-name\" \/><\/span> <\/label>\n<\/p>\n<p><label> Votre adresse courriel (requis)<br \/>\n<span class=\"wpcf7-form-control-wrap\" data-name=\"your-email\"><input size=\"40\" class=\"wpcf7-form-control wpcf7-email wpcf7-validates-as-required wpcf7-text wpcf7-validates-as-email\" aria-required=\"true\" aria-invalid=\"false\" value=\"\" type=\"email\" name=\"your-email\" \/><\/span> <\/label>\n<\/p>\n<p><label> Ins\u00e9rez votre question ici<br \/>\n<span class=\"wpcf7-form-control-wrap\" data-name=\"your-message\"><textarea cols=\"40\" rows=\"10\" class=\"wpcf7-form-control wpcf7-textarea\" aria-invalid=\"false\" name=\"your-message\"><\/textarea><\/span> <\/label><br \/>\n<span class=\"wpcf7-form-control-wrap recaptcha\" data-name=\"recaptcha\"><span data-sitekey=\"6LdB8aUZAAAAAD1C0o6yEWbK20uvB3cvJjbzapY1\" class=\"wpcf7-form-control wpcf7-recaptcha g-recaptcha\"><\/span>\r\n<noscript>\r\n\t<div class=\"grecaptcha-noscript\">\r\n\t\t<iframe loading=\"lazy\" src=\"https:\/\/www.recaptcha.net\/recaptcha\/api\/fallback?k=6LdB8aUZAAAAAD1C0o6yEWbK20uvB3cvJjbzapY1\" frameborder=\"0\" scrolling=\"no\" width=\"310\" height=\"430\">\r\n\t\t<\/iframe>\r\n\t\t<textarea name=\"g-recaptcha-response\" rows=\"3\" cols=\"40\" placeholder=\"reCaptcha Response Here\">\r\n\t\t<\/textarea>\r\n\t<\/div>\r\n<\/noscript>\r\n<\/span><br \/>\n<input class=\"wpcf7-form-control wpcf7-submit has-spinner\" type=\"submit\" value=\"Soumettre\" \/>\n<\/p><p style=\"display: none !important;\" class=\"akismet-fields-container\" data-prefix=\"_wpcf7_ak_\"><label>&#916;<textarea name=\"_wpcf7_ak_hp_textarea\" cols=\"45\" rows=\"8\" maxlength=\"100\"><\/textarea><\/label><input type=\"hidden\" id=\"ak_js_1\" name=\"_wpcf7_ak_js\" value=\"71\"\/><script>document.getElementById( \"ak_js_1\" ).setAttribute( \"value\", ( new Date() ).getTime() );<\/script><\/p><div class=\"wpcf7-response-output\" aria-hidden=\"true\"><\/div>\n<\/form>\n<\/div>\n\n<p>Votre question sera \u00e9tudi\u00e9e par un groupe d&#8217;arpenteurs-g\u00e9om\u00e8tres, ing\u00e9nieurs, plannificateurs, SIGP, gestionnaires de terres and des experts en enregistrement des terres.<\/p>\n<p>&nbsp;<\/p>\n","protected":false},"excerpt":{"rendered":"<p>Am\u00e9liorer la valeur des actifs autochtones en identifiant les occasions de d\u00e9veloppement \u00e9conomique, en faisant valoir les partenariats, par la gestion des actifs communautaires et en modernisant la gestion des terres. Cette extrait est tir\u00e9 du rapport annuel 2013-2014 de l\u2019Association des arpenteurs des terres du Canada. Vers une gestion int\u00e9gr\u00e9e des terres pour le [&hellip;]<\/p>\n","protected":false},"author":3,"featured_media":0,"parent":1830,"menu_order":0,"comment_status":"closed","ping_status":"closed","template":"","meta":{"footnotes":""},"_links":{"self":[{"href":"https:\/\/staging.acls-aatc.ca\/fr\/wp-json\/wp\/v2\/pages\/1754"}],"collection":[{"href":"https:\/\/staging.acls-aatc.ca\/fr\/wp-json\/wp\/v2\/pages"}],"about":[{"href":"https:\/\/staging.acls-aatc.ca\/fr\/wp-json\/wp\/v2\/types\/page"}],"author":[{"embeddable":true,"href":"https:\/\/staging.acls-aatc.ca\/fr\/wp-json\/wp\/v2\/users\/3"}],"replies":[{"embeddable":true,"href":"https:\/\/staging.acls-aatc.ca\/fr\/wp-json\/wp\/v2\/comments?post=1754"}],"version-history":[{"count":6,"href":"https:\/\/staging.acls-aatc.ca\/fr\/wp-json\/wp\/v2\/pages\/1754\/revisions"}],"predecessor-version":[{"id":1829,"href":"https:\/\/staging.acls-aatc.ca\/fr\/wp-json\/wp\/v2\/pages\/1754\/revisions\/1829"}],"up":[{"embeddable":true,"href":"https:\/\/staging.acls-aatc.ca\/fr\/wp-json\/wp\/v2\/pages\/1830"}],"wp:attachment":[{"href":"https:\/\/staging.acls-aatc.ca\/fr\/wp-json\/wp\/v2\/media?parent=1754"}],"curies":[{"name":"wp","href":"https:\/\/api.w.org\/{rel}","templated":true}]}}