{"id":1438,"date":"2017-06-12T14:17:38","date_gmt":"2017-06-12T14:17:38","guid":{"rendered":"http:\/\/acls-aatc.tui.ninja\/?page_id=1438\/"},"modified":"2022-01-10T19:31:27","modified_gmt":"2022-01-10T19:31:27","slug":"programme-de-certification-des-hydrographes-du-canada","status":"publish","type":"page","link":"https:\/\/staging.acls-aatc.ca\/fr\/expertise-extracotier\/programme-de-certification-des-hydrographes-du-canada\/","title":{"rendered":"Programme international de certification des hydrographes"},"content":{"rendered":"<p>L\u2019Association arpenteurs des terres du Canada (AATC), en collaboration avec <a href=\"https:\/\/hydrography.ca\/fr\/\">L\u2019Association canadienne d\u2019hydrographie<\/a> (ACH) a mis au point un mod\u00e8le de certification pour les hydrographes qui a \u00e9t\u00e9 officiellement agr\u00e9e par le Comit\u00e9 international FIG-OHI-ACI sur les normes de comp\u00e9tence pour les hydrographes et les sp\u00e9cialistes en cartographie marine (IBSC) en avril 2016 et est maintenant pr\u00eat \u00e0 recevoir des demandes.<\/p>\n<p>Le programme de l\u2019AATC est le second mod\u00e8le \u00e0 recevoir cette reconnaissance au monde et est con\u00e7u pour promouvoir la formation des cat\u00e9gories A et B agr\u00e9\u00e9s par l\u2019IBSC au Canada, tout en standardisant les exigences et connaissances requises pour les personnes poss\u00e9dant une formation et de l\u2019exp\u00e9rience non agr\u00e9\u00e9es en hydrographie.<\/p>\n<p>Le programme de l\u2019AATC comporte deux niveaux de certification. Le premier niveau pour les gestionnaires et chefs de projets et le deuxi\u00e8me niveau pour les techniciens. Chaque niveau comporte des itin\u00e9raires vari\u00e9s pour obtenir la certification. Il y a des itin\u00e9raires disponibles dans les niveaux 1 et 2 pour les individus ne d\u00e9tenant pas la formation de cat\u00e9gories A ou B agr\u00e9\u00e9s par l\u2019IBSC. Le programme de certification de l\u2019AATC est ouvert aux hydrographes et arpenteurs extrac\u00f4tiers tant d\u00e9tenteurs que non-d\u00e9tenteurs de brevets au Canada et de l\u2019\u00e9tranger.<\/p>\n<p>La certification hydrographique est d\u00e9sir\u00e9e par l\u2019industrie, car elle\u00a0:<\/p>\n<ul>\n<li>Fournit un cheminement de carri\u00e8re formellement reconnu et structur\u00e9 pour les hydrographes, plus particuli\u00e8rement ceux du secteur priv\u00e9.<\/li>\n<li>\u00c9tablit une attente d&#8217;expertise et de comp\u00e9tence.<\/li>\n<li>Fournit un catalyseur pour encourager les universit\u00e9s canadiennes \u00e0 obtenir un agr\u00e9ment international de leurs programmes de formation hydrographique.<\/li>\n<li>R\u00e9duit le risque associ\u00e9 \u00e0 la fourniture de services hydrographiques au public par des personnes non qualifi\u00e9es et inexp\u00e9riment\u00e9es.<\/li>\n<li>Accommode le niveau de responsabilit\u00e9 accru accord\u00e9 aux hydrographes.<\/li>\n<li>Accro\u00eet la disponibilit\u00e9 de services qualifi\u00e9s dans le secteur priv\u00e9.<\/li>\n<\/ul>\n<p>Pour obtenir des informations compl\u00e8tes sur le programme, t\u00e9l\u00e9chargez une copie du <a href=\"https:\/\/staging.acls-aatc.ca\/fr\/formulaires-non-membres\/pchc-manuel-du-candidate-v20-dec-2020-2\/\" rel=\"attachment wp-att-9841\">PCHC Manuel du Candidate<\/a> et pour les formulaires n\u00e9cessaires pour postuler pour le programme, allez \u00e0 la page &#8220;Formulaires&#8221;.<\/p>\n<p>Prenez note qu\u2019\u00e0 partir du 1er avril 2022, les fournisseurs de services hydrographiques du gouvernement du Canada soumis \u00e0 l\u2019accord d\u2019approvisionnement de services hydrographiques devront retenir les services d\u2019un hydrographe certifi\u00e9 (HC) ou d\u2019un technicien en hydrographie certifi\u00e9 (TechHC) ou d\u00e9tenir un autre certificat approuv\u00e9 r\u00e9ciproquement par l\u2019Association des arpenteurs des terres du Canada (AATC).<\/p>\n<p>&nbsp;<\/p>\n<p><a href=\"https:\/\/staging.acls-aatc.ca\/fr\/expertise-extracotier\/programme-de-certification-des-hydrographes-du-canada\/chalogo_300_2inch-002-2\/\" rel=\"attachment wp-att-13117\"><img loading=\"lazy\" decoding=\"async\" class=\"alignnone wp-image-13117\" src=\"https:\/\/www.acls-aatc.ca\/wp-content\/uploads\/2022\/01\/CHAlogo_300_2inch-002-297x300.jpg\" alt=\"\" width=\"154\" height=\"156\" srcset=\"https:\/\/staging.acls-aatc.ca\/wp-content\/uploads\/2022\/01\/CHAlogo_300_2inch-002-297x300.jpg 297w, https:\/\/staging.acls-aatc.ca\/wp-content\/uploads\/2022\/01\/CHAlogo_300_2inch-002-100x100.jpg 100w, https:\/\/staging.acls-aatc.ca\/wp-content\/uploads\/2022\/01\/CHAlogo_300_2inch-002.jpg 600w\" sizes=\"(max-width: 154px) 100vw, 154px\" \/><\/a><\/p>\n","protected":false},"excerpt":{"rendered":"<p>L\u2019Association arpenteurs des terres du Canada (AATC), en collaboration avec L\u2019Association canadienne d\u2019hydrographie (ACH) a mis au point un mod\u00e8le de certification pour les hydrographes qui a \u00e9t\u00e9 officiellement agr\u00e9e par le Comit\u00e9 international FIG-OHI-ACI sur les normes de comp\u00e9tence pour les hydrographes et les sp\u00e9cialistes en cartographie marine (IBSC) en avril 2016 et est [&hellip;]<\/p>\n","protected":false},"author":3,"featured_media":0,"parent":499,"menu_order":0,"comment_status":"closed","ping_status":"closed","template":"","meta":{"footnotes":""},"_links":{"self":[{"href":"https:\/\/staging.acls-aatc.ca\/fr\/wp-json\/wp\/v2\/pages\/1438"}],"collection":[{"href":"https:\/\/staging.acls-aatc.ca\/fr\/wp-json\/wp\/v2\/pages"}],"about":[{"href":"https:\/\/staging.acls-aatc.ca\/fr\/wp-json\/wp\/v2\/types\/page"}],"author":[{"embeddable":true,"href":"https:\/\/staging.acls-aatc.ca\/fr\/wp-json\/wp\/v2\/users\/3"}],"replies":[{"embeddable":true,"href":"https:\/\/staging.acls-aatc.ca\/fr\/wp-json\/wp\/v2\/comments?post=1438"}],"version-history":[{"count":22,"href":"https:\/\/staging.acls-aatc.ca\/fr\/wp-json\/wp\/v2\/pages\/1438\/revisions"}],"predecessor-version":[{"id":13122,"href":"https:\/\/staging.acls-aatc.ca\/fr\/wp-json\/wp\/v2\/pages\/1438\/revisions\/13122"}],"up":[{"embeddable":true,"href":"https:\/\/staging.acls-aatc.ca\/fr\/wp-json\/wp\/v2\/pages\/499"}],"wp:attachment":[{"href":"https:\/\/staging.acls-aatc.ca\/fr\/wp-json\/wp\/v2\/media?parent=1438"}],"curies":[{"name":"wp","href":"https:\/\/api.w.org\/{rel}","templated":true}]}}