{"id":10267,"date":"2021-07-22T14:52:57","date_gmt":"2021-07-22T14:52:57","guid":{"rendered":"https:\/\/www.acls-aatc.ca\/?page_id=10267"},"modified":"2021-07-22T14:52:57","modified_gmt":"2021-07-22T14:52:57","slug":"normes-pour-des-leves-hydrographiques","status":"publish","type":"page","link":"https:\/\/staging.acls-aatc.ca\/fr\/expertise-extracotier\/normes-pour-des-leves-hydrographiques\/","title":{"rendered":"Normes pour des lev\u00e9s hydrographiques"},"content":{"rendered":"<p>L&#8217; OHI <a href=\"https:\/\/iho.int\/uploads\/user\/pubs\/standards\/s-44\/S-44_Edition_6.0.0_EN.pdf\"><em>Normes pour les lev\u00e9s hydrographiques<\/em><\/a><\/p>\n<p>Pr\u00e9par\u00e9 par: L&#8217;ORGANISATION HYDROGRAPHIQUE INTERNATIONALE<\/p>\n<p><a href=\"https:\/\/charts.gc.ca\/documents\/data-gestion\/standards-normes\/standards-normes-2021-fra.pdf\">NORMES POUR LES LEV\u00c9S HYDROGRAPHIQUES<\/a><\/p>\n<p>Pr\u00e9par\u00e9 par : Service hydrographique du Canada<br \/>\nP\u00eaches et Oc\u00e9ans Canada<\/p>\n","protected":false},"excerpt":{"rendered":"<p>L&#8217; OHI Normes pour les lev\u00e9s hydrographiques Pr\u00e9par\u00e9 par: L&#8217;ORGANISATION HYDROGRAPHIQUE INTERNATIONALE NORMES POUR LES LEV\u00c9S HYDROGRAPHIQUES Pr\u00e9par\u00e9 par : Service hydrographique du Canada P\u00eaches et Oc\u00e9ans Canada<\/p>\n","protected":false},"author":3,"featured_media":0,"parent":499,"menu_order":0,"comment_status":"closed","ping_status":"closed","template":"","meta":{"footnotes":""},"_links":{"self":[{"href":"https:\/\/staging.acls-aatc.ca\/fr\/wp-json\/wp\/v2\/pages\/10267"}],"collection":[{"href":"https:\/\/staging.acls-aatc.ca\/fr\/wp-json\/wp\/v2\/pages"}],"about":[{"href":"https:\/\/staging.acls-aatc.ca\/fr\/wp-json\/wp\/v2\/types\/page"}],"author":[{"embeddable":true,"href":"https:\/\/staging.acls-aatc.ca\/fr\/wp-json\/wp\/v2\/users\/3"}],"replies":[{"embeddable":true,"href":"https:\/\/staging.acls-aatc.ca\/fr\/wp-json\/wp\/v2\/comments?post=10267"}],"version-history":[{"count":1,"href":"https:\/\/staging.acls-aatc.ca\/fr\/wp-json\/wp\/v2\/pages\/10267\/revisions"}],"predecessor-version":[{"id":10268,"href":"https:\/\/staging.acls-aatc.ca\/fr\/wp-json\/wp\/v2\/pages\/10267\/revisions\/10268"}],"up":[{"embeddable":true,"href":"https:\/\/staging.acls-aatc.ca\/fr\/wp-json\/wp\/v2\/pages\/499"}],"wp:attachment":[{"href":"https:\/\/staging.acls-aatc.ca\/fr\/wp-json\/wp\/v2\/media?parent=10267"}],"curies":[{"name":"wp","href":"https:\/\/api.w.org\/{rel}","templated":true}]}}