{"id":10208,"date":"2021-07-13T12:47:28","date_gmt":"2021-07-13T12:47:28","guid":{"rendered":"https:\/\/www.acls-aatc.ca\/?page_id=10208"},"modified":"2021-07-13T12:48:35","modified_gmt":"2021-07-13T12:48:35","slug":"titulaires-de-permis","status":"publish","type":"page","link":"https:\/\/staging.acls-aatc.ca\/fr\/titulaires-de-permis\/","title":{"rendered":"Titulaires de permis"},"content":{"rendered":"\n<table id=\"tablepress-33\" class=\"tablepress tablepress-id-33\">\n<thead>\n<tr class=\"row-1\">\n\t<th class=\"column-1\">Entity Name<\/th><th class=\"column-2\">Permit Number<\/th>\n<\/tr>\n<\/thead>\n<tbody class=\"row-striping row-hover\">\n<tr class=\"row-2\">\n\t<td class=\"column-1\">3D Land Surveying Inc.<\/td><td class=\"column-2\">441<\/td>\n<\/tr>\n<tr class=\"row-3\">\n\t<td class=\"column-1\">A.J. Clarke &amp; Associates Ltd.<\/td><td class=\"column-2\">210<\/td>\n<\/tr>\n<tr class=\"row-4\">\n\t<td class=\"column-1\">AG360, arpenteurs-g\u00e9om\u00e8tres inc.<\/td><td class=\"column-2\">470<\/td>\n<\/tr>\n<tr class=\"row-5\">\n\t<td class=\"column-1\">All-Can Engineering &amp; Surveys (1976) Ltd.<\/td><td class=\"column-2\">119<\/td>\n<\/tr>\n<tr class=\"row-6\">\n\t<td class=\"column-1\">Allnorth Land Surveyors<\/td><td class=\"column-2\">333<\/td>\n<\/tr>\n<tr class=\"row-7\">\n\t<td class=\"column-1\">AllTerra Land Surveying Ltd<\/td><td class=\"column-2\">359<\/td>\n<\/tr>\n<tr class=\"row-8\">\n\t<td class=\"column-1\">Amar Surveys Ltd.<\/td><td class=\"column-2\">295<\/td>\n<\/tr>\n<tr class=\"row-9\">\n\t<td class=\"column-1\">Annis O'Sullivan Vollebekk Ltd.<\/td><td class=\"column-2\">436<\/td>\n<\/tr>\n<tr class=\"row-10\">\n\t<td class=\"column-1\">Aplin &amp; Martin Geomatics Land Surveying Ltd<\/td><td class=\"column-2\">458<\/td>\n<\/tr>\n<tr class=\"row-11\">\n\t<td class=\"column-1\">Archibald, Gray &amp; McKay Ltd.<\/td><td class=\"column-2\">302<\/td>\n<\/tr>\n<tr class=\"row-12\">\n\t<td class=\"column-1\">Attwood Surveys Limited<\/td><td class=\"column-2\">376<\/td>\n<\/tr>\n<tr class=\"row-13\">\n\t<td class=\"column-1\">Axis Land Surveying Ltd.<\/td><td class=\"column-2\">366<\/td>\n<\/tr>\n<tr class=\"row-14\">\n\t<td class=\"column-1\">B. Davison Surveying &amp; Engineering Ltd.<\/td><td class=\"column-2\">357<\/td>\n<\/tr>\n<tr class=\"row-15\">\n\t<td class=\"column-1\">B.D. Sansom Land Surveying Inc.<\/td><td class=\"column-2\">401<\/td>\n<\/tr>\n<tr class=\"row-16\">\n\t<td class=\"column-1\">Balchen &amp; Kulchycki Surveys<\/td><td class=\"column-2\">094<\/td>\n<\/tr>\n<tr class=\"row-17\">\n\t<td class=\"column-1\">Barnes &amp; Duncan Land Surveying and Geomatics<\/td><td class=\"column-2\">286<\/td>\n<\/tr>\n<tr class=\"row-18\">\n\t<td class=\"column-1\">Bazett Land Surveying Inc.<\/td><td class=\"column-2\">085<\/td>\n<\/tr>\n<tr class=\"row-19\">\n\t<td class=\"column-1\">Beairsto &amp; Associates Engineering and Survey Ltd.<\/td><td class=\"column-2\">467<\/td>\n<\/tr>\n<tr class=\"row-20\">\n\t<td class=\"column-1\">Bennett Land Surveying Ltd.<\/td><td class=\"column-2\">311<\/td>\n<\/tr>\n<tr class=\"row-21\">\n\t<td class=\"column-1\">Brown, Okamura &amp; Associates Ltd.<\/td><td class=\"column-2\">020<\/td>\n<\/tr>\n<tr class=\"row-22\">\n\t<td class=\"column-1\">Browne Johnson Land Surveyors<\/td><td class=\"column-2\">051<\/td>\n<\/tr>\n<tr class=\"row-23\">\n\t<td class=\"column-1\">Caltech Surveys Ltd.<\/td><td class=\"column-2\">013<\/td>\n<\/tr>\n<tr class=\"row-24\">\n\t<td class=\"column-1\">Canadrill Ltd.<\/td><td class=\"column-2\">460<\/td>\n<\/tr>\n<tr class=\"row-25\">\n\t<td class=\"column-1\">Caouette, Th\u00e9riault et Renaud inc.<\/td><td class=\"column-2\">298<\/td>\n<\/tr>\n<tr class=\"row-26\">\n\t<td class=\"column-1\">CAP Engineering<\/td><td class=\"column-2\">321<\/td>\n<\/tr>\n<tr class=\"row-27\">\n\t<td class=\"column-1\">Challenger Geomatics Ltd.<\/td><td class=\"column-2\">208<\/td>\n<\/tr>\n<tr class=\"row-28\">\n\t<td class=\"column-1\">CIMA Geomatics Land Surveying Inc<\/td><td class=\"column-2\">369<\/td>\n<\/tr>\n<tr class=\"row-29\">\n\t<td class=\"column-1\">Compass Geomatics Ltd.<\/td><td class=\"column-2\">387<\/td>\n<\/tr>\n<tr class=\"row-30\">\n\t<td class=\"column-1\">CORE Geomatics Group Inc.<\/td><td class=\"column-2\">378<\/td>\n<\/tr>\n<tr class=\"row-31\">\n\t<td class=\"column-1\">Corriveau J.L. et Ass. Inc.<\/td><td class=\"column-2\">265<\/td>\n<\/tr>\n<tr class=\"row-32\">\n\t<td class=\"column-1\">Courchesne-Fortin a.-g. inc.<\/td><td class=\"column-2\">423<\/td>\n<\/tr>\n<tr class=\"row-33\">\n\t<td class=\"column-1\">D.S. Urso Surveying Ltd.<\/td><td class=\"column-2\">176<\/td>\n<\/tr>\n<tr class=\"row-34\">\n\t<td class=\"column-1\">Dearden &amp; Stanton Ltd.<\/td><td class=\"column-2\">142<\/td>\n<\/tr>\n<tr class=\"row-35\">\n\t<td class=\"column-1\">Deetrin Geomatics Ltd.<\/td><td class=\"column-2\">474<\/td>\n<\/tr>\n<tr class=\"row-36\">\n\t<td class=\"column-1\">Derek A. French Professional Services Inc.<\/td><td class=\"column-2\">370<\/td>\n<\/tr>\n<tr class=\"row-37\">\n\t<td class=\"column-1\">DeWolfe &amp; Morse Surveying Ltd.<\/td><td class=\"column-2\">428<\/td>\n<\/tr>\n<tr class=\"row-38\">\n\t<td class=\"column-1\">Dinsmore &amp; England Ltd.<\/td><td class=\"column-2\">371<\/td>\n<\/tr>\n<tr class=\"row-39\">\n\t<td class=\"column-1\">DOF Subsea Canada Corp.<\/td><td class=\"column-2\">320<\/td>\n<\/tr>\n<tr class=\"row-40\">\n\t<td class=\"column-1\">Donevan Fleischmann Petrich Ltd.<\/td><td class=\"column-2\">402<\/td>\n<\/tr>\n<tr class=\"row-41\">\n\t<td class=\"column-1\">Eaton Land Surveying<\/td><td class=\"column-2\">343<\/td>\n<\/tr>\n<tr class=\"row-42\">\n\t<td class=\"column-1\">Ecce Terra Arpentage-G\u00e9omatique Etc Inc.<\/td><td class=\"column-2\">440<\/td>\n<\/tr>\n<tr class=\"row-43\">\n\t<td class=\"column-1\">Ecora Land Surveying Inc. <\/td><td class=\"column-2\">473<\/td>\n<\/tr>\n<tr class=\"row-44\">\n\t<td class=\"column-1\">Edwards &amp; Associates Limited<\/td><td class=\"column-2\">149<\/td>\n<\/tr>\n<tr class=\"row-45\">\n\t<td class=\"column-1\">Eric Choini\u00e8re, arpenteur g\u00e9om\u00e8tre Inc.<\/td><td class=\"column-2\">465<\/td>\n<\/tr>\n<tr class=\"row-46\">\n\t<td class=\"column-1\">Explore Geomatics Inc.<\/td><td class=\"column-2\">455<\/td>\n<\/tr>\n<tr class=\"row-47\">\n\t<td class=\"column-1\">Exton &amp; Dodge Land Surveying Inc.<\/td><td class=\"column-2\">008<\/td>\n<\/tr>\n<tr class=\"row-48\">\n\t<td class=\"column-1\">Farley, Smith &amp; Denis Surveying Ltd.<\/td><td class=\"column-2\">140<\/td>\n<\/tr>\n<tr class=\"row-49\">\n\t<td class=\"column-1\">Ferguson Land Surveying &amp; Geomatics Ltd.<\/td><td class=\"column-2\">337<\/td>\n<\/tr>\n<tr class=\"row-50\">\n\t<td class=\"column-1\">Fugro Geosurveys<\/td><td class=\"column-2\">154<\/td>\n<\/tr>\n<tr class=\"row-51\">\n\t<td class=\"column-1\">Garry Temple Surveys Limited<\/td><td class=\"column-2\">299<\/td>\n<\/tr>\n<tr class=\"row-52\">\n\t<td class=\"column-1\">G\u00e9olocation Inc.<\/td><td class=\"column-2\">065<\/td>\n<\/tr>\n<tr class=\"row-53\">\n\t<td class=\"column-1\">GeoVerra Inc.<\/td><td class=\"column-2\">459<\/td>\n<\/tr>\n<tr class=\"row-54\">\n\t<td class=\"column-1\">Girard Tremblay Gilbert Nadeau Martineau Inc.<\/td><td class=\"column-2\">430<\/td>\n<\/tr>\n<tr class=\"row-55\">\n\t<td class=\"column-1\">Global Raymac Surveys Inc.<\/td><td class=\"column-2\">364<\/td>\n<\/tr>\n<tr class=\"row-56\">\n\t<td class=\"column-1\">Groupe Barbe &amp; Robidoux.SAT inc.<\/td><td class=\"column-2\">373<\/td>\n<\/tr>\n<tr class=\"row-57\">\n\t<td class=\"column-1\">Groupe Cadoret, Arpenteur-G\u00e9om\u00e8tre Inc.<\/td><td class=\"column-2\">310<\/td>\n<\/tr>\n<tr class=\"row-58\">\n\t<td class=\"column-1\">Groupe Civitas inc.<\/td><td class=\"column-2\">431<\/td>\n<\/tr>\n<tr class=\"row-59\">\n\t<td class=\"column-1\">Groupe Tipaikan inc.<\/td><td class=\"column-2\">466<\/td>\n<\/tr>\n<tr class=\"row-60\">\n\t<td class=\"column-1\">Hagen Surveys (1982) Ltd.<\/td><td class=\"column-2\">332<\/td>\n<\/tr>\n<tr class=\"row-61\">\n\t<td class=\"column-1\">Haggerty Surveys Ltd.<\/td><td class=\"column-2\">475<\/td>\n<\/tr>\n<tr class=\"row-62\">\n\t<td class=\"column-1\">Halma Thompson Land Surveys Ltd.<\/td><td class=\"column-2\">410<\/td>\n<\/tr>\n<tr class=\"row-63\">\n\t<td class=\"column-1\">Hamilton &amp; Olsen Surveys Ltd.<\/td><td class=\"column-2\">179<\/td>\n<\/tr>\n<tr class=\"row-64\">\n\t<td class=\"column-1\">HBH Land Surveying Inc.<\/td><td class=\"column-2\">317<\/td>\n<\/tr>\n<tr class=\"row-65\">\n\t<td class=\"column-1\">Highmark Land Surveying and Engineering Ltd.<\/td><td class=\"column-2\">425<\/td>\n<\/tr>\n<tr class=\"row-66\">\n\t<td class=\"column-1\">HinterLand Surveying &amp; Geomatics Inc.<\/td><td class=\"column-2\">247<\/td>\n<\/tr>\n<tr class=\"row-67\">\n\t<td class=\"column-1\">Hobbs, Winter &amp; MacDonald<\/td><td class=\"column-2\">079<\/td>\n<\/tr>\n<tr class=\"row-68\">\n\t<td class=\"column-1\">Hughes Surveys &amp; Consultants Inc.<\/td><td class=\"column-2\">224<\/td>\n<\/tr>\n<tr class=\"row-69\">\n\t<td class=\"column-1\">IBI Geomatics Inc.<\/td><td class=\"column-2\">456<\/td>\n<\/tr>\n<tr class=\"row-70\">\n\t<td class=\"column-1\">Inukshuk Geomatics Ltd.<\/td><td class=\"column-2\">207<\/td>\n<\/tr>\n<tr class=\"row-71\">\n\t<td class=\"column-1\">Isaac &amp; Denchuk Manitoba Lands Surveyors Ltd.<\/td><td class=\"column-2\">476<\/td>\n<\/tr>\n<tr class=\"row-72\">\n\t<td class=\"column-1\">Ivan B. Wallace Ontario Land Surveyors Ltd.<\/td><td class=\"column-2\">453<\/td>\n<\/tr>\n<tr class=\"row-73\">\n\t<td class=\"column-1\">J.D. Barnes Ltd.<\/td><td class=\"column-2\">067<\/td>\n<\/tr>\n<tr class=\"row-74\">\n\t<td class=\"column-1\">J.E. Anderson &amp; Associates<\/td><td class=\"column-2\">426<\/td>\n<\/tr>\n<tr class=\"row-75\">\n\t<td class=\"column-1\">Jules J. Breau et Fils Lt\u00e9e\/Jules J. Breau and Son Ltd.<\/td><td class=\"column-2\">360<\/td>\n<\/tr>\n<tr class=\"row-76\">\n\t<td class=\"column-1\">Kenyon Wilson Professional Land Surveyors<\/td><td class=\"column-2\">127<\/td>\n<\/tr>\n<tr class=\"row-77\">\n\t<td class=\"column-1\">Kierstead Quigley &amp; Roberts Ltd.<\/td><td class=\"column-2\">260<\/td>\n<\/tr>\n<tr class=\"row-78\">\n\t<td class=\"column-1\">Legault Trudeau, arpenteurs-g\u00e9om\u00e8tres inc.<\/td><td class=\"column-2\">415<\/td>\n<\/tr>\n<tr class=\"row-79\">\n\t<td class=\"column-1\">LW Surveys Canada ULC<\/td><td class=\"column-2\">445<\/td>\n<\/tr>\n<tr class=\"row-80\">\n\t<td class=\"column-1\">MacAulay, White &amp; Muir Ltd.<\/td><td class=\"column-2\">181<\/td>\n<\/tr>\n<tr class=\"row-81\">\n\t<td class=\"column-1\">Maidment Land Surveys<\/td><td class=\"column-2\">243<\/td>\n<\/tr>\n<tr class=\"row-82\">\n\t<td class=\"column-1\">Mandarin Surveyors Limited<\/td><td class=\"column-2\">354<\/td>\n<\/tr>\n<tr class=\"row-83\">\n\t<td class=\"column-1\">Mandeville Land Surveying Inc.<\/td><td class=\"column-2\">388<\/td>\n<\/tr>\n<tr class=\"row-84\">\n\t<td class=\"column-1\">Mario Sarrazin, Arpenteur-g\u00e9om\u00e8tre<\/td><td class=\"column-2\">396<\/td>\n<\/tr>\n<tr class=\"row-85\">\n\t<td class=\"column-1\">Marker Geomatics Inc.<\/td><td class=\"column-2\">408<\/td>\n<\/tr>\n<tr class=\"row-86\">\n\t<td class=\"column-1\">Martin Geomatic Consultants Ltd.<\/td><td class=\"column-2\">103<\/td>\n<\/tr>\n<tr class=\"row-87\">\n\t<td class=\"column-1\">McElhanney  Ltd.<\/td><td class=\"column-2\">448<\/td>\n<\/tr>\n<tr class=\"row-88\">\n\t<td class=\"column-1\">McElhanney Associates Land Surveying Ltd.<\/td><td class=\"column-2\">367<\/td>\n<\/tr>\n<tr class=\"row-89\">\n\t<td class=\"column-1\">Measurement Sciences Inc.<\/td><td class=\"column-2\">394<\/td>\n<\/tr>\n<tr class=\"row-90\">\n\t<td class=\"column-1\">Meldrum Surveying Ltd.<\/td><td class=\"column-2\">144<\/td>\n<\/tr>\n<tr class=\"row-91\">\n\t<td class=\"column-1\">Meridian Surveys Ltd<\/td><td class=\"column-2\">312<\/td>\n<\/tr>\n<tr class=\"row-92\">\n\t<td class=\"column-1\">Michael Claxton Land Surveying Inc.<\/td><td class=\"column-2\">284<\/td>\n<\/tr>\n<tr class=\"row-93\">\n\t<td class=\"column-1\">Michael Kidston Land Surveying Ltd.<\/td><td class=\"column-2\">291<\/td>\n<\/tr>\n<tr class=\"row-94\">\n\t<td class=\"column-1\">Midwest Surveys Inc.<\/td><td class=\"column-2\">122<\/td>\n<\/tr>\n<tr class=\"row-95\">\n\t<td class=\"column-1\">Millennium Geomatics Ltd.<\/td><td class=\"column-2\">451<\/td>\n<\/tr>\n<tr class=\"row-96\">\n\t<td class=\"column-1\">Mission Surveys Ltd.<\/td><td class=\"column-2\">463<\/td>\n<\/tr>\n<tr class=\"row-97\">\n\t<td class=\"column-1\">Monteith &amp; Sutherland Ltd.<\/td><td class=\"column-2\">052<\/td>\n<\/tr>\n<tr class=\"row-98\">\n\t<td class=\"column-1\">Morris Geomatics &amp; Engineering Ltd.<\/td><td class=\"column-2\">439<\/td>\n<\/tr>\n<tr class=\"row-99\">\n\t<td class=\"column-1\">N.E. Parrott Surveys Ltd.<\/td><td class=\"column-2\">130<\/td>\n<\/tr>\n<tr class=\"row-100\">\n\t<td class=\"column-1\">Navland Geomatics Inc.<\/td><td class=\"column-2\">281<\/td>\n<\/tr>\n<tr class=\"row-101\">\n\t<td class=\"column-1\">Nooji Geomatics Corp<\/td><td class=\"column-2\">464<\/td>\n<\/tr>\n<tr class=\"row-102\">\n\t<td class=\"column-1\">Northcan Surveys Ltd.<\/td><td class=\"column-2\">124<\/td>\n<\/tr>\n<tr class=\"row-103\">\n\t<td class=\"column-1\">NorthTech Consultants Inc.<\/td><td class=\"column-2\">242<\/td>\n<\/tr>\n<tr class=\"row-104\">\n\t<td class=\"column-1\">Ollerhead &amp; Associates Ltd.<\/td><td class=\"column-2\">010<\/td>\n<\/tr>\n<tr class=\"row-105\">\n\t<td class=\"column-1\">Otipahaskew Consulting (2013) Inc.<\/td><td class=\"column-2\">374<\/td>\n<\/tr>\n<tr class=\"row-106\">\n\t<td class=\"column-1\">P.A. Miller Surveying Ltd.<\/td><td class=\"column-2\">158<\/td>\n<\/tr>\n<tr class=\"row-107\">\n\t<td class=\"column-1\">Pals Geomatics Corp.<\/td><td class=\"column-2\">152<\/td>\n<\/tr>\n<tr class=\"row-108\">\n\t<td class=\"column-1\">Patrick Descarreaux, arpenteur-g\u00e9om\u00e8tre Inc.<\/td><td class=\"column-2\">346<\/td>\n<\/tr>\n<tr class=\"row-109\">\n\t<td class=\"column-1\">Patrick Ringwood Corporation<\/td><td class=\"column-2\">137<\/td>\n<\/tr>\n<tr class=\"row-110\">\n\t<td class=\"column-1\">Polaris Land Surveying Inc.<\/td><td class=\"column-2\">211<\/td>\n<\/tr>\n<tr class=\"row-111\">\n\t<td class=\"column-1\">Pollock &amp; Wright Manitoba Land Surveyors Ltd<\/td><td class=\"column-2\">421<\/td>\n<\/tr>\n<tr class=\"row-112\">\n\t<td class=\"column-1\">Precision Geomatics Inc.<\/td><td class=\"column-2\">184<\/td>\n<\/tr>\n<tr class=\"row-113\">\n\t<td class=\"column-1\">Quantum Geomatics Ltd.<\/td><td class=\"column-2\">447<\/td>\n<\/tr>\n<tr class=\"row-114\">\n\t<td class=\"column-1\">Quest Geomatics Inc.<\/td><td class=\"column-2\">424<\/td>\n<\/tr>\n<tr class=\"row-115\">\n\t<td class=\"column-1\">Raikes Geomatics Inc.<\/td><td class=\"column-2\">461<\/td>\n<\/tr>\n<tr class=\"row-116\">\n\t<td class=\"column-1\">Rayworth &amp; Roberts Surveys Ltd.<\/td><td class=\"column-2\">074<\/td>\n<\/tr>\n<tr class=\"row-117\">\n\t<td class=\"column-1\">Ron M. Jason Surveying Ltd.<\/td><td class=\"column-2\">018<\/td>\n<\/tr>\n<tr class=\"row-118\">\n\t<td class=\"column-1\">Rugged Geomatics Inc.<\/td><td class=\"column-2\">390<\/td>\n<\/tr>\n<tr class=\"row-119\">\n\t<td class=\"column-1\">Russell Shortt Surveys<\/td><td class=\"column-2\">361<\/td>\n<\/tr>\n<tr class=\"row-120\">\n\t<td class=\"column-1\">Sahtu Geomatics Ltd.<\/td><td class=\"column-2\">375<\/td>\n<\/tr>\n<tr class=\"row-121\">\n\t<td class=\"column-1\">Sangha Geomatics &amp; Land Surveying Inc.<\/td><td class=\"column-2\">400<\/td>\n<\/tr>\n<tr class=\"row-122\">\n\t<td class=\"column-1\">Skyline Surveys and Geomatics Ltd.<\/td><td class=\"column-2\">469<\/td>\n<\/tr>\n<tr class=\"row-123\">\n\t<td class=\"column-1\">Stantec Consulting Ltd.<\/td><td class=\"column-2\">262<\/td>\n<\/tr>\n<tr class=\"row-124\">\n\t<td class=\"column-1\">Steven J. Buzikievich Land Surveying Inc.<\/td><td class=\"column-2\">267<\/td>\n<\/tr>\n<tr class=\"row-125\">\n\t<td class=\"column-1\">Stevens Surveys<\/td><td class=\"column-2\">419<\/td>\n<\/tr>\n<tr class=\"row-126\">\n\t<td class=\"column-1\">T.A. Bunker Surveying Ltd.<\/td><td class=\"column-2\">016<\/td>\n<\/tr>\n<tr class=\"row-127\">\n\t<td class=\"column-1\">T.G. Williston Surveys Ltd.<\/td><td class=\"column-2\">093<\/td>\n<\/tr>\n<tr class=\"row-128\">\n\t<td class=\"column-1\">TBT Surveyors Inc.<\/td><td class=\"column-2\">429<\/td>\n<\/tr>\n<tr class=\"row-129\">\n\t<td class=\"column-1\">Thompson Conn Ltd.<\/td><td class=\"column-2\">213<\/td>\n<\/tr>\n<tr class=\"row-130\">\n\t<td class=\"column-1\">Titan Land Surveying<\/td><td class=\"column-2\">449<\/td>\n<\/tr>\n<tr class=\"row-131\">\n\t<td class=\"column-1\">Total Tech Surveying Inc.<\/td><td class=\"column-2\">438<\/td>\n<\/tr>\n<tr class=\"row-132\">\n\t<td class=\"column-1\">TRUE Land Surveying Ltd.<\/td><td class=\"column-2\">435<\/td>\n<\/tr>\n<tr class=\"row-133\">\n\t<td class=\"column-1\">Tryon Land Surveying Ltd.<\/td><td class=\"column-2\">329<\/td>\n<\/tr>\n<tr class=\"row-134\">\n\t<td class=\"column-1\">Tulloch Geomatics Inc.<\/td><td class=\"column-2\">100<\/td>\n<\/tr>\n<tr class=\"row-135\">\n\t<td class=\"column-1\">Underhill &amp; Underhill<\/td><td class=\"column-2\">248<\/td>\n<\/tr>\n<tr class=\"row-136\">\n\t<td class=\"column-1\">Underhill Geomatics Ltd.<\/td><td class=\"column-2\">078<\/td>\n<\/tr>\n<tr class=\"row-137\">\n\t<td class=\"column-1\">Universal Geomatics Solutions Corp.<\/td><td class=\"column-2\">125<\/td>\n<\/tr>\n<tr class=\"row-138\">\n\t<td class=\"column-1\">Urban Systems Ltd.\/Urban Systems Surveys Inc.<\/td><td class=\"column-2\">446<\/td>\n<\/tr>\n<tr class=\"row-139\">\n\t<td class=\"column-1\">Vector Geomatics Land Surveying Ltd.<\/td><td class=\"column-2\">349<\/td>\n<\/tr>\n<tr class=\"row-140\">\n\t<td class=\"column-1\">Velocity Geomatics Inc.<\/td><td class=\"column-2\">383<\/td>\n<\/tr>\n<tr class=\"row-141\">\n\t<td class=\"column-1\">W.E. Hodges Surveys Ltd.<\/td><td class=\"column-2\">135<\/td>\n<\/tr>\n<tr class=\"row-142\">\n\t<td class=\"column-1\">Watson &amp; Barnard<\/td><td class=\"column-2\">096<\/td>\n<\/tr>\n<tr class=\"row-143\">\n\t<td class=\"column-1\">West Geomatics Ltd.<\/td><td class=\"column-2\">462<\/td>\n<\/tr>\n<tr class=\"row-144\">\n\t<td class=\"column-1\">Western Plains Geomatics Corp.<\/td><td class=\"column-2\">412<\/td>\n<\/tr>\n<tr class=\"row-145\">\n\t<td class=\"column-1\">Wood Geomatics Limited<\/td><td class=\"column-2\">437<\/td>\n<\/tr>\n<tr class=\"row-146\">\n\t<td class=\"column-1\">WSP Canada Inc.<\/td><td class=\"column-2\">384<\/td>\n<\/tr>\n<\/tbody>\n<\/table>\n<!-- #tablepress-33 from cache -->\n","protected":false},"excerpt":{"rendered":"","protected":false},"author":3,"featured_media":0,"parent":0,"menu_order":0,"comment_status":"closed","ping_status":"closed","template":"","meta":{"footnotes":""},"_links":{"self":[{"href":"https:\/\/staging.acls-aatc.ca\/fr\/wp-json\/wp\/v2\/pages\/10208"}],"collection":[{"href":"https:\/\/staging.acls-aatc.ca\/fr\/wp-json\/wp\/v2\/pages"}],"about":[{"href":"https:\/\/staging.acls-aatc.ca\/fr\/wp-json\/wp\/v2\/types\/page"}],"author":[{"embeddable":true,"href":"https:\/\/staging.acls-aatc.ca\/fr\/wp-json\/wp\/v2\/users\/3"}],"replies":[{"embeddable":true,"href":"https:\/\/staging.acls-aatc.ca\/fr\/wp-json\/wp\/v2\/comments?post=10208"}],"version-history":[{"count":2,"href":"https:\/\/staging.acls-aatc.ca\/fr\/wp-json\/wp\/v2\/pages\/10208\/revisions"}],"predecessor-version":[{"id":10211,"href":"https:\/\/staging.acls-aatc.ca\/fr\/wp-json\/wp\/v2\/pages\/10208\/revisions\/10211"}],"wp:attachment":[{"href":"https:\/\/staging.acls-aatc.ca\/fr\/wp-json\/wp\/v2\/media?parent=10208"}],"curies":[{"name":"wp","href":"https:\/\/api.w.org\/{rel}","templated":true}]}}